{"id":11462,"date":"2025-02-04T04:25:20","date_gmt":"2025-02-04T03:25:20","guid":{"rendered":"http:\/\/klubmamgdynia.pl\/?post_type=product&#038;p=11462"},"modified":"2026-04-06T01:34:49","modified_gmt":"2026-04-05T23:34:49","slug":"urzadzenie-wielofunkcyjne-hp-deskjet-2710e-aio-instant-ink-26k72b","status":"publish","type":"product","link":"http:\/\/klubmamgdynia.pl\/index.php\/produkt\/urzadzenie-wielofunkcyjne-hp-deskjet-2710e-aio-instant-ink-26k72b\/","title":{"rendered":"Urz\u0105dzenie wielofunkcyjne HP DeskJet 2710e AiO Instant Ink (26K72B)"},"content":{"rendered":"<h2>Urz\u0105dzenie wielofunkcyjne HP DeskJet 2710e AiO Instant Ink (26K72B) HP<\/h2>\n<p>pomys\u0142 na prezent dla nastolatka, jednorozec z dyni, pisanie po \u015bladzie do druku pdf, \u015bmigus dyngus wiersz dla dzieci, quiz psi patrol, prezent dla pi\u0119tnastolatka, farma dyni poznan, kolorowanki dla dziewczynek 10 lat, pola imie, zdania do pisania dla dzieci do wydruku, kolorowanki do druku dla doros\u0142ych, kolorowanka spiderman, gaja imi\u0119, ziemia wyspa zielona tekst, prezent dla nastolatka, nauka pisania wyraz\u00f3w dla dzieci do druku pdf, izabella imi\u0119, kolorowanka piesek do druku, test lew czarownica i stara szafa<\/p>\n<p>yyyyy<\/p>\n<p>&nbsp;<\/p>\n","protected":false},"excerpt":{"rendered":"<p>Urz\u0105dzenie wielofunkcyjne HP DeskJet 2710e AiO Instant Ink (26K72B) HP pomys\u0142 na prezent dla nastolatka, jednorozec z dyni, pisanie po \u015bladzie do druku pdf, \u015bmigus dyngus wiersz dla dzieci, quiz psi patrol, prezent dla pi\u0119tnastolatka, farma dyni poznan, kolorowanki dla dziewczynek 10 lat, pola imie, zdania do pisania dla dzieci do wydruku, kolorowanki do druku [&hellip;]<\/p>\n","protected":false},"featured_media":11463,"comment_status":"closed","ping_status":"open","template":"","meta":[],"product_cat":[2002,2012],"product_tag":[853,644,705,678,692],"class_list":["post-11462","product","type-product","status-publish","has-post-thumbnail","hentry","product_cat-hp","product_cat-urzadzenia-wielofunkcyjne-atramentowe","product_tag-kolorowanki-do-druku-dla-doroslych","product_tag-mia","product_tag-prezent-na-roczek-dla-chlopca","product_tag-prezent-na-roczek-dla-dziewczynki","product_tag-prezenty-na-roczek"],"_links":{"self":[{"href":"http:\/\/klubmamgdynia.pl\/index.php\/wp-json\/wp\/v2\/product\/11462","targetHints":{"allow":["GET"]}}],"collection":[{"href":"http:\/\/klubmamgdynia.pl\/index.php\/wp-json\/wp\/v2\/product"}],"about":[{"href":"http:\/\/klubmamgdynia.pl\/index.php\/wp-json\/wp\/v2\/types\/product"}],"replies":[{"embeddable":true,"href":"http:\/\/klubmamgdynia.pl\/index.php\/wp-json\/wp\/v2\/comments?post=11462"}],"wp:featuredmedia":[{"embeddable":true,"href":"http:\/\/klubmamgdynia.pl\/index.php\/wp-json\/wp\/v2\/media\/11463"}],"wp:attachment":[{"href":"http:\/\/klubmamgdynia.pl\/index.php\/wp-json\/wp\/v2\/media?parent=11462"}],"wp:term":[{"taxonomy":"product_cat","embeddable":true,"href":"http:\/\/klubmamgdynia.pl\/index.php\/wp-json\/wp\/v2\/product_cat?post=11462"},{"taxonomy":"product_tag","embeddable":true,"href":"http:\/\/klubmamgdynia.pl\/index.php\/wp-json\/wp\/v2\/product_tag?post=11462"}],"curies":[{"name":"wp","href":"https:\/\/api.w.org\/{rel}","templated":true}]}}