{"id":11464,"date":"2012-07-03T07:19:29","date_gmt":"2012-07-03T05:19:29","guid":{"rendered":"http:\/\/klubmamgdynia.pl\/index.php\/produkt\/jujutsu-kaisen-podkladka-wzor2-jjk2\/"},"modified":"2026-05-17T22:53:24","modified_gmt":"2026-05-17T20:53:24","slug":"jujutsu-kaisen-podkladka-wzor2-jjk2","status":"publish","type":"product","link":"http:\/\/klubmamgdynia.pl\/index.php\/produkt\/jujutsu-kaisen-podkladka-wzor2-jjk2\/","title":{"rendered":"Jujutsu Kaisen podk\u0142adka wz\u00f3r2 (JJK2)"},"content":{"rendered":"<p>Wielko\u015b\u0107 58mm. Nadruk wysokiej jako\u015bci. Z ty\u0142u umieszczona jest agrafka.<\/p>\n<h2>Jujutsu Kaisen podk\u0142adka wz\u00f3r2 (JJK2) <\/h2>\n<p>zagadki trudne, Keyword, adrian imie, w uk\u0142adzie s\u0142onecznym tekst, czasdzieci krak\u00f3w, atrakcje dla dzieci tr\u00f3jmiasto, kolorowanki dla dzieci do druku, flagi europy quiz, trudne zagadki na inteligencje, prezent dla nastolatk\u00f3w 2021, karty pracy dla dzieci z ukrainy, znaki drogowe quiz, ci\u0119\u017ckie zagadki, quiz bajki, celina, prezenty dla 16 latki, jak namalowa\u0107 psa, \u017carty na prima aprilis dla mamy, cytaty o nauczycielach<\/p>\n<p>yyyyy<\/p>\n<p>&nbsp;<\/p>\n","protected":false},"excerpt":{"rendered":"<p>Wielko\u015b\u0107 58mm. Nadruk wysokiej jako\u015bci. Z ty\u0142u umieszczona jest agrafka. Jujutsu Kaisen podk\u0142adka wz\u00f3r2 (JJK2) zagadki trudne, Keyword, adrian imie, w uk\u0142adzie s\u0142onecznym tekst, czasdzieci krak\u00f3w, atrakcje dla dzieci tr\u00f3jmiasto, kolorowanki dla dzieci do druku, flagi europy quiz, trudne zagadki na inteligencje, prezent dla nastolatk\u00f3w 2021, karty pracy dla dzieci z ukrainy, znaki drogowe quiz, [&hellip;]<\/p>\n","protected":false},"featured_media":11465,"comment_status":"closed","ping_status":"open","template":"","meta":[],"product_cat":[1265],"product_tag":[613,809,701],"class_list":["post-11464","product","type-product","status-publish","has-post-thumbnail","hentry","product_cat-podkladki-pod-myszki-i-klawiatury","product_tag-na-wyspach-bergamutach","product_tag-zagadki","product_tag-zgadywanki-dla-dzieci"],"_links":{"self":[{"href":"http:\/\/klubmamgdynia.pl\/index.php\/wp-json\/wp\/v2\/product\/11464","targetHints":{"allow":["GET"]}}],"collection":[{"href":"http:\/\/klubmamgdynia.pl\/index.php\/wp-json\/wp\/v2\/product"}],"about":[{"href":"http:\/\/klubmamgdynia.pl\/index.php\/wp-json\/wp\/v2\/types\/product"}],"replies":[{"embeddable":true,"href":"http:\/\/klubmamgdynia.pl\/index.php\/wp-json\/wp\/v2\/comments?post=11464"}],"wp:featuredmedia":[{"embeddable":true,"href":"http:\/\/klubmamgdynia.pl\/index.php\/wp-json\/wp\/v2\/media\/11465"}],"wp:attachment":[{"href":"http:\/\/klubmamgdynia.pl\/index.php\/wp-json\/wp\/v2\/media?parent=11464"}],"wp:term":[{"taxonomy":"product_cat","embeddable":true,"href":"http:\/\/klubmamgdynia.pl\/index.php\/wp-json\/wp\/v2\/product_cat?post=11464"},{"taxonomy":"product_tag","embeddable":true,"href":"http:\/\/klubmamgdynia.pl\/index.php\/wp-json\/wp\/v2\/product_tag?post=11464"}],"curies":[{"name":"wp","href":"https:\/\/api.w.org\/{rel}","templated":true}]}}