{"id":11466,"date":"2021-07-13T13:55:20","date_gmt":"2021-07-13T11:55:20","guid":{"rendered":"http:\/\/klubmamgdynia.pl\/index.php\/produkt\/anker-life-note-3-biale-a3933g21\/"},"modified":"2026-04-26T22:50:21","modified_gmt":"2026-04-26T20:50:21","slug":"anker-life-note-3-biale-a3933g21","status":"publish","type":"product","link":"http:\/\/klubmamgdynia.pl\/index.php\/produkt\/anker-life-note-3-biale-a3933g21\/","title":{"rendered":"Anker Life Note 3 bia\u0142e (A3933G21)"},"content":{"rendered":"<p>Informacje o produkciePrzeznaczenie Call centerKonstrukcja NauszneTechnologie BrakKomunikacja bezprzewodowa NieZ\u0142\u0105cza BrakD\u017awi\u0119k MonoKontrola d\u017awi\u0119ku BrakFunkcje bluetooth Nie dotyczyImpedancja 0 \u03a9Pasmo przenoszenia (min.) 0 HzPasmo przenoszenia (maks.) 0 HzCzu\u0142o\u015b\u0107 0 dBMikrofon NieD\u0142ugo\u015b\u0107 przewodu 0 mmZasi\u0119g 0 mmKolor Nie dotyczyWaga 0 kg<\/p>\n<h2>Anker Life Note 3 bia\u0142e (A3933G21) Komputronik<\/h2>\n<p>miriam imie, ach \u015bpij kochanie tekst, opis do zdj\u0119cia dziecka na fb, daniel imie, dla dzieci warszawa, test z lektury magiczne drzewo czerwone krzes\u0142o, prezent dla m\u0142odzie\u017cy, prezent na roczek nie zabawka, test z lektury dzieci z bullerbyn, tupu tup po \u015bniegu tekst, test z tajemniczego ogrodu, walentynka dla syna, atrakcje dla nastolatk\u00f3w warszawa<\/p>\n<p>yyyyy<\/p>\n<p>&nbsp;<\/p>\n","protected":false},"excerpt":{"rendered":"<p>Informacje o produkciePrzeznaczenie Call centerKonstrukcja NauszneTechnologie BrakKomunikacja bezprzewodowa NieZ\u0142\u0105cza BrakD\u017awi\u0119k MonoKontrola d\u017awi\u0119ku BrakFunkcje bluetooth Nie dotyczyImpedancja 0 \u03a9Pasmo przenoszenia (min.) 0 HzPasmo przenoszenia (maks.) 0 HzCzu\u0142o\u015b\u0107 0 dBMikrofon NieD\u0142ugo\u015b\u0107 przewodu 0 mmZasi\u0119g 0 mmKolor Nie dotyczyWaga 0 kg Anker Life Note 3 bia\u0142e (A3933G21) Komputronik miriam imie, ach \u015bpij kochanie tekst, opis do zdj\u0119cia dziecka [&hellip;]<\/p>\n","protected":false},"featured_media":11467,"comment_status":"closed","ping_status":"open","template":"","meta":[],"product_cat":[2020,1951],"product_tag":[781,661,693,724],"class_list":["post-11466","product","type-product","status-publish","has-post-thumbnail","hentry","product_cat-komputronik","product_cat-sluchawki-komputerowe","product_tag-cytaty-o-wychowaniu-dzieci","product_tag-swinka-peppa-kolorowanka","product_tag-zagadki-dla-doroslych","product_tag-zagadki-podchwytliwe"],"_links":{"self":[{"href":"http:\/\/klubmamgdynia.pl\/index.php\/wp-json\/wp\/v2\/product\/11466","targetHints":{"allow":["GET"]}}],"collection":[{"href":"http:\/\/klubmamgdynia.pl\/index.php\/wp-json\/wp\/v2\/product"}],"about":[{"href":"http:\/\/klubmamgdynia.pl\/index.php\/wp-json\/wp\/v2\/types\/product"}],"replies":[{"embeddable":true,"href":"http:\/\/klubmamgdynia.pl\/index.php\/wp-json\/wp\/v2\/comments?post=11466"}],"wp:featuredmedia":[{"embeddable":true,"href":"http:\/\/klubmamgdynia.pl\/index.php\/wp-json\/wp\/v2\/media\/11467"}],"wp:attachment":[{"href":"http:\/\/klubmamgdynia.pl\/index.php\/wp-json\/wp\/v2\/media?parent=11466"}],"wp:term":[{"taxonomy":"product_cat","embeddable":true,"href":"http:\/\/klubmamgdynia.pl\/index.php\/wp-json\/wp\/v2\/product_cat?post=11466"},{"taxonomy":"product_tag","embeddable":true,"href":"http:\/\/klubmamgdynia.pl\/index.php\/wp-json\/wp\/v2\/product_tag?post=11466"}],"curies":[{"name":"wp","href":"https:\/\/api.w.org\/{rel}","templated":true}]}}