{"id":11468,"date":"2025-08-28T05:10:27","date_gmt":"2025-08-28T03:10:27","guid":{"rendered":"http:\/\/klubmamgdynia.pl\/?post_type=product&#038;p=11468"},"modified":"2026-05-01T16:27:00","modified_gmt":"2026-05-01T14:27:00","slug":"djeco-dmuchana-pilka-plazowa-dino-fluo-dinozaury","status":"publish","type":"product","link":"http:\/\/klubmamgdynia.pl\/index.php\/produkt\/djeco-dmuchana-pilka-plazowa-dino-fluo-dinozaury\/","title":{"rendered":"Djeco Dmuchana Pi\u0142ka Pla\u017cowa Dino Fluo Dinozaury"},"content":{"rendered":"<p>Idealny prezent dla mi\u0142o\u015bnik\u00f3w dinozaur\u00f3wPi\u0142ka b\u0119dzie idealnym towarzyszem do gier na \u015bwie\u017cym powietrzu lub do zabawy w wodzie.WYMIARY OPAKOWANIA: 22 x 26,5 x 2 cm\u015aREDNICA PI\u0141KI: 35 cmWIEK: od 3 latPi\u0142ka jest nowa.<\/p>\n<h2>Djeco Dmuchana Pi\u0142ka Pla\u017cowa Dino Fluo Dinozaury Djeco<\/h2>\n<p>wierszyki o wakacjach kr\u00f3tkie, atrakcje warszawa dla dzieci, quiz o akademii pana kleksa, cytaty dla mamy, nauka literek do druku, na roczek dla ch\u0142opca, zagdki, bajki na dobranoc, wiersz na wielkanocnym stole<\/p>\n<p>yyyyy<\/p>\n<p>&nbsp;<\/p>\n","protected":false},"excerpt":{"rendered":"<p>Idealny prezent dla mi\u0142o\u015bnik\u00f3w dinozaur\u00f3wPi\u0142ka b\u0119dzie idealnym towarzyszem do gier na \u015bwie\u017cym powietrzu lub do zabawy w wodzie.WYMIARY OPAKOWANIA: 22 x 26,5 x 2 cm\u015aREDNICA PI\u0141KI: 35 cmWIEK: od 3 latPi\u0142ka jest nowa. Djeco Dmuchana Pi\u0142ka Pla\u017cowa Dino Fluo Dinozaury Djeco wierszyki o wakacjach kr\u00f3tkie, atrakcje warszawa dla dzieci, quiz o akademii pana kleksa, cytaty [&hellip;]<\/p>\n","protected":false},"featured_media":11469,"comment_status":"closed","ping_status":"open","template":"","meta":[],"product_cat":[434,293],"product_tag":[755,663,654,607],"class_list":["post-11468","product","type-product","status-publish","has-post-thumbnail","hentry","product_cat-djeco","product_cat-pilki-dla-dzieci","product_tag-henryk","product_tag-kolorowanki-dla-dzieci-do-druku","product_tag-krotkie-bajki-dla-dzieci-do-czytania","product_tag-zarty-na-prima-aprilis-dla-rodzicow"],"_links":{"self":[{"href":"http:\/\/klubmamgdynia.pl\/index.php\/wp-json\/wp\/v2\/product\/11468","targetHints":{"allow":["GET"]}}],"collection":[{"href":"http:\/\/klubmamgdynia.pl\/index.php\/wp-json\/wp\/v2\/product"}],"about":[{"href":"http:\/\/klubmamgdynia.pl\/index.php\/wp-json\/wp\/v2\/types\/product"}],"replies":[{"embeddable":true,"href":"http:\/\/klubmamgdynia.pl\/index.php\/wp-json\/wp\/v2\/comments?post=11468"}],"wp:featuredmedia":[{"embeddable":true,"href":"http:\/\/klubmamgdynia.pl\/index.php\/wp-json\/wp\/v2\/media\/11469"}],"wp:attachment":[{"href":"http:\/\/klubmamgdynia.pl\/index.php\/wp-json\/wp\/v2\/media?parent=11468"}],"wp:term":[{"taxonomy":"product_cat","embeddable":true,"href":"http:\/\/klubmamgdynia.pl\/index.php\/wp-json\/wp\/v2\/product_cat?post=11468"},{"taxonomy":"product_tag","embeddable":true,"href":"http:\/\/klubmamgdynia.pl\/index.php\/wp-json\/wp\/v2\/product_tag?post=11468"}],"curies":[{"name":"wp","href":"https:\/\/api.w.org\/{rel}","templated":true}]}}