{"id":11470,"date":"2023-11-08T23:35:51","date_gmt":"2023-11-08T22:35:51","guid":{"rendered":"http:\/\/klubmamgdynia.pl\/?post_type=product&#038;p=11470"},"modified":"2026-04-30T02:09:09","modified_gmt":"2026-04-30T00:09:09","slug":"acme-europe-bh317","status":"publish","type":"product","link":"http:\/\/klubmamgdynia.pl\/index.php\/produkt\/acme-europe-bh317\/","title":{"rendered":"Acme Europe BH317"},"content":{"rendered":"<p>ACME BH317 S\u0142uchawki bezprzewodowe Bluetooth wok\u00f3\u0142uszne, kolor piaskowyNie ma nic lepszego ni\u017c cieszenie si\u0119 osobistym koncertem twojego ulubionego zespo\u0142u. Dzi\u0119ki s\u0142uchawkom bezprzewodowym ACME BH317 mo\u017cesz to robi\u0107 nawet przez 60 godzin przy pe\u0142nym na\u0142adowaniu. A je\u015bli i to jest za ma\u0142o, kontynuuj s\u0142uchanie muzyki w trybie pasywnym (port AUX 3,5 mm). Wi\u0119ksze nauszniki oznaczaj\u0105 wi\u0119kszy komfort, ale oznaczaj\u0105 r\u00f3wnie\u017c mniej miejsca w torbie. Nie w tym przypadku! Te mi\u0119kkie s\u0142uchawki pokryte sztuczn\u0105 sk\u00f3r\u0105 mo\u017cna z\u0142o\u017cy\u0107, dzi\u0119ki czemu zajm\u0105 tylko po\u0142ow\u0119 miejsca! A dla dodatkowej wygody dodano do nich funkcj\u0119 odtwarzania\/pauzy. W ten spos\u00f3b nie b\u0119dziesz musia\u0142 r\u0119cznie wstrzymywa\u0107 muzyki, aby szybko zamieni\u0107 kilka s\u0142\u00f3w. Po prostu przekr\u0119ci\u0107 nauszniki do wewn\u0105trz, a muzyka si\u0119 zatrzyma.Nieprzerwane odtwarzanieCiesz si\u0119 do 60 godzin nieprzerwanej muzyki przy pe\u0142nym na\u0142adowaniuPrzekr\u0119\u0107, aby odtworzy\u0107\/wstrzyma\u0107Przekr\u0119cenie nausznik\u00f3w do wewn\u0105trz natychmiast wstrzymuje muzyk\u0119\u0141\u0105czno\u015b\u0107 Bluetooth\u0141atwe bezprzewodowe parowanie z w\u0142\u0105czonymi urz\u0105dzeniamiTryb pasywnyW przypadku roz\u0142adowanej baterii wystarczy pod\u0142\u0105czy\u0107 kabel aux 3,5 mm znajduj\u0105cy si\u0119 w pude\u0142ku i kontynuowa\u0107 s\u0142uchanie muzykiObs\u0142uga jedn\u0105 r\u0119k\u0105\u0141atwa i szybka kontrola odtwarzania muzykiMo\u017cna sk\u0142ada\u0107Zaoszcz\u0119d\u017a miejsce w torbie dzi\u0119ki z\u0142o\u017ceniu s\u0142uchawekPrzycisk wzmocnienia bas\u00f3wDba o to, aby wszystkie bity brzmia\u0142y jak najlepiejWbudowany akumulatorPowala na do 60 godzin s\u0142uchania muzykiWok\u00f3\u0142uszne muszle s\u0142uchawekDelikatnie zakrywaj\u0105 Twoje uszy bez uciskania czy dyskomfortuMultilinkS\u0142uchawki mog\u0105 by\u0107 sparowane z 2 urz\u0105dzeniami jednocze\u015bnie. Koniec z ponownym \u0142\u0105czeniem po przej\u015bciu z telefonu na laptopaInformacje o produkciePrzeznaczenie Telefonia kom\u00f3rkowaTelefonia internetowaMuzykaCall centerKonstrukcja NauszneZ muszlami nausznymiTechnologie Hands-freeKomunikacja bezprzewodowa BluetoothZ\u0142\u0105cza 1 x USB (Type C)3,5 mm combo minijackD\u017awi\u0119k StereoKontrola d\u017awi\u0119ku Odbieranie\/Wyciszanie po\u0142\u0105czeniaRegulacja g\u0142o\u015bno\u015bciFunkcje bluetooth A2DP (Transmisja stereo)AVRCP (Sterowanie bezprzewodowe)MultipointImpedancja 16 \u03a9Pasmo przenoszenia (min.) 20 HzPasmo przenoszenia (maks.) 20000 HzCzu\u0142o\u015b\u0107 0 dBMikrofon TakWbudowanyD\u0142ugo\u015b\u0107 przewodu 120 cmZasi\u0119g 10 mKolor PiaskowyWaga 0.175 kgAkcesoria w zestawie kabel audio z wytykami 3,5mm (120 cm)kabel \u0142aduj\u0105cy USB-A USB-C (35 cm)Pozosta\u0142e parametry Wielko\u015b\u0107 przetwornik\u00f3w: 40 mmPo\u0142\u0105czenia: Typ C, Bluetooth, 3,5 mm AUXWersja Bluetooth: V5.0Zasi\u0119g pracy bezprzewodowej: do 10 mZasilanie: za\u0142\u0105czonym kablem USB-C Typ-C, 5 V DCMikrofon: wbudowany, czu\u0142o\u015b\u0107: 102 +\/-3 dBCzas \u0142adowania: do 1,5 godzinyCzas czuwania: oko\u0142o 1 000 hCzas odtwarzania: do 60 hCzas rozmowy: do 60 hPow\u0142oka poduszek: materia\u0142 sk\u00f3ropodobnyPa\u0142\u0105k na g\u0142ow\u0119: regulowany, sk\u0142adanyFunkcja multiconnect pozwala na pod\u0142\u0105czenie do 2 urz\u0105dze\u0144 jednocze\u015bnie i b\u0142yskawiczne prze\u0142\u0105czanie si\u0119 pomi\u0119dzy nimiDu\u017ce, wygodne muszle zosta\u0142y pokryte mi\u0119kkim materia\u0142em sk\u00f3ropodobnym (sk\u00f3ra ekologiczna)Posiadaj\u0105 umieszczone na muszli s\u0142uchawki pe\u0142ne sterowanie muzyk\u0105 (start\/stop, nast\u0119pny utw\u00f3r\/poprzedni utw\u00f3r) oraz obs\u0142ug\u0119 po\u0142\u0105cze\u0144 telefonicznych oraz (odbieranie\/odrzucanie\/ko\u0144czenie po\u0142\u0105czenia\/wybieranie ostatniego po\u0142\u0105czenia)Mo\u017cna r\u00f3wnie\u017c wywo\u0142ywa\u0107 asystentk\u0119 g\u0142osow\u0105Wbudowany system podbicia bas\u00f3w wzbogaca d\u017awi\u0119k za\u015b technologia wygodnego, b\u0142yskawicznego, automatycznego \u0142\u0105czenia si\u0119 z urz\u0105dzeniem znacz\u0105co zwi\u0119ksza komfort u\u017cytkowania i oszcz\u0119dza czas<\/p>\n<h2>Acme Europe BH317 ACME<\/h2>\n<p>babcia z dziadkiem to jest to tekst, cytat dla mamy, znaczenie imiona pola, traktor z przyczep\u0105 kolorowanka, wiktor, zabawy dla 10 latk\u00f3w, szlaczki do druku, zagadki o zwierz\u0119tach, kalina imi\u0119, marianna, malowanki dla dziewczynek<\/p>\n<p>yyyyy<\/p>\n<p>&nbsp;<\/p>\n","protected":false},"excerpt":{"rendered":"<p>ACME BH317 S\u0142uchawki bezprzewodowe Bluetooth wok\u00f3\u0142uszne, kolor piaskowyNie ma nic lepszego ni\u017c cieszenie si\u0119 osobistym koncertem twojego ulubionego zespo\u0142u. Dzi\u0119ki s\u0142uchawkom bezprzewodowym ACME BH317 mo\u017cesz to robi\u0107 nawet przez 60 godzin przy pe\u0142nym na\u0142adowaniu. A je\u015bli i to jest za ma\u0142o, kontynuuj s\u0142uchanie muzyki w trybie pasywnym (port AUX 3,5 mm). Wi\u0119ksze nauszniki oznaczaj\u0105 wi\u0119kszy [&hellip;]<\/p>\n","protected":false},"featured_media":11471,"comment_status":"closed","ping_status":"open","template":"","meta":[],"product_cat":[1944,1951],"product_tag":[825,585,826,843,675],"class_list":["post-11470","product","type-product","status-publish","has-post-thumbnail","hentry","product_cat-acme","product_cat-sluchawki-komputerowe","product_tag-bajka-na-dobranoc-do-czytania","product_tag-kolorowanki-dla-chlopcow","product_tag-prezent-dla-15-latka","product_tag-smieszne-zagadki-dla-dzieci","product_tag-test-z-lektury-kajko-i-kokosz-szkola-latania"],"_links":{"self":[{"href":"http:\/\/klubmamgdynia.pl\/index.php\/wp-json\/wp\/v2\/product\/11470","targetHints":{"allow":["GET"]}}],"collection":[{"href":"http:\/\/klubmamgdynia.pl\/index.php\/wp-json\/wp\/v2\/product"}],"about":[{"href":"http:\/\/klubmamgdynia.pl\/index.php\/wp-json\/wp\/v2\/types\/product"}],"replies":[{"embeddable":true,"href":"http:\/\/klubmamgdynia.pl\/index.php\/wp-json\/wp\/v2\/comments?post=11470"}],"wp:featuredmedia":[{"embeddable":true,"href":"http:\/\/klubmamgdynia.pl\/index.php\/wp-json\/wp\/v2\/media\/11471"}],"wp:attachment":[{"href":"http:\/\/klubmamgdynia.pl\/index.php\/wp-json\/wp\/v2\/media?parent=11470"}],"wp:term":[{"taxonomy":"product_cat","embeddable":true,"href":"http:\/\/klubmamgdynia.pl\/index.php\/wp-json\/wp\/v2\/product_cat?post=11470"},{"taxonomy":"product_tag","embeddable":true,"href":"http:\/\/klubmamgdynia.pl\/index.php\/wp-json\/wp\/v2\/product_tag?post=11470"}],"curies":[{"name":"wp","href":"https:\/\/api.w.org\/{rel}","templated":true}]}}