{"id":11472,"date":"2022-04-01T08:56:12","date_gmt":"2022-04-01T06:56:12","guid":{"rendered":"http:\/\/klubmamgdynia.pl\/index.php\/produkt\/alexander-logix-0402\/"},"modified":"2026-05-17T23:04:31","modified_gmt":"2026-05-17T21:04:31","slug":"alexander-logix-0402","status":"publish","type":"product","link":"http:\/\/klubmamgdynia.pl\/index.php\/produkt\/alexander-logix-0402\/","title":{"rendered":"Alexander Logix 0402"},"content":{"rendered":"<p>ALEXANDER GRA LOGIX 402 to gra logiczna, przestrzenna gra planszowa, w kt\u00f3rej liczy si\u0119 taktyka, wyobra\u017ania i szcz\u0119\u015bliwy traf. W trakcie gry ka\u017cdy gracz losuje sw\u00f3j tajny kod, kt\u00f3rego wz\u00f3r musi potem u\u0142o\u017cy\u0107 z kolorowych kul na przestrzennej planszy. Uk\u0142adaj\u0105c go, gracz stara si\u0119 jednocze\u015bnie niweczy\u0107 plany przeciwnik\u00f3w. wygra ten, kto potrafi najlepiej przewidywa\u0107 i b\u0119dzie mia\u0142 wi\u0119cej szcz\u0119\u015bcia. Gra w wersji mini. Gra przeznaczona: dla 2 do 4 graczy w wieku powy\u017cej 10 lat Zawarto\u015b\u0107 pude\u0142ka ALEXANDER GRA LOGIX 402: przestrzenna plansza, kule czerwone 6szt., kule zielone 6 szt., kule \u017c\u00f3\u0142te 6 szt., kule niebieskie 6 szt., kule szare 2 szt., kula czarna 1 szt., podstawka do kul., karty kod\u00f3w 16 szt., instrukcjaObecnie ALEXANDER jest licz\u0105cym si\u0119 na rynku polskim producentem gier planszowych i zabawek edukacyjnych.W ofercie ALEXANDER mo\u017cna znale\u017a\u0107 gry takie jak skojarzenia, pami\u0119\u0107, remik s\u0142owny, chi\u0144czyk czy ko\u015bci.Atutami zabawek ALEXANDER s\u0105 wysoka jako\u015b\u0107, ciekawa oprawa graficzna, wysoki poziom merytoryczny oraz konkurencyjna cena.ALEXANDER GRA LOGIX 402 mo\u017cna odebra\u0107 r\u00f3wnie\u017c osobi\u015bcie w Warszawie \u2013 Warszawa Mokot\u00f3w.Wi\u0119cej produkt\u00f3w ALEXANDER znajd\u0105 Pa\u0144stwo na www.more4kids.pl\/alexander<\/p>\n<h2>Alexander Logix 0402 Alexander<\/h2>\n<p>sa\u0142atki dla dzieci, zaproszenia na urodziny do wydruku czarno bia\u0142e, gdy strumyk p\u0142ynie z wolna, kolorowanki dla ch\u0142opc\u00f3w do druku, karty pracy dla dzieci z ukrainy pdf, zaproszenia na urodziny do wydruku, kolorowanki z bajek, kolorowanki wakacyjne, test z lektury magiczne drzewo czerwone krzes\u0142o, zagadki s\u0142owne, kolorowanki do druku kotki, opisy do zdj dziecka, darmowe kolorowanki do druku<\/p>\n<p>yyyyy<\/p>\n<p>&nbsp;<\/p>\n","protected":false},"excerpt":{"rendered":"<p>ALEXANDER GRA LOGIX 402 to gra logiczna, przestrzenna gra planszowa, w kt\u00f3rej liczy si\u0119 taktyka, wyobra\u017ania i szcz\u0119\u015bliwy traf. W trakcie gry ka\u017cdy gracz losuje sw\u00f3j tajny kod, kt\u00f3rego wz\u00f3r musi potem u\u0142o\u017cy\u0107 z kolorowych kul na przestrzennej planszy. Uk\u0142adaj\u0105c go, gracz stara si\u0119 jednocze\u015bnie niweczy\u0107 plany przeciwnik\u00f3w. wygra ten, kto potrafi najlepiej przewidywa\u0107 i [&hellip;]<\/p>\n","protected":false},"featured_media":11473,"comment_status":"closed","ping_status":"open","template":"","meta":[],"product_cat":[246,130],"product_tag":[765,863,813,693,800],"class_list":["post-11472","product","type-product","status-publish","has-post-thumbnail","hentry","product_cat-alexander","product_cat-gry-dzieciece","product_tag-atrakcje-dla-dzieci-warszawa","product_tag-bajki-dla-dziewczynek","product_tag-krotkie-zagadki-matematyczne-z-odpowiedziami","product_tag-zagadki-dla-doroslych","product_tag-zagadki-smieszne"],"_links":{"self":[{"href":"http:\/\/klubmamgdynia.pl\/index.php\/wp-json\/wp\/v2\/product\/11472","targetHints":{"allow":["GET"]}}],"collection":[{"href":"http:\/\/klubmamgdynia.pl\/index.php\/wp-json\/wp\/v2\/product"}],"about":[{"href":"http:\/\/klubmamgdynia.pl\/index.php\/wp-json\/wp\/v2\/types\/product"}],"replies":[{"embeddable":true,"href":"http:\/\/klubmamgdynia.pl\/index.php\/wp-json\/wp\/v2\/comments?post=11472"}],"wp:featuredmedia":[{"embeddable":true,"href":"http:\/\/klubmamgdynia.pl\/index.php\/wp-json\/wp\/v2\/media\/11473"}],"wp:attachment":[{"href":"http:\/\/klubmamgdynia.pl\/index.php\/wp-json\/wp\/v2\/media?parent=11472"}],"wp:term":[{"taxonomy":"product_cat","embeddable":true,"href":"http:\/\/klubmamgdynia.pl\/index.php\/wp-json\/wp\/v2\/product_cat?post=11472"},{"taxonomy":"product_tag","embeddable":true,"href":"http:\/\/klubmamgdynia.pl\/index.php\/wp-json\/wp\/v2\/product_tag?post=11472"}],"curies":[{"name":"wp","href":"https:\/\/api.w.org\/{rel}","templated":true}]}}