{"id":11474,"date":"2017-01-25T04:18:44","date_gmt":"2017-01-25T03:18:44","guid":{"rendered":"http:\/\/klubmamgdynia.pl\/index.php\/produkt\/microsoft-office-2003-basic-pl-oem-s55-00322\/"},"modified":"2026-04-23T07:44:09","modified_gmt":"2026-04-23T05:44:09","slug":"microsoft-office-2003-basic-pl-oem-s55-00322","status":"publish","type":"product","link":"http:\/\/klubmamgdynia.pl\/index.php\/produkt\/microsoft-office-2003-basic-pl-oem-s55-00322\/","title":{"rendered":"Microsoft Office 2003 Basic PL OEM (S55-00322)"},"content":{"rendered":"<p>Pakiet Office 2003 pozwala firmom i ich pracownikom przekszta\u0142ci\u0107 informacje w dzia\u0142ania. Nowe i jednocze\u015bnie znane produkty, mo\u017cliwo\u015bci i funkcjonalno\u015b\u0107 udoskonalaj\u0105 spos\u00f3b, w jaki ludzie i przedsi\u0119biorstwa \u0142\u0105cz\u0105 si\u0119 z innymi lud\u017ami, informacjami i procesami biznesowymi.Udoskonalenia w zakresie wsp\u00f3\u0142pracy intranetowej poprzez integracj\u0119 z portalem wsp\u00f3\u0142pracy i dzielenia informacji Microsoft SharePoint Products and Technologies &#8222;v2.0&#8221; Beta 2 (j. ang.) umo\u017cliwiaj\u0105 pracownikom dost\u0119p do informacji i ich dzielenie zar\u00f3wno wewn\u0105trz, jak i na zewn\u0105trz firmy. Obs\u0142uga zarz\u0105dzania prawami w\u0142asno\u015bci do informacji (IRM &#8211; Information Rights Management) oraz obs\u0142uga standardu przemys\u0142owego XML (Extensible Markup Language) zapewniaj\u0105 platform\u0119, na kt\u00f3rej szybko tworzy\u0107 mo\u017cna oszcz\u0119dne rozwi\u0105zania odnosz\u0105ce natychmiastowy skutek.Integrowanie ludziUsprawnij komunikacj\u0119 i wsp\u00f3\u0142prac\u0119 pomi\u0119dzy wewn\u0119trznymi i zewn\u0119trznymi cz\u0142onkami zespo\u0142u przy u\u017cyciu zwi\u0119kszaj\u0105cych wydajno\u015b\u0107 aplikacji typu desktop wykorzystywanych przez wielu ludzi na co dzie\u0144. Dzi\u0119ki pakietowi Office 2003 mo\u017cesz:Zapewni\u0107 zespo\u0142om dost\u0119p do dokument\u00f3w oraz umo\u017cliwi\u0107 im ich edytowanie i zapisywanie w jednym, centralnym miejscu, wykorzystuj\u0105c obszary robocze dokumentu (Document Workspace). Dodatkowo, Okienko zada\u0144 Dzielonego obszaru roboczego (Shared Workspace) wy\u015bwietla zadania, powi\u0105zane dokumenty, \u0142\u0105cza oraz listy u\u017cytkownik\u00f3w powiadamiaj\u0105ce Ci\u0119, gdy cz\u0142onkowie Twojego zespo\u0142u pracuj\u0105 w trybie online.Dzieli\u0107 dokumenty z innymi pracownikami zespo\u0142u w celu ich edycji oraz kontrolowa\u0107 wszelkie wprowadzane zmiany. Mo\u017cesz zmienia\u0107 ustawienia dost\u0119pu i pozwala\u0107 wsp\u00f3\u0142autorom dokumentu na edycj\u0119 tylko tych sekcji lub obszar\u00f3w formatowania, kt\u00f3re wybierzesz.Zwi\u0119kszy\u0107 wydajno\u015b\u0107 swoich spotka\u0144 dzi\u0119ki obszarom roboczym spotka\u0144 (Meeting Workspaces), kt\u00f3re oferuj\u0105 scentralizowane dzielenie agend, zasob\u00f3w graficznych i innych dokument\u00f3w.Kontaktowa\u0107 si\u0119 szybko ze wsp\u00f3\u0142pracownikami z zespo\u0142u za pomoc\u0105 us\u0142ugi Instant Messaging, kt\u00f3ra wy\u015bwietlana mo\u017ce by\u0107 w dowolnej aplikacji pakietu Office 2003, i kt\u00f3ra informuje Ci\u0119 za ka\u017cdym razem, gdy inni cz\u0142onkowie zespo\u0142u s\u0105 w trybie online.Szybko umawia\u0107 si\u0119 na spotkania z cz\u0142onkami zespo\u0142u. U\u017cywaj\u0105c programu Microsoft Office Outlook 2003 \u0096 b\u0119d\u0105cego jednocze\u015bnie mened\u017cerem informacji o klientach i programem komunikacyjnym \u0096 wraz z Microsoft Windows SharePoint Services Beta 2, mo\u017cesz por\u00f3wnywa\u0107 harmonogramy zada\u0144 oraz przegl\u0105da\u0107 kalendarze wsp\u00f3\u0142pracownik\u00f3w.Ochrona i kontrola dost\u0119pu do wa\u017cnych informacji biznesowych mo\u017cliwa jest teraz dzi\u0119ki zastosowaniu systemu zarz\u0105dzania prawami w\u0142asno\u015bci do informacji (IRM &#8211; Information Rights Management) &#8211; technologii Windows Rights Management Services (WRM) wykorzystywanej w produktach rodziny Microsoft Windows Server 2003. Technologia IRM ogranicza mo\u017cliwo\u015b\u0107 u\u017cycia dokument\u00f3w w spos\u00f3b niezgodny z ich przeznaczeniem, daj\u0105c firmom i pracownikom zarz\u0105dzaj\u0105cym informacjami wi\u0119ksz\u0105 kontrol\u0119 nad bezpiecze\u0144stwem wa\u017cnych danych. Mo\u017cesz:Pom\u00f3c zabezpieczy\u0107 zasoby firmy wykorzystuj\u0105c technologi\u0119 IRM do uniemo\u017cliwienia osobom otrzymuj\u0105cym dokumenty lub wiadomo\u015bci poczty elektronicznej przekazywania ich dalej oraz kopiowania lub drukowania dokument\u00f3w i za\u0142\u0105cznik\u00f3w.Zapobiec wsp\u00f3\u0142dzieleniu dokument\u00f3w lub u\u017cywaniu ich wbrew przeznaczeniu poprzez ustawienie daty wyga\u015bni\u0119cia wa\u017cno\u015bci dokumentu &#8211; daty, po up\u0142ywie kt\u00f3rej nie mo\u017cna dokumentu przegl\u0105da\u0107 ani edytowa\u0107.Chroni\u0107 dokumenty programu Word przed wprowadzaniem niezamierzonych zmian dzi\u0119ki u\u017cyciu Ogranicze\u0144 formatowania i edytowania (Formatting and Editing Restrictions) programu Word. Mo\u017cesz ustawi\u0107 kontrolki dost\u0119pu na ca\u0142y dokument lub na poszczeg\u00f3lne jego cz\u0119\u015bci, aby zapobiec edytowaniu lub zmianie formatowania.Integrowanie informacjiZarz\u0105dzaj nieustannie rosn\u0105c\u0105 ilo\u015bci\u0105 informacji &#8211; opracowuj informacje i ustalaj priorytety ich wa\u017cno\u015bci. Mo\u017cesz:Czyta\u0107 szybciej wiadomo\u015bci poczty elektronicznej. Okienko podgl\u0105du programu Outlook 2003 wy\u015bwietla dwa razy wi\u0119cej zawarto\u015bci ni\u017c poprzednie wersje programu Outlook, ograniczaj\u0105c tym samym konieczno\u015b\u0107 przewijania zawarto\u015bci wiadomo\u015bci.Ustala\u0107 priorytety wiadomo\u015bci poczty elektronicznej przy u\u017cyciu opcji Szybkiego oflagowania, wskazuj\u0105cej wa\u017cno\u015b\u0107 danej wiadomo\u015bci lub konieczno\u015b\u0107 szybkiej odpowiedzi.Zaoszcz\u0119dzi\u0107 czas przeznaczany zwykle na ponowne czytanie wiadomo\u015bci poczty elektronicznej w d\u0142ugiej korespondencji zwi\u0105zanej z jednym tematem. Mo\u017cesz pogrupowa\u0107 wszystkie wiadomo\u015bci wed\u0142ug temat\u00f3w, a nast\u0119pnie szybko przejrze\u0107 lub usun\u0105\u0107 ca\u0142e w\u0105tki korespondencji.B\u0142yskawicznie odnajdywa\u0107 wa\u017cne wiadomo\u015bci. Wykorzystaj now\u0105 funkcjonalno\u015b\u0107 umo\u017cliwiaj\u0105c\u0105 zapisywanie cz\u0119sto u\u017cywanych kryteri\u00f3w wyszukiwania oraz u\u017cywanie ich wtedy, gdy s\u0105 potrzebne.Mo\u017cesz te\u017c przechowywa\u0107 wyszukane wiadomo\u015bci w odr\u0119bnym folderze, aby mie\u0107 do nich szybki dost\u0119p.Zablokowa\u0107 dost\u0119p dla wiadomo\u015bci za\u015bmiecaj\u0105cych Twoj\u0105 skrzynk\u0119 odbiorcz\u0105 dzi\u0119ki nowemu filtrowi programu Outlook 2003.U\u017cywa\u0107 programu Outlook 2003 w r\u00f3\u017cnych \u015brodowiskach sieciowych. Program Outlook po\u0142\u0105czony jest z sieci\u0105 nawet wtedy, gdy prze\u0142\u0105czasz si\u0119 pomi\u0119dzy r\u00f3\u017cnymi po\u0142\u0105czeniami.Zwi\u0119kszy\u0107 ochron\u0119 prywatno\u015bci. Program Outlook pozwala okre\u015bli\u0107, czy do wiadomo\u015bci poczty elektronicznej do\u0142\u0105czy\u0107 zawarto\u015b\u0107 HTML (Hypertext Markup Language), a tak\u017ce pozwala zapobiec automatycznemu zwracaniu informacji do serwera przez niezapowiedziane za\u0142\u0105czniki.Korzysta\u0107 z poczty elektronicznej niezale\u017cnie od statusu po\u0142\u0105czenia. Je\u015bli nie masz po\u0142\u0105czenia z sieci\u0105, Tryb buforowanej wymiany (Cached Exchange Mode) w programie Outlook 2003 zapisuje i wy\u015bwietla informacje, kt\u00f3re dost\u0119pne by\u0142y podczas ostatniego po\u0142\u0105czenia.Mie\u0107 dost\u0119p do zasob\u00f3w podczas pracy nad dokumentem. Nowe Okienko zada\u0144 Wyszukiwanie zapewnia Ci podczas pracy w programach pakietu Office 2003 dost\u0119p do elektronicznych s\u0142ownik\u00f3w, tezaurus\u00f3w, wyszukiwarek i informacji o firmach. Dzi\u0119ki temu b\u0119dziesz m\u00f3g\u0142 z \u0142atwo\u015bci\u0105 znale\u017a\u0107 potrzebne Ci informacje i w\u0142\u0105czy\u0107 je do dokumentu, nad kt\u00f3rym w\u0142a\u015bnie pracujesz.Notowa\u0107 bezpo\u015brednio w dokumentach. Je\u015bli u\u017cywasz tabletu PC, mo\u017cesz wykorzysta\u0107 elektroniczny rysik w celu dodania komentarzy.Integrowanie proces\u00f3w biznesowychDzi\u0119ki Microsoft Office 2003 mo\u017cesz korzysta\u0107 z informacji pochodz\u0105cych z r\u00f3\u017cnych system\u00f3w oraz analizowa\u0107 je i mie\u0107 do nich sta\u0142y dost\u0119p. Pakiet Office 2003 obs\u0142uguje standard przemys\u0142owy XML &#8211; technologi\u0119 upraszczaj\u0105c\u0105 transakcje handlowe oraz wymian\u0119 danych w sektorze business-to-business. Mo\u017cesz:Modyfikowa\u0107 i analizowa\u0107 biznesowe dane XML. Dzi\u0119ki programom pakietu Office 2003 mo\u017cesz modyfikowa\u0107, analizowa\u0107 i formatowa\u0107 dane z najwa\u017cniejszych system\u00f3w biznesowych. Mo\u017cesz r\u00f3wnie\u017c dostosowywa\u0107 do w\u0142asnych potrzeb dokumenty i okienka zada\u0144 &#8211; tak, by integrowa\u0142y si\u0119 ze \u017ar\u00f3d\u0142ami danych XML i aplikacjami zewn\u0119trznymi.Dzi\u0119ki technologii XML mo\u017cesz skr\u00f3ci\u0107 czas tworzenia aplikacji. Mo\u017cesz wykorzysta\u0107 graficzne narz\u0119dzie mapowania programu Microsoft Office Excel 2003, aby po\u0142\u0105czy\u0107 zdefiniowany przez u\u017cytkownika schemat XML z polami Twojego arkusza kalkulacyjnego.Dostosowywa\u0107 do w\u0142asnych potrzeb tagi inteligentne, wprowadzaj\u0105ce wa\u017cne informacje biznesowe bezpo\u015brednio do swoich dokument\u00f3w. Tagi inteligentne utworzone przez u\u017cytkownik\u00f3w lub firmy trzecie obs\u0142ugiwane s\u0105 w programach Microsoft Office PowerPoint 2003, Outlook 2003 oraz Microsoft Office Access 2003.OPIS PRODUKTUW sk\u0142ad pakietu 2003 BASICwchodz\u0105 programy:Word- Excel- OutlookRodzaj licencji Oem ( licencja komercyjna do u\u017cytku w domu jak i w firmie )Rodzaj oprogramowania Pakiet BiurowyStan U\u017cywanyZawarto\u015b\u0107 No\u015bnik instalacyjny Klucz aktywacyjny OpakowanieLiczba stanowisk 1Liczba urzytkownik\u00f3w 1Wersja Pe\u0142na wersja (nie dedykowana dla konkretnej marki komputera)J\u0119zyk PolskiNa zakupiony przedmiot wystawiamy faktur\u0119 VAT MAR\u017bA<\/p>\n<h2>Microsoft Office 2003 Basic PL OEM (S55-00322) Microsoft<\/h2>\n<p>pytania zagadki, bajka krecik, zagadki dla dzieci 7 lat o zwierz\u0119tach, swinka peppa do czytania, quiz o flagach, bajka dla dzieci do czytania, milena imie, cytaty o przyja\u017ani \u015bmieszne, gabriel imie, imi\u0119 kuba, zagadki o przyborach szkolnych, afryka\u0144skie imiona<\/p>\n<p>yyyyy<\/p>\n<p>&nbsp;<\/p>\n","protected":false},"excerpt":{"rendered":"<p>Pakiet Office 2003 pozwala firmom i ich pracownikom przekszta\u0142ci\u0107 informacje w dzia\u0142ania. Nowe i jednocze\u015bnie znane produkty, mo\u017cliwo\u015bci i funkcjonalno\u015b\u0107 udoskonalaj\u0105 spos\u00f3b, w jaki ludzie i przedsi\u0119biorstwa \u0142\u0105cz\u0105 si\u0119 z innymi lud\u017ami, informacjami i procesami biznesowymi.Udoskonalenia w zakresie wsp\u00f3\u0142pracy intranetowej poprzez integracj\u0119 z portalem wsp\u00f3\u0142pracy i dzielenia informacji Microsoft SharePoint Products and Technologies &#8222;v2.0&#8221; Beta [&hellip;]<\/p>\n","protected":false},"featured_media":11475,"comment_status":"closed","ping_status":"open","template":"","meta":[],"product_cat":[1947,2021],"product_tag":[626,867,807,579],"class_list":["post-11474","product","type-product","status-publish","has-post-thumbnail","hentry","product_cat-microsoft","product_cat-programy-biurowe","product_tag-jacek","product_tag-kolorowanki-dla-dziewczynek","product_tag-logiczne-zagadki","product_tag-quiz-opowiesci-z-narnii-lew-czarownica-i-stara-szafa"],"_links":{"self":[{"href":"http:\/\/klubmamgdynia.pl\/index.php\/wp-json\/wp\/v2\/product\/11474","targetHints":{"allow":["GET"]}}],"collection":[{"href":"http:\/\/klubmamgdynia.pl\/index.php\/wp-json\/wp\/v2\/product"}],"about":[{"href":"http:\/\/klubmamgdynia.pl\/index.php\/wp-json\/wp\/v2\/types\/product"}],"replies":[{"embeddable":true,"href":"http:\/\/klubmamgdynia.pl\/index.php\/wp-json\/wp\/v2\/comments?post=11474"}],"wp:featuredmedia":[{"embeddable":true,"href":"http:\/\/klubmamgdynia.pl\/index.php\/wp-json\/wp\/v2\/media\/11475"}],"wp:attachment":[{"href":"http:\/\/klubmamgdynia.pl\/index.php\/wp-json\/wp\/v2\/media?parent=11474"}],"wp:term":[{"taxonomy":"product_cat","embeddable":true,"href":"http:\/\/klubmamgdynia.pl\/index.php\/wp-json\/wp\/v2\/product_cat?post=11474"},{"taxonomy":"product_tag","embeddable":true,"href":"http:\/\/klubmamgdynia.pl\/index.php\/wp-json\/wp\/v2\/product_tag?post=11474"}],"curies":[{"name":"wp","href":"https:\/\/api.w.org\/{rel}","templated":true}]}}