{"id":11476,"date":"2023-09-21T12:48:45","date_gmt":"2023-09-21T10:48:45","guid":{"rendered":"http:\/\/klubmamgdynia.pl\/?post_type=product&#038;p=11476"},"modified":"2026-04-27T02:54:50","modified_gmt":"2026-04-27T00:54:50","slug":"peppa-pig-single-sandwich-box","status":"publish","type":"product","link":"http:\/\/klubmamgdynia.pl\/index.php\/produkt\/peppa-pig-single-sandwich-box\/","title":{"rendered":"Peppa Pig Single Sandwich Box"},"content":{"rendered":"<p>Pojedyncze pude\u0142ko na \u015bniadanie Peppa Pig. \u015awietnie sprawdzi si\u0119 na wszelkie wycieczki, wakacje. Wygodne i pratyczne z \u0142atwo\u015bcia zmie\u015bci si\u0119 do ma\u0142ej torebki.Cechy Produktu:\u00b7 Pude\u0142ko na \u015bniadanie z kolekcji Peppa Pig\u00b7 Wygodne, praktyczne z \u0142atwo\u015bcia zmie\u015bci si\u0119 do ma\u0142ej torebki\u00b7 Materia\u0142: Plastik\u00b7 Oficjalna licencja producenta<\/p>\n<h2>Peppa Pig Single Sandwich Box Peppa Pig<\/h2>\n<p>ozdoby wielkanocne kt\u00f3re mog\u0105 zrobi\u0107 dzieci, bajki dla dzieci za darmo, rzadkie imiona dla dziewczynek, nauka literek do druku, gad\u017cety dla m\u0142odzie\u017cy 2020, test asiunia joanna papuzi\u0144ska, chase kolorowanka, my little pony kolorowanka, kolorowanka do wydruku, bombki do kolorowania, gloria imi\u0119, prezenty dla nastolatk\u00f3w 2021, maska karnawa\u0142owa pdf, zabawy ruchowe dla dzieci w wieku szkolnym, dyplomy dla dzieci do druku, bajki dla dzieci czytane, test z lektury asiunia, wilga, kr\u00f3tkie zagadki matematyczne z odpowiedziami, wiersz o wakacjach<\/p>\n<p>yyyyy<\/p>\n<p>&nbsp;<\/p>\n","protected":false},"excerpt":{"rendered":"<p>Pojedyncze pude\u0142ko na \u015bniadanie Peppa Pig. \u015awietnie sprawdzi si\u0119 na wszelkie wycieczki, wakacje. Wygodne i pratyczne z \u0142atwo\u015bcia zmie\u015bci si\u0119 do ma\u0142ej torebki.Cechy Produktu:\u00b7 Pude\u0142ko na \u015bniadanie z kolekcji Peppa Pig\u00b7 Wygodne, praktyczne z \u0142atwo\u015bcia zmie\u015bci si\u0119 do ma\u0142ej torebki\u00b7 Materia\u0142: Plastik\u00b7 Oficjalna licencja producenta Peppa Pig Single Sandwich Box Peppa Pig ozdoby wielkanocne kt\u00f3re [&hellip;]<\/p>\n","protected":false},"featured_media":11477,"comment_status":"closed","ping_status":"open","template":"","meta":[],"product_cat":[215,214],"product_tag":[669,605,576],"class_list":["post-11476","product","type-product","status-publish","has-post-thumbnail","hentry","product_cat-naczynia-i-sztucce-dla-dzieci","product_cat-peppa-pig","product_tag-kolorowanki","product_tag-milena","product_tag-trudne-zagadki"],"_links":{"self":[{"href":"http:\/\/klubmamgdynia.pl\/index.php\/wp-json\/wp\/v2\/product\/11476","targetHints":{"allow":["GET"]}}],"collection":[{"href":"http:\/\/klubmamgdynia.pl\/index.php\/wp-json\/wp\/v2\/product"}],"about":[{"href":"http:\/\/klubmamgdynia.pl\/index.php\/wp-json\/wp\/v2\/types\/product"}],"replies":[{"embeddable":true,"href":"http:\/\/klubmamgdynia.pl\/index.php\/wp-json\/wp\/v2\/comments?post=11476"}],"wp:featuredmedia":[{"embeddable":true,"href":"http:\/\/klubmamgdynia.pl\/index.php\/wp-json\/wp\/v2\/media\/11477"}],"wp:attachment":[{"href":"http:\/\/klubmamgdynia.pl\/index.php\/wp-json\/wp\/v2\/media?parent=11476"}],"wp:term":[{"taxonomy":"product_cat","embeddable":true,"href":"http:\/\/klubmamgdynia.pl\/index.php\/wp-json\/wp\/v2\/product_cat?post=11476"},{"taxonomy":"product_tag","embeddable":true,"href":"http:\/\/klubmamgdynia.pl\/index.php\/wp-json\/wp\/v2\/product_tag?post=11476"}],"curies":[{"name":"wp","href":"https:\/\/api.w.org\/{rel}","templated":true}]}}