{"id":1148,"date":"2016-12-24T23:04:48","date_gmt":"2016-12-24T22:04:48","guid":{"rendered":"http:\/\/klubmamgdynia.pl\/index.php\/produkt\/s-t-a-l-k-e-r-2-serce-czarnobyla-edycja-kolekcjonerska-gra-pc\/"},"modified":"2026-04-26T19:16:27","modified_gmt":"2026-04-26T17:16:27","slug":"s-t-a-l-k-e-r-2-serce-czarnobyla-edycja-kolekcjonerska-gra-pc","status":"publish","type":"product","link":"http:\/\/klubmamgdynia.pl\/index.php\/produkt\/s-t-a-l-k-e-r-2-serce-czarnobyla-edycja-kolekcjonerska-gra-pc\/","title":{"rendered":"S.T.A.L.K.E.R. 2: Serce Czarnobyla Edycja Kolekcjonerska (Gra PC)"},"content":{"rendered":"<p>Wielokrotnie nagradzana seria na komputery osobiste, kt\u00f3r\u0105 pokocha\u0142y miliony graczy, debiutuje na konsolach nowej generacji dzi\u0119ki grze S.T.A.L.K.E.R. 2: Serce Czarnobyla. Poznaj wyj\u0105tkow\u0105 mieszank\u0119 strzelanki z perspektywy pierwszej osoby, symulatora prze\u017cycia oraz horroru.                            <\/p>\n<p>\u00a0Czarnobylska Strefa Wykluczenia to wyj\u0105tkowe, niebezpieczne i ci\u0105gle zmieniaj\u0105ce si\u0119 \u015brodowisko. Obiecuje wiele \u2014 artefakty o niewiarygodnej warto\u015bci mog\u0105 by\u0107 Twoje, je\u015bli tylko odwa\u017cysz si\u0119 po nie si\u0119gn\u0105\u0107. Z drugiej strony cena, kt\u00f3r\u0105 mo\u017ce Ci przyj\u015b\u0107 zap\u0142aci\u0107, to Twoje w\u0142asne \u017cycie.<br \/>\n \u00a0                            <\/p>\n<p>\u00a0Na zbadanie czeka jeden z najwi\u0119kszych otwartych \u015bwiat\u00f3w w historii gier wideo, pe\u0142en promieniowania, mutant\u00f3w i anomalii. Wszystkie dokonane wybory nie tylko kszta\u0142tuj\u0105 wyj\u0105tkow\u0105 epick\u0105 histori\u0119, ale wp\u0142ywaj\u0105 te\u017c na sam\u0105 przysz\u0142o\u015b\u0107. Miej \u015bwiadomo\u015b\u0107 tego, co widzisz, robisz i planujesz \u2014 to od Ciebie zale\u017cy, czy odnajdziesz drog\u0119 przez Zon\u0119, czy przepadniesz bez echa.\u00a0                            <\/p>\n<p>\u00a0Poznaj legendarne uniwersum S.T.A.L.K.E.R. i odkryj:Niepowtarzaln\u0105 rozgrywk\u0119 z pogranicza FPS, horroru i symulacjiNieliniow\u0105 fabu\u0142\u0119 i wiele \u015bcie\u017cek prowadz\u0105cych do r\u00f3\u017cnych zako\u0144cze\u0144Najdoskonalsz\u0105 opraw\u0119 wizualn\u0105 opracowan\u0105 z u\u017cyciem najnowszych technologii skanowania i fotogrametrii\u00a0                            <\/p>\n<p>\u00a0Wyj\u0105tkow\u0105 grafik\u0119 opracowan\u0105 z u\u017cyciem najnowszych technologii skanowania i fotogrametriiZaawansowan\u0105 sztuczn\u0105 inteligencj\u0119 wrog\u00f3w, kt\u00f3rzy sprawi\u0105 trudno\u015bci nawet najlepszym braczomSystem symulacji \u017cycia \u201eA-life 2.0\u201d, kt\u00f3ry w zupe\u0142nie nowy spos\u00f3b tchnie \u017cycie do \u015bwiata gry\u00a0                            <\/p>\n<p>\u00a0Jeszcze bardziej wci\u0105gaj\u0105ce w klimat gry mechaniki g\u0142odu, krwawienia, napromieniowania, snuDynamiczny cykl dobowy i zmienn\u0105 pogod\u0119, kt\u00f3re jeszcze bardziej zwi\u0119kszaj\u0105 realizm rozgrywkiObs\u0142ug\u0119 mod\u00f3w pozwalaj\u0105cych rozwija\u0107 uniwersum gryTryb dla wielu graczy, kt\u00f3ry zostanie dodany za darmo wkr\u00f3tce po premierze gry\u00a0                            <\/p>\n<p>ZAWARTO\u015a\u0106 EDYCJI KOLEKCJONERSKIEJ:                            <\/p>\n<p>Elementy fizyczne:P\u0142yta z gr\u0105 na Xbox Series X lub ulotka z kodem Steam na PCArtbookSteelbookList od tw\u00f3rc\u00f3wMapa zonyFigurka StalkeraNaszywkiPami\u0105tkowa przepustka do zonyZestaw naklejekBrelok z krzemieniemNie\u015bmiertelnikPlakat                            <\/p>\n<p>Elementy cyfrowe:Dodatkowa misjaDo trybu dla pojedynczego gracza: 1 ubi\u00f3r i 3 sk\u00f3rki do broniDo trybu dla wielu graczy: 2 ubiory i 3 sk\u00f3rki do broniCyfrowy album i cyfrowa \u015bcie\u017cka d\u017awi\u0119kowaDodatkowa zawarto\u015b\u0107 w obozie: wi\u0119cej melodii gitarowych i opowie\u015bci do pos\u0142uchania w obozach stalker\u00f3wSk\u00f3rka do broni \u201eranny ptaszek\u201dKostium \u201eranny ptaszek\u201dOdznaka \u201eranny ptaszek\u201d w trybie dla wielu graczy<\/p>\n<h2>S.T.A.L.K.E.R. 2: Serce Czarnobyla Edycja Kolekcjonerska (Gra PC) GSC Game World<\/h2>\n<p>ka\u0142u\u017cy\u015bci, kolorowanki \u015bwi\u0105teczne do wydruku, miasto dzieci.pl, kolorowe kredki tekst, lato, ale kino program, tajemniczy ogr\u00f3d test z lektury, milena, zabawy miko\u0142ajkowe dla dzieci, iwo, w zieleni \u0142\u0105ka majowa tekst, dymitr, lol do druku, maska batmana do druku, nowe quizy do rozwi\u0105zania, zagadki dla dzieci 7-8 lat<\/p>\n<p>yyyyy<\/p>\n<p>&nbsp;<\/p>\n","protected":false},"excerpt":{"rendered":"<p>Wielokrotnie nagradzana seria na komputery osobiste, kt\u00f3r\u0105 pokocha\u0142y miliony graczy, debiutuje na konsolach nowej generacji dzi\u0119ki grze S.T.A.L.K.E.R. 2: Serce Czarnobyla. Poznaj wyj\u0105tkow\u0105 mieszank\u0119 strzelanki z perspektywy pierwszej osoby, symulatora prze\u017cycia oraz horroru. \u00a0Czarnobylska Strefa Wykluczenia to wyj\u0105tkowe, niebezpieczne i ci\u0105gle zmieniaj\u0105ce si\u0119 \u015brodowisko. Obiecuje wiele \u2014 artefakty o niewiarygodnej warto\u015bci mog\u0105 by\u0107 Twoje, je\u015bli [&hellip;]<\/p>\n","protected":false},"featured_media":1149,"comment_status":"closed","ping_status":"open","template":"","meta":[],"product_cat":[222,350],"product_tag":[801,810,628],"class_list":["post-1148","product","type-product","status-publish","has-post-thumbnail","hentry","product_cat-gry-pc","product_cat-gsc-game-world","product_tag-bajki-terapeutyczne-o-emocjach","product_tag-nauka-zegara-do-druku","product_tag-zagadka"],"_links":{"self":[{"href":"http:\/\/klubmamgdynia.pl\/index.php\/wp-json\/wp\/v2\/product\/1148","targetHints":{"allow":["GET"]}}],"collection":[{"href":"http:\/\/klubmamgdynia.pl\/index.php\/wp-json\/wp\/v2\/product"}],"about":[{"href":"http:\/\/klubmamgdynia.pl\/index.php\/wp-json\/wp\/v2\/types\/product"}],"replies":[{"embeddable":true,"href":"http:\/\/klubmamgdynia.pl\/index.php\/wp-json\/wp\/v2\/comments?post=1148"}],"wp:featuredmedia":[{"embeddable":true,"href":"http:\/\/klubmamgdynia.pl\/index.php\/wp-json\/wp\/v2\/media\/1149"}],"wp:attachment":[{"href":"http:\/\/klubmamgdynia.pl\/index.php\/wp-json\/wp\/v2\/media?parent=1148"}],"wp:term":[{"taxonomy":"product_cat","embeddable":true,"href":"http:\/\/klubmamgdynia.pl\/index.php\/wp-json\/wp\/v2\/product_cat?post=1148"},{"taxonomy":"product_tag","embeddable":true,"href":"http:\/\/klubmamgdynia.pl\/index.php\/wp-json\/wp\/v2\/product_tag?post=1148"}],"curies":[{"name":"wp","href":"https:\/\/api.w.org\/{rel}","templated":true}]}}