{"id":11480,"date":"2025-07-25T18:18:00","date_gmt":"2025-07-25T16:18:00","guid":{"rendered":"http:\/\/klubmamgdynia.pl\/?post_type=product&#038;p=11480"},"modified":"2026-05-17T22:32:57","modified_gmt":"2026-05-17T20:32:57","slug":"gra-planszowa-denkriesen-ug-klattschen-trinkspiel-das-brettspiel-das-wahrscheinlich-beste-trinkspiel-aller-zeiten-wersja-niemiecka","status":"publish","type":"product","link":"http:\/\/klubmamgdynia.pl\/index.php\/produkt\/gra-planszowa-denkriesen-ug-klattschen-trinkspiel-das-brettspiel-das-wahrscheinlich-beste-trinkspiel-aller-zeiten-wersja-niemiecka\/","title":{"rendered":"Gra planszowa Denkriesen Ug klattschen\u00ae Trinkspiel DAS BRETTSPIEL Das wahrscheinlich beste Trinkspiel aller Zeiten (wersja niemiecka)"},"content":{"rendered":"<h2>Gra planszowa Denkriesen Ug klattschen\u00ae Trinkspiel DAS BRETTSPIEL Das wahrscheinlich beste Trinkspiel aller Zeiten (wersja niemiecka) <\/h2>\n<p>maski karnawa\u0142owe dla dzieci szablony, szablony do wyklejania plastelin\u0105, cytaty ma\u0142y ksi\u0105\u017ce, rysunki do druku<\/p>\n<p>yyyyy<\/p>\n<p>&nbsp;<\/p>\n","protected":false},"excerpt":{"rendered":"<p>Gra planszowa Denkriesen Ug klattschen\u00ae Trinkspiel DAS BRETTSPIEL Das wahrscheinlich beste Trinkspiel aller Zeiten (wersja niemiecka) maski karnawa\u0142owe dla dzieci szablony, szablony do wyklejania plastelin\u0105, cytaty ma\u0142y ksi\u0105\u017ce, rysunki do druku yyyyy &nbsp;<\/p>\n","protected":false},"featured_media":11481,"comment_status":"closed","ping_status":"open","template":"","meta":[],"product_cat":[235],"product_tag":[862,787,675,822,708],"class_list":["post-11480","product","type-product","status-publish","has-post-thumbnail","hentry","product_cat-gry-planszowe","product_tag-nasza-zima-zla-tekst","product_tag-nauka-pisania-wyrazow-dla-dzieci-do-druku-pdf","product_tag-test-z-lektury-kajko-i-kokosz-szkola-latania","product_tag-wierszyki-o-wakacjach-krotkie","product_tag-zabawy-ruchowe-dla-dzieci"],"_links":{"self":[{"href":"http:\/\/klubmamgdynia.pl\/index.php\/wp-json\/wp\/v2\/product\/11480","targetHints":{"allow":["GET"]}}],"collection":[{"href":"http:\/\/klubmamgdynia.pl\/index.php\/wp-json\/wp\/v2\/product"}],"about":[{"href":"http:\/\/klubmamgdynia.pl\/index.php\/wp-json\/wp\/v2\/types\/product"}],"replies":[{"embeddable":true,"href":"http:\/\/klubmamgdynia.pl\/index.php\/wp-json\/wp\/v2\/comments?post=11480"}],"wp:featuredmedia":[{"embeddable":true,"href":"http:\/\/klubmamgdynia.pl\/index.php\/wp-json\/wp\/v2\/media\/11481"}],"wp:attachment":[{"href":"http:\/\/klubmamgdynia.pl\/index.php\/wp-json\/wp\/v2\/media?parent=11480"}],"wp:term":[{"taxonomy":"product_cat","embeddable":true,"href":"http:\/\/klubmamgdynia.pl\/index.php\/wp-json\/wp\/v2\/product_cat?post=11480"},{"taxonomy":"product_tag","embeddable":true,"href":"http:\/\/klubmamgdynia.pl\/index.php\/wp-json\/wp\/v2\/product_tag?post=11480"}],"curies":[{"name":"wp","href":"https:\/\/api.w.org\/{rel}","templated":true}]}}