{"id":11482,"date":"2014-07-27T22:42:23","date_gmt":"2014-07-27T20:42:23","guid":{"rendered":"http:\/\/klubmamgdynia.pl\/index.php\/produkt\/acme-europe-kabel-usb-2-0-cb1061-usb-c-m-lightning-m-1m-pd60w-czarny-319708\/"},"modified":"2026-04-05T21:38:05","modified_gmt":"2026-04-05T19:38:05","slug":"acme-europe-kabel-usb-2-0-cb1061-usb-c-m-lightning-m-1m-pd60w-czarny-319708","status":"publish","type":"product","link":"http:\/\/klubmamgdynia.pl\/index.php\/produkt\/acme-europe-kabel-usb-2-0-cb1061-usb-c-m-lightning-m-1m-pd60w-czarny-319708\/","title":{"rendered":"Acme Europe Kabel Usb 2.0 Cb1061 Usb-C\/M &#8211; Lightning\/M, 1M, Pd60W, Czarny (319708)"},"content":{"rendered":"<p>Kabel USB 2.0 Acme CB1061 USB-C\/M &#8211; Lightning\/M, 1m, PD60W, czarnySymbol producenta: 319708EAN\/UPC: 4770070881545SpecyfikacjaProducentACME EUROPEOpis og\u00f3lnyKabel USB 2.0 Acme CB1061 USB-C\/M &#8211; Lightning\/M, 1m, PD60W, czarnyKolorCzarnyInformacje dodatkoweZgodny ze standardem USB-C PD60WZapewnia szybk\u0105 transmisj\u0119 danych;Pozwala na zasilanie z moc\u0105 do 60W urz\u0105dze\u0144 zgodnych z Power DeliveryWykonany z TPEOkres r\u0119kojmi w miesi\u0105cach60Miejsce serwisowaniaIncom Group SAD\u0142ugo\u015b\u0107 kabla [m]1.00InterfejsUSB-C 2.0Z\u0142\u0105cze 1USB 2.0 Typu C (m\u0119skie)Z\u0142\u0105cze 2Lightning 8pin (m\u0119skie)Typ kabla \/ urz\u0105dzeniaKabel do zasilania i transferu danychPoz\u0142acane stykiNie&#8230;<\/p>\n<h2>Acme Europe Kabel Usb 2.0 Cb1061 Usb-C\/M &#8211; Lightning\/M, 1M, Pd60W, Czarny (319708) ACME<\/h2>\n<p>urodziny dziecka pomys\u0142y, wzruszajace cytaty o rodzinie, dyplomy dla dzieci do druku, test z lektury dzieci z bullerbyn, zagadki z odpowiedziami, gabriel imie, zagadki matematyczne dla przedszkolak\u00f3w, bajki do czytania online, przek\u0105ski na urodziny dziecka, minecraft quiz, quiz o stolicach europy, pokemon kolorowanki do druku, tupu tup po \u015bniegu tekst<\/p>\n<p>yyyyy<\/p>\n<p>&nbsp;<\/p>\n","protected":false},"excerpt":{"rendered":"<p>Kabel USB 2.0 Acme CB1061 USB-C\/M &#8211; Lightning\/M, 1m, PD60W, czarnySymbol producenta: 319708EAN\/UPC: 4770070881545SpecyfikacjaProducentACME EUROPEOpis og\u00f3lnyKabel USB 2.0 Acme CB1061 USB-C\/M &#8211; Lightning\/M, 1m, PD60W, czarnyKolorCzarnyInformacje dodatkoweZgodny ze standardem USB-C PD60WZapewnia szybk\u0105 transmisj\u0119 danych;Pozwala na zasilanie z moc\u0105 do 60W urz\u0105dze\u0144 zgodnych z Power DeliveryWykonany z TPEOkres r\u0119kojmi w miesi\u0105cach60Miejsce serwisowaniaIncom Group SAD\u0142ugo\u015b\u0107 kabla [m]1.00InterfejsUSB-C [&hellip;]<\/p>\n","protected":false},"featured_media":11483,"comment_status":"closed","ping_status":"open","template":"","meta":[],"product_cat":[1944,2022],"product_tag":[688,866,856,627,587,805],"class_list":["post-11482","product","type-product","status-publish","has-post-thumbnail","hentry","product_cat-acme","product_cat-kable-i-tasmy","product_tag-kolysanki-tekst","product_tag-opis-do-zdjecia-dziecka-na-fb","product_tag-prezent-dla-16-latki","product_tag-quiz-dzieci-z-bullerbyn","product_tag-skalne-miasto","product_tag-znaczenie-imienia-alan"],"_links":{"self":[{"href":"http:\/\/klubmamgdynia.pl\/index.php\/wp-json\/wp\/v2\/product\/11482","targetHints":{"allow":["GET"]}}],"collection":[{"href":"http:\/\/klubmamgdynia.pl\/index.php\/wp-json\/wp\/v2\/product"}],"about":[{"href":"http:\/\/klubmamgdynia.pl\/index.php\/wp-json\/wp\/v2\/types\/product"}],"replies":[{"embeddable":true,"href":"http:\/\/klubmamgdynia.pl\/index.php\/wp-json\/wp\/v2\/comments?post=11482"}],"wp:featuredmedia":[{"embeddable":true,"href":"http:\/\/klubmamgdynia.pl\/index.php\/wp-json\/wp\/v2\/media\/11483"}],"wp:attachment":[{"href":"http:\/\/klubmamgdynia.pl\/index.php\/wp-json\/wp\/v2\/media?parent=11482"}],"wp:term":[{"taxonomy":"product_cat","embeddable":true,"href":"http:\/\/klubmamgdynia.pl\/index.php\/wp-json\/wp\/v2\/product_cat?post=11482"},{"taxonomy":"product_tag","embeddable":true,"href":"http:\/\/klubmamgdynia.pl\/index.php\/wp-json\/wp\/v2\/product_tag?post=11482"}],"curies":[{"name":"wp","href":"https:\/\/api.w.org\/{rel}","templated":true}]}}