{"id":11484,"date":"2011-09-28T12:45:02","date_gmt":"2011-09-28T10:45:02","guid":{"rendered":"http:\/\/klubmamgdynia.pl\/index.php\/produkt\/barbie-zestaw-mebli-ogrodowych-kolo-i-akcesoria-do-basenu-fxg37-fxg38\/"},"modified":"2026-04-30T17:04:58","modified_gmt":"2026-04-30T15:04:58","slug":"barbie-zestaw-mebli-ogrodowych-kolo-i-akcesoria-do-basenu-fxg37-fxg38","status":"publish","type":"product","link":"http:\/\/klubmamgdynia.pl\/index.php\/produkt\/barbie-zestaw-mebli-ogrodowych-kolo-i-akcesoria-do-basenu-fxg37-fxg38\/","title":{"rendered":"BARBIE ZESTAW MEBLI OGRODOWYCH KO\u0141O I AKCESORIA DO BASENU FXG37 FXG38"},"content":{"rendered":"<p>Ta kolekcja mebelk\u00f3w Barbie do domku dla lalek przeniesie dziecko w \u015bwiat marze\u0144 i ciekawych przyg\u00f3d!<br \/>\n\u00a0Zestawy uatrakcyjni\u0105 ka\u017cd\u0105 zabaw\u0119 w odgrywanie klasycznych scenek. Do domku Barbie idealnie pasuje przytulna budka dla ukochanych zwierz\u0105tek, zestaw wypoczynkowy do salonu i zmywarka, za\u015b akcesoria do p\u0142ywania w basenie, ceglany piec do pizzy i st\u00f3\u0142 piknikowy                            <\/p>\n<p>Barbie mo\u017cna postawi\u0107 w ogrodzie. Domek, basen i lalka sprzedawane oddzielnie. Ustawiaj zestawy na r\u00f3\u017cne sposoby, by urozmaici\u0107 zabaw\u0119. Ka\u017cdy zestaw zawiera stylowy mebelek i akcesoria tematyczne zwi\u0105zane z danym motywem. \u00a0                            <\/p>\n<p>Wewn\u0119trzny domek dla pupili ma s\u0142odkich mieszka\u0144c\u00f3w pieska i szczeniaczka oraz wyj\u0105tkowe dodatki, takie jak pos\u0142anie, wanienk\u0119, podajnik na pokarm i nie tylko.                            <\/p>\n<p>Zestaw do salonu obejmuje r\u00f3\u017cowy fotel, dwa stoliki kawowy i pod telewizor oraz akcesoria misk\u0119 z popcornem , plansz\u0119 do gry, napoje oraz pilota.                            <\/p>\n<p>Zmywarka wyposa\u017cona w zlew, otwieraj\u0105ce si\u0119 drzwiczki i wysuwan\u0105 tack\u0119 oraz przybory kuchenne do za\u0142adunku i roz\u0142adunku.                            <\/p>\n<p>Psikaj\u0105cy wod\u0105 szczeniaczek z w\u0142asnym ko\u0142em, r\u0119cznik pla\u017cowy i nie tylko.                            <\/p>\n<p>W komplecie z ceglanym piecem do pizzy s\u0105 potrawy i przybory kuchenne to idealny przepis na dobr\u0105 zabaw\u0119.                            <\/p>\n<p>St\u00f3\u0142 piknikowy z funkcj\u0105 transformacji pasuje do dw\u00f3ch lub czterech lalek.                            <\/p>\n<p>Ten asortyment mebelk\u00f3w rozbudza wyobra\u017ani\u0119 i zainspiruje dzieci do \u015bwietnej zabawy zar\u00f3wno w domu, jak i na dworze. \u00a0UWAGA!\u00a0 Cena dotyczy 1 zestawu.<\/p>\n<h2>BARBIE ZESTAW MEBLI OGRODOWYCH KO\u0141O I AKCESORIA DO BASENU FXG37 FXG38 Barbie<\/h2>\n<p>lucjan, dobre zagadki logiczne, by\u0142a sobie \u017cabka ma\u0142a tekst, trudne zagadki i odpowiedzi, kolorowanka minecraft, gabriel imie, quizy dla dzieci, wiersz na wielkanocnym stole, kaligrafia nauka pisania wyraz\u00f3w dla dzieci do druku pdf, origami kotek, rzadkie imiona \u017ce\u0144skie polskie, lol surprise kolorowanki, kolorowanka spiderman, kolorowanki do druku dla dziewczyn, zagadki logiczne trudne<\/p>\n<p>yyyyy<\/p>\n<p>&nbsp;<\/p>\n","protected":false},"excerpt":{"rendered":"<p>Ta kolekcja mebelk\u00f3w Barbie do domku dla lalek przeniesie dziecko w \u015bwiat marze\u0144 i ciekawych przyg\u00f3d! \u00a0Zestawy uatrakcyjni\u0105 ka\u017cd\u0105 zabaw\u0119 w odgrywanie klasycznych scenek. Do domku Barbie idealnie pasuje przytulna budka dla ukochanych zwierz\u0105tek, zestaw wypoczynkowy do salonu i zmywarka, za\u015b akcesoria do p\u0142ywania w basenie, ceglany piec do pizzy i st\u00f3\u0142 piknikowy Barbie mo\u017cna [&hellip;]<\/p>\n","protected":false},"featured_media":11485,"comment_status":"closed","ping_status":"open","template":"","meta":[],"product_cat":[172,173],"product_tag":[676,730,690,577],"class_list":["post-11484","product","type-product","status-publish","has-post-thumbnail","hentry","product_cat-akcesoria-dla-lalek","product_cat-barbie","product_tag-bursztynek","product_tag-karyna","product_tag-pieski-male-dwa-tekst","product_tag-znaki-drogowe-test"],"_links":{"self":[{"href":"http:\/\/klubmamgdynia.pl\/index.php\/wp-json\/wp\/v2\/product\/11484","targetHints":{"allow":["GET"]}}],"collection":[{"href":"http:\/\/klubmamgdynia.pl\/index.php\/wp-json\/wp\/v2\/product"}],"about":[{"href":"http:\/\/klubmamgdynia.pl\/index.php\/wp-json\/wp\/v2\/types\/product"}],"replies":[{"embeddable":true,"href":"http:\/\/klubmamgdynia.pl\/index.php\/wp-json\/wp\/v2\/comments?post=11484"}],"wp:featuredmedia":[{"embeddable":true,"href":"http:\/\/klubmamgdynia.pl\/index.php\/wp-json\/wp\/v2\/media\/11485"}],"wp:attachment":[{"href":"http:\/\/klubmamgdynia.pl\/index.php\/wp-json\/wp\/v2\/media?parent=11484"}],"wp:term":[{"taxonomy":"product_cat","embeddable":true,"href":"http:\/\/klubmamgdynia.pl\/index.php\/wp-json\/wp\/v2\/product_cat?post=11484"},{"taxonomy":"product_tag","embeddable":true,"href":"http:\/\/klubmamgdynia.pl\/index.php\/wp-json\/wp\/v2\/product_tag?post=11484"}],"curies":[{"name":"wp","href":"https:\/\/api.w.org\/{rel}","templated":true}]}}