{"id":11486,"date":"2016-08-06T22:29:04","date_gmt":"2016-08-06T20:29:04","guid":{"rendered":"http:\/\/klubmamgdynia.pl\/index.php\/produkt\/laptop-asus-rog-zephyrus-g14-2022-ga402rk-matrix-14120hz-amd-ryzen-9-6900hs-32gb-ram-1tb-dysk-rx6700s-grafika-win11-kup-na-raty-rrso-0-ga402rk-ga402rkl\/"},"modified":"2026-05-17T22:51:43","modified_gmt":"2026-05-17T20:51:43","slug":"laptop-asus-rog-zephyrus-g14-2022-ga402rk-matrix-14120hz-amd-ryzen-9-6900hs-32gb-ram-1tb-dysk-rx6700s-grafika-win11-kup-na-raty-rrso-0-ga402rk-ga402rkl","status":"publish","type":"product","link":"http:\/\/klubmamgdynia.pl\/index.php\/produkt\/laptop-asus-rog-zephyrus-g14-2022-ga402rk-matrix-14120hz-amd-ryzen-9-6900hs-32gb-ram-1tb-dysk-rx6700s-grafika-win11-kup-na-raty-rrso-0-ga402rk-ga402rkl\/","title":{"rendered":"Laptop Asus ROG Zephyrus G14 2022 GA402RK Matrix 14&#8243;120Hz AMD Ryzen 9 6900HS &#8211; 32GB RAM 1TB Dysk RX6700S Grafika Win11 Kup na Raty RRSO 0% (GA402RK (GA402RKL"},"content":{"rendered":"<p>Laptop o przek\u0105tnej 14 cali oraz rozdzielczo\u015bci 2560 x 1600 pikseli, wyposa\u017cony w procesor AMD Ryzen 9 6900HS o cz\u0119stotliwo\u015bci 3.3 &#8211; 4.9 GHz, pami\u0119\u0107 RAM DDR5 o wielko\u015bci 32 GB. Dysk SSD o pojemno\u015bci 1 TB. Karta graficzna to AMD Radeon RX 6800S z 8 GB pami\u0119ci\u0105. Zainstalowany system operacyjny Windows 11 Home.<\/p>\n<h2>Laptop Asus ROG Zephyrus G14 2022 GA402RK Matrix 14&#8243;120Hz AMD Ryzen 9 6900HS &#8211; 32GB RAM 1TB Dysk RX6700S Grafika Win11 Kup na Raty RRSO 0% (GA402RK (GA402RKL ASUS<\/h2>\n<p>iwo imie, \u017carty prima aprilis, marcelina imi\u0119, pranki na prima aprilis dla rodzic\u00f3w, karty pracy po ukrai\u0144sku, adriana znaczenie imienia, lamiglowki slowne, mira imie, \u017cyczenia na lany poniedzia\u0142ek wielkanocny, \u015bwi\u0105teczne filmy familijne, kr\u00f3tkie zagadki logiczne, narodziny dziecka cytaty, test narnia lew czarownica i stara szafa, dziecko cytaty, maska kota do druku, kolorowanki my little pony<\/p>\n<p>yyyyy<\/p>\n<p>&nbsp;<\/p>\n","protected":false},"excerpt":{"rendered":"<p>Laptop o przek\u0105tnej 14 cali oraz rozdzielczo\u015bci 2560 x 1600 pikseli, wyposa\u017cony w procesor AMD Ryzen 9 6900HS o cz\u0119stotliwo\u015bci 3.3 &#8211; 4.9 GHz, pami\u0119\u0107 RAM DDR5 o wielko\u015bci 32 GB. Dysk SSD o pojemno\u015bci 1 TB. Karta graficzna to AMD Radeon RX 6800S z 8 GB pami\u0119ci\u0105. Zainstalowany system operacyjny Windows 11 Home. Laptop [&hellip;]<\/p>\n","protected":false},"featured_media":11487,"comment_status":"closed","ping_status":"open","template":"","meta":[],"product_cat":[2000,2023],"product_tag":[612,624,855,579,791],"class_list":["post-11486","product","type-product","status-publish","has-post-thumbnail","hentry","product_cat-asus","product_cat-laptopy","product_tag-kolorowanki-do-druku","product_tag-krotkie-zagadki","product_tag-nietypowe-imiona-zenskie","product_tag-quiz-opowiesci-z-narnii-lew-czarownica-i-stara-szafa","product_tag-zagadki-na-myslenie"],"_links":{"self":[{"href":"http:\/\/klubmamgdynia.pl\/index.php\/wp-json\/wp\/v2\/product\/11486","targetHints":{"allow":["GET"]}}],"collection":[{"href":"http:\/\/klubmamgdynia.pl\/index.php\/wp-json\/wp\/v2\/product"}],"about":[{"href":"http:\/\/klubmamgdynia.pl\/index.php\/wp-json\/wp\/v2\/types\/product"}],"replies":[{"embeddable":true,"href":"http:\/\/klubmamgdynia.pl\/index.php\/wp-json\/wp\/v2\/comments?post=11486"}],"wp:featuredmedia":[{"embeddable":true,"href":"http:\/\/klubmamgdynia.pl\/index.php\/wp-json\/wp\/v2\/media\/11487"}],"wp:attachment":[{"href":"http:\/\/klubmamgdynia.pl\/index.php\/wp-json\/wp\/v2\/media?parent=11486"}],"wp:term":[{"taxonomy":"product_cat","embeddable":true,"href":"http:\/\/klubmamgdynia.pl\/index.php\/wp-json\/wp\/v2\/product_cat?post=11486"},{"taxonomy":"product_tag","embeddable":true,"href":"http:\/\/klubmamgdynia.pl\/index.php\/wp-json\/wp\/v2\/product_tag?post=11486"}],"curies":[{"name":"wp","href":"https:\/\/api.w.org\/{rel}","templated":true}]}}