{"id":11488,"date":"2013-06-24T00:39:50","date_gmt":"2013-06-23T22:39:50","guid":{"rendered":"http:\/\/klubmamgdynia.pl\/index.php\/produkt\/nintendo-ds-lite-zasilacz\/"},"modified":"2026-05-17T22:45:42","modified_gmt":"2026-05-17T20:45:42","slug":"nintendo-ds-lite-zasilacz","status":"publish","type":"product","link":"http:\/\/klubmamgdynia.pl\/index.php\/produkt\/nintendo-ds-lite-zasilacz\/","title":{"rendered":"Nintendo DS lite zasilacz"},"content":{"rendered":"<p>Nintendo DS lite zasilacz<\/p>\n<h2>Nintendo DS lite zasilacz Nintendo<\/h2>\n<p>prezent dla 15 latki, jeremi imi\u0119, eksperymenty dla dzieci wulkan, swinka peppa do czytania, ko\u0142ysanki dla dzieci + tekst, jesienne zagadki, bajka o emocjach, tajemniczy ogr\u00f3d test z odpowiedziami, cytaty o rodzinie i dzieciach, cytaty z ma\u0142ego ksi\u0119cia, quizy i zagadki wielkanocne, karty pracy dla dzieci z ukrainy do druku, kolorowanki do druku dla dziewczyn, prezent dla 15 latki, trudne zagadki na inteligencj\u0119, magiczne drzewo czerwone krzes\u0142o test, sentencje o przyja\u017ani, upominek dla nastolatk\u00f3w<\/p>\n<p>yyyyy<\/p>\n<p>&nbsp;<\/p>\n","protected":false},"excerpt":{"rendered":"<p>Nintendo DS lite zasilacz Nintendo DS lite zasilacz Nintendo prezent dla 15 latki, jeremi imi\u0119, eksperymenty dla dzieci wulkan, swinka peppa do czytania, ko\u0142ysanki dla dzieci + tekst, jesienne zagadki, bajka o emocjach, tajemniczy ogr\u00f3d test z odpowiedziami, cytaty o rodzinie i dzieciach, cytaty z ma\u0142ego ksi\u0119cia, quizy i zagadki wielkanocne, karty pracy dla dzieci [&hellip;]<\/p>\n","protected":false},"featured_media":11489,"comment_status":"closed","ping_status":"open","template":"","meta":[],"product_cat":[440,410],"product_tag":[864,680,730,779],"class_list":["post-11488","product","type-product","status-publish","has-post-thumbnail","hentry","product_cat-akumulatory-i-ladowarki-do-konsol-i-kontrolerow","product_cat-nintendo","product_tag-basen-warszawa","product_tag-cytaty-z-malego-ksiecia","product_tag-karyna","product_tag-zarty-na-prima-aprilis-w-domu"],"_links":{"self":[{"href":"http:\/\/klubmamgdynia.pl\/index.php\/wp-json\/wp\/v2\/product\/11488","targetHints":{"allow":["GET"]}}],"collection":[{"href":"http:\/\/klubmamgdynia.pl\/index.php\/wp-json\/wp\/v2\/product"}],"about":[{"href":"http:\/\/klubmamgdynia.pl\/index.php\/wp-json\/wp\/v2\/types\/product"}],"replies":[{"embeddable":true,"href":"http:\/\/klubmamgdynia.pl\/index.php\/wp-json\/wp\/v2\/comments?post=11488"}],"wp:featuredmedia":[{"embeddable":true,"href":"http:\/\/klubmamgdynia.pl\/index.php\/wp-json\/wp\/v2\/media\/11489"}],"wp:attachment":[{"href":"http:\/\/klubmamgdynia.pl\/index.php\/wp-json\/wp\/v2\/media?parent=11488"}],"wp:term":[{"taxonomy":"product_cat","embeddable":true,"href":"http:\/\/klubmamgdynia.pl\/index.php\/wp-json\/wp\/v2\/product_cat?post=11488"},{"taxonomy":"product_tag","embeddable":true,"href":"http:\/\/klubmamgdynia.pl\/index.php\/wp-json\/wp\/v2\/product_tag?post=11488"}],"curies":[{"name":"wp","href":"https:\/\/api.w.org\/{rel}","templated":true}]}}