{"id":11490,"date":"2017-05-26T23:44:17","date_gmt":"2017-05-26T21:44:17","guid":{"rendered":"http:\/\/klubmamgdynia.pl\/index.php\/produkt\/jakie-macie-postacie-gra-obrazkowa\/"},"modified":"2026-05-01T03:24:27","modified_gmt":"2026-05-01T01:24:27","slug":"jakie-macie-postacie-gra-obrazkowa","status":"publish","type":"product","link":"http:\/\/klubmamgdynia.pl\/index.php\/produkt\/jakie-macie-postacie-gra-obrazkowa\/","title":{"rendered":"Jakie macie postacie? Gra obrazkowa"},"content":{"rendered":"<p>Autor:ISBN: 4+EAN: 5906018017953Wydawnictwo: AlexanderWydanie: pude\u0142ko,11,3x18x3,6 cmStrony:Gra w dw\u00f3ch wariantach, w kt\u00f3rej zwyci\u0119zc\u0105 zostanie ten, kto b\u0119dzie najbardziej spostrzegawczy i znajdzie najszybciej elementy, z kt\u00f3rych u\u0142o\u017cy najwi\u0119cej postaci.Zawarto\u015b\u0107:tabliczki 36 sztuk<\/p>\n<h2>Jakie macie postacie? Gra obrazkowa Alexander<\/h2>\n<p>bianka, nauka pisania wyraz\u00f3w dla dzieci do druku pdf, kr\u00f3tkie bajki do czytania na dobranoc, asiunia &#8211; test z lektury pdf, kolorowanka pokemon, ewelina, miko\u0142ajki dla dzieci warszawa 2021, sybilla, bajka do czytania, wiosenna kolorowanka, pisanie literek do druku, kiekrz, \u0142amig\u0142\u00f3wki matematyczne, bajka na dobranoc, pomys\u0142y na prezent dla nastolatki, filmy wigilijne dla dzieci, prezent dla dziewczynki 7 lat<\/p>\n<p>yyyyy<\/p>\n<p>&nbsp;<\/p>\n","protected":false},"excerpt":{"rendered":"<p>Autor:ISBN: 4+EAN: 5906018017953Wydawnictwo: AlexanderWydanie: pude\u0142ko,11,3x18x3,6 cmStrony:Gra w dw\u00f3ch wariantach, w kt\u00f3rej zwyci\u0119zc\u0105 zostanie ten, kto b\u0119dzie najbardziej spostrzegawczy i znajdzie najszybciej elementy, z kt\u00f3rych u\u0142o\u017cy najwi\u0119cej postaci.Zawarto\u015b\u0107:tabliczki 36 sztuk Jakie macie postacie? Gra obrazkowa Alexander bianka, nauka pisania wyraz\u00f3w dla dzieci do druku pdf, kr\u00f3tkie bajki do czytania na dobranoc, asiunia &#8211; test z lektury [&hellip;]<\/p>\n","protected":false},"featured_media":11491,"comment_status":"closed","ping_status":"open","template":"","meta":[],"product_cat":[246,130],"product_tag":[831,740,755,602],"class_list":["post-11490","product","type-product","status-publish","has-post-thumbnail","hentry","product_cat-alexander","product_cat-gry-dzieciece","product_tag-bruno","product_tag-fajne-prezenty-dla-nastolatkow","product_tag-henryk","product_tag-quiz-o-zwierzetach-domowych"],"_links":{"self":[{"href":"http:\/\/klubmamgdynia.pl\/index.php\/wp-json\/wp\/v2\/product\/11490","targetHints":{"allow":["GET"]}}],"collection":[{"href":"http:\/\/klubmamgdynia.pl\/index.php\/wp-json\/wp\/v2\/product"}],"about":[{"href":"http:\/\/klubmamgdynia.pl\/index.php\/wp-json\/wp\/v2\/types\/product"}],"replies":[{"embeddable":true,"href":"http:\/\/klubmamgdynia.pl\/index.php\/wp-json\/wp\/v2\/comments?post=11490"}],"wp:featuredmedia":[{"embeddable":true,"href":"http:\/\/klubmamgdynia.pl\/index.php\/wp-json\/wp\/v2\/media\/11491"}],"wp:attachment":[{"href":"http:\/\/klubmamgdynia.pl\/index.php\/wp-json\/wp\/v2\/media?parent=11490"}],"wp:term":[{"taxonomy":"product_cat","embeddable":true,"href":"http:\/\/klubmamgdynia.pl\/index.php\/wp-json\/wp\/v2\/product_cat?post=11490"},{"taxonomy":"product_tag","embeddable":true,"href":"http:\/\/klubmamgdynia.pl\/index.php\/wp-json\/wp\/v2\/product_tag?post=11490"}],"curies":[{"name":"wp","href":"https:\/\/api.w.org\/{rel}","templated":true}]}}