{"id":11492,"date":"2024-03-21T22:46:59","date_gmt":"2024-03-21T21:46:59","guid":{"rendered":"http:\/\/klubmamgdynia.pl\/?post_type=product&#038;p=11492"},"modified":"2026-04-03T20:28:31","modified_gmt":"2026-04-03T18:28:31","slug":"malpiszon-deska-do-balansowania-korkowa-duzy-ebony","status":"publish","type":"product","link":"http:\/\/klubmamgdynia.pl\/index.php\/produkt\/malpiszon-deska-do-balansowania-korkowa-duzy-ebony\/","title":{"rendered":"Ma\u0142piszon deska do balansowania korkowa du\u017cy ebony"},"content":{"rendered":"<p>ELEMENTY ZESTAWUdeska do balansowaniaWAZNEWymiary: 106 \u00d7 33 \u00d7 24 cmKolorystyka: natural, olive, teak, bamboo, ebony, zebranoZalecenia producenta: dzieci od 2 do 7 lat powinny \u0107wiczy\u0107 tylko pod nadzorem rodzic\u00f3w.Max. obci\u0105\u017cenie 150 kg (du\u017cy)<\/p>\n<h2>Ma\u0142piszon deska do balansowania korkowa du\u017cy ebony Ma\u0142piszon<\/h2>\n<p>plac zabaw pozna\u0144, jaki prezent na roczek dla ch\u0142opca, cytaty ma\u0142y ksi\u0105\u017ce, cytat o przyja\u017ani, \u015bmieszne zagadki, prezent dla dziecka 1 rok, quizy o minecraft, logiczne zagadki dla dzieci, mi\u015b z filmu animowanego, zimowe zabawy dla dzieci, \u0142amig\u0142\u00f3wki dla dzieci, logiczne zagadki, prezent na pierwsze urodziny, rozalia imie, mia imie, mi\u0142o\u015b\u0107 do dziecka cytaty, pan twardowski na ksi\u0119\u017cycu wiersz<\/p>\n<p>yyyyy<\/p>\n<p>&nbsp;<\/p>\n","protected":false},"excerpt":{"rendered":"<p>ELEMENTY ZESTAWUdeska do balansowaniaWAZNEWymiary: 106 \u00d7 33 \u00d7 24 cmKolorystyka: natural, olive, teak, bamboo, ebony, zebranoZalecenia producenta: dzieci od 2 do 7 lat powinny \u0107wiczy\u0107 tylko pod nadzorem rodzic\u00f3w.Max. obci\u0105\u017cenie 150 kg (du\u017cy) Ma\u0142piszon deska do balansowania korkowa du\u017cy ebony Ma\u0142piszon plac zabaw pozna\u0144, jaki prezent na roczek dla ch\u0142opca, cytaty ma\u0142y ksi\u0105\u017ce, cytat o [&hellip;]<\/p>\n","protected":false},"featured_media":11493,"comment_status":"closed","ping_status":"open","template":"","meta":[],"product_cat":[1539,2024],"product_tag":[668,792,711,586,824],"class_list":["post-11492","product","type-product","status-publish","has-post-thumbnail","hentry","product_cat-bujaki-i-zabawki-na-biegunach","product_cat-malpiszon","product_tag-atrakcje-dla-dzieci-wroclaw","product_tag-cytaty-o-mamie","product_tag-prezenty-dla-nastolatkow","product_tag-smieszne-zagadki","product_tag-warszawa-atrakcje-dla-dzieci"],"_links":{"self":[{"href":"http:\/\/klubmamgdynia.pl\/index.php\/wp-json\/wp\/v2\/product\/11492","targetHints":{"allow":["GET"]}}],"collection":[{"href":"http:\/\/klubmamgdynia.pl\/index.php\/wp-json\/wp\/v2\/product"}],"about":[{"href":"http:\/\/klubmamgdynia.pl\/index.php\/wp-json\/wp\/v2\/types\/product"}],"replies":[{"embeddable":true,"href":"http:\/\/klubmamgdynia.pl\/index.php\/wp-json\/wp\/v2\/comments?post=11492"}],"wp:featuredmedia":[{"embeddable":true,"href":"http:\/\/klubmamgdynia.pl\/index.php\/wp-json\/wp\/v2\/media\/11493"}],"wp:attachment":[{"href":"http:\/\/klubmamgdynia.pl\/index.php\/wp-json\/wp\/v2\/media?parent=11492"}],"wp:term":[{"taxonomy":"product_cat","embeddable":true,"href":"http:\/\/klubmamgdynia.pl\/index.php\/wp-json\/wp\/v2\/product_cat?post=11492"},{"taxonomy":"product_tag","embeddable":true,"href":"http:\/\/klubmamgdynia.pl\/index.php\/wp-json\/wp\/v2\/product_tag?post=11492"}],"curies":[{"name":"wp","href":"https:\/\/api.w.org\/{rel}","templated":true}]}}