{"id":11494,"date":"2011-10-23T03:34:37","date_gmt":"2011-10-23T01:34:37","guid":{"rendered":"http:\/\/klubmamgdynia.pl\/index.php\/produkt\/steelseries-arctis-7x-czarno-zielony-61466\/"},"modified":"2026-04-25T00:15:11","modified_gmt":"2026-04-24T22:15:11","slug":"steelseries-arctis-7x-czarno-zielony-61466","status":"publish","type":"product","link":"http:\/\/klubmamgdynia.pl\/index.php\/produkt\/steelseries-arctis-7x-czarno-zielony-61466\/","title":{"rendered":"STEELSERIES Arctis 7X Czarno-zielony (61466)"},"content":{"rendered":"<p>ARCTIS 7X to bezprzewodowy zestaw s\u0142uchawkowy do gier. Stworzony z my\u015bl\u0105 o konsoli Xbox Series X|S i zgodny z Xbox One, PC, Nintendo Switch i systemem Android. Bezstratny d\u017awi\u0119k bezprzewodowy w pa\u015bmie 2,4 GHz zaprojektowany z my\u015bl\u0105 o bardzo ma\u0142ych op\u00f3\u017anieniach w grach. Dwukierunkowy mikrofon ClearCast z certyfikatem Discord. Us\u0142ysz osza\u0142amiaj\u0105ce detale we wszystkich grach nowej generacji dzi\u0119ki wielokrotnie nagradzanemu d\u017awi\u0119kowi. 24-godzinna \u017cywotno\u015b\u0107 baterii wystarczy na najd\u0142u\u017csze sesje grania.<\/p>\n<h2>STEELSERIES Arctis 7X Czarno-zielony (61466) Steelseries<\/h2>\n<p>dziwne zagadki, prezent dla dziewczynki na roczek, maska wilka szablon, zaproszenie na urodziny do druku, akademia pana kleksa test do druku, gabriela imie, kolorowanki do druku super zings, bajki do czytania psi patrol, cytat z kubusia puchatka o mi\u0142o\u015bci, ba\u0142wanek do druku<\/p>\n<p>yyyyy<\/p>\n<p>&nbsp;<\/p>\n","protected":false},"excerpt":{"rendered":"<p>ARCTIS 7X to bezprzewodowy zestaw s\u0142uchawkowy do gier. Stworzony z my\u015bl\u0105 o konsoli Xbox Series X|S i zgodny z Xbox One, PC, Nintendo Switch i systemem Android. Bezstratny d\u017awi\u0119k bezprzewodowy w pa\u015bmie 2,4 GHz zaprojektowany z my\u015bl\u0105 o bardzo ma\u0142ych op\u00f3\u017anieniach w grach. Dwukierunkowy mikrofon ClearCast z certyfikatem Discord. Us\u0142ysz osza\u0142amiaj\u0105ce detale we wszystkich grach [&hellip;]<\/p>\n","protected":false},"featured_media":11495,"comment_status":"closed","ping_status":"open","template":"","meta":[],"product_cat":[1951,2013],"product_tag":[580,644,636,737,659,693],"class_list":["post-11494","product","type-product","status-publish","has-post-thumbnail","hentry","product_cat-sluchawki-komputerowe","product_cat-steelseries","product_tag-janusz","product_tag-mia","product_tag-teksty-kolysanek","product_tag-test-z-lektury-felix-net-i-nika-oraz-gang-niewidzialnych-ludzi","product_tag-tupu-tup-po-sniegu-tekst","product_tag-zagadki-dla-doroslych"],"_links":{"self":[{"href":"http:\/\/klubmamgdynia.pl\/index.php\/wp-json\/wp\/v2\/product\/11494","targetHints":{"allow":["GET"]}}],"collection":[{"href":"http:\/\/klubmamgdynia.pl\/index.php\/wp-json\/wp\/v2\/product"}],"about":[{"href":"http:\/\/klubmamgdynia.pl\/index.php\/wp-json\/wp\/v2\/types\/product"}],"replies":[{"embeddable":true,"href":"http:\/\/klubmamgdynia.pl\/index.php\/wp-json\/wp\/v2\/comments?post=11494"}],"wp:featuredmedia":[{"embeddable":true,"href":"http:\/\/klubmamgdynia.pl\/index.php\/wp-json\/wp\/v2\/media\/11495"}],"wp:attachment":[{"href":"http:\/\/klubmamgdynia.pl\/index.php\/wp-json\/wp\/v2\/media?parent=11494"}],"wp:term":[{"taxonomy":"product_cat","embeddable":true,"href":"http:\/\/klubmamgdynia.pl\/index.php\/wp-json\/wp\/v2\/product_cat?post=11494"},{"taxonomy":"product_tag","embeddable":true,"href":"http:\/\/klubmamgdynia.pl\/index.php\/wp-json\/wp\/v2\/product_tag?post=11494"}],"curies":[{"name":"wp","href":"https:\/\/api.w.org\/{rel}","templated":true}]}}