{"id":11496,"date":"2014-03-15T07:28:24","date_gmt":"2014-03-15T06:28:24","guid":{"rendered":"http:\/\/klubmamgdynia.pl\/index.php\/produkt\/mad-doggh800-7-1\/"},"modified":"2026-04-06T13:59:59","modified_gmt":"2026-04-06T11:59:59","slug":"mad-doggh800-7-1","status":"publish","type":"product","link":"http:\/\/klubmamgdynia.pl\/index.php\/produkt\/mad-doggh800-7-1\/","title":{"rendered":"Mad DogGH800 7.1"},"content":{"rendered":"<p>S\u0142uchawki MAD DOG GH800 7.1                            <\/p>\n<p>Niezawodne i efektowneSzukasz niezawodnych s\u0142uchawek gamingowych, kt\u00f3re dodadz\u0105 charakteru ka\u017cdej rozgrywce? Postaw na MAD DOG GH800 z funkcj\u0105 d\u017awi\u0119ku przestrzennego 7.1. Lekka, wytrzyma\u0142a konstrukcja z regulowanym pa\u0142\u0105kiem oraz mi\u0119kkimi poduszkami zapewnia doskona\u0142e dopasowanie oraz wysoki komfort u\u017cytkowania. Spo\u015br\u00f3d innych szczeg\u00f3lnie wyr\u00f3\u017cnia je wielokolorowe o\u015bwietlenie RGB.                            <\/p>\n<p>W kontakcie z dru\u017cyn\u0105S\u0142uchawki MAD DOG GH800 7.1 zosta\u0142y wyposa\u017cone w odpinany mikrofon o czu\u0142o\u015bci -42 +\/- 3 dB. Dzi\u0119ki temu ka\u017cda dru\u017cynowa narada odb\u0119dzie si\u0119 bez szum\u00f3w i pisk\u00f3w.                            <\/p>\n<p>\u015awietna jako\u015b\u0107 d\u017awi\u0119kuDzi\u0119ki wykorzystaniu technologii przestrzennego d\u017awi\u0119ku 7.1 podczas ka\u017cdej rozgrywki znajdziesz si\u0119 w samym centrum akcji! Membrana o \u015brednicy 53 mm i czu\u0142o\u015b\u0107 na poziomie 106 dB sprawiaj\u0105, \u017ce nie umknie Ci nawet najdrobniejszy szczeg\u00f3\u0142.                            <\/p>\n<p>Efektowne pod\u015bwietlenieWielokolorowe pod\u015bwietlenie RGB wykorzystane w s\u0142uchawkach MAD DOG GH800 7.1 sprawi, \u017ce wyr\u00f3\u017cnisz si\u0119 spo\u015br\u00f3d innych graczy i streamer\u00f3w!                            <\/p>\n<p>Funkcjonalny pilotNa 2,5 metrowym kablu s\u0142uchawek MAD DOG GH800 7.1 umieszczono wygodny pilot, dzi\u0119ki kt\u00f3remu szybko dopasujesz do swoich preferencji g\u0142o\u015bno\u015b\u0107 d\u017awi\u0119ku czy wyciszysz mikrofon. Pilot pozwala te\u017c na zmian\u0119 koloru pod\u015bwietlenia s\u0142uchawek.                            <\/p>\n<p>Idealne na d\u0142ugie rozgrywkiNowoczesna konstrukcja z regulowanym pa\u0142\u0105kiem oraz mi\u0119kkimi nausznikami zapewni Ci wysoki komfort u\u017cytkowania nawet podczas wielogodzinnych rozgrywek. S\u0142uchawki posiadaj\u0105 z\u0142\u0105cze USB 2.0, dzi\u0119ki czemu s\u0105 kompatybilne z komputerami osobistymi i laptopami.                            <\/p>\n<p>Co w pude\u0142ku?W opakowaniu opr\u00f3cz s\u0142uchawek znajdziesz instrukcj\u0119 obs\u0142ugi w j\u0119zyku polskim z warunkami gwarancji.<\/p>\n<h2>Mad DogGH800 7.1 Mad Dog<\/h2>\n<p>jak namalowa\u0107 kota, kolorowanki minecraft, dobranoc pch\u0142y na noc, prezent dla 7 latki, cytaty o dzieciach i rodzicach, zagadki matematyczne logiczne, wroclaw atrakcje dla dzieci, miko\u0142ajek quiz, pozna\u0144 atrakcje dla dzieci, otto, ozdoby choinkowe dla dzieci, karty pracy obrazki do wyklejania plastelin\u0105, prezent dla rocznego dziecka, cytaty dla mamy od c\u00f3rki, kolorowanki dla dziewczynek 10 lat, pola imie<\/p>\n<p>yyyyy<\/p>\n<p>&nbsp;<\/p>\n","protected":false},"excerpt":{"rendered":"<p>S\u0142uchawki MAD DOG GH800 7.1 Niezawodne i efektowneSzukasz niezawodnych s\u0142uchawek gamingowych, kt\u00f3re dodadz\u0105 charakteru ka\u017cdej rozgrywce? Postaw na MAD DOG GH800 z funkcj\u0105 d\u017awi\u0119ku przestrzennego 7.1. Lekka, wytrzyma\u0142a konstrukcja z regulowanym pa\u0142\u0105kiem oraz mi\u0119kkimi poduszkami zapewnia doskona\u0142e dopasowanie oraz wysoki komfort u\u017cytkowania. Spo\u015br\u00f3d innych szczeg\u00f3lnie wyr\u00f3\u017cnia je wielokolorowe o\u015bwietlenie RGB. W kontakcie z dru\u017cyn\u0105S\u0142uchawki MAD [&hellip;]<\/p>\n","protected":false},"featured_media":11497,"comment_status":"closed","ping_status":"open","template":"","meta":[],"product_cat":[2025,1951],"product_tag":[829,675,576,762,760],"class_list":["post-11496","product","type-product","status-publish","has-post-thumbnail","hentry","product_cat-mad-dog","product_cat-sluchawki-komputerowe","product_tag-bajki-do-czytania-na-dobranoc","product_tag-test-z-lektury-kajko-i-kokosz-szkola-latania","product_tag-trudne-zagadki","product_tag-trudne-zagadki-dla-dzieci","product_tag-zagadka-matematyczna"],"_links":{"self":[{"href":"http:\/\/klubmamgdynia.pl\/index.php\/wp-json\/wp\/v2\/product\/11496","targetHints":{"allow":["GET"]}}],"collection":[{"href":"http:\/\/klubmamgdynia.pl\/index.php\/wp-json\/wp\/v2\/product"}],"about":[{"href":"http:\/\/klubmamgdynia.pl\/index.php\/wp-json\/wp\/v2\/types\/product"}],"replies":[{"embeddable":true,"href":"http:\/\/klubmamgdynia.pl\/index.php\/wp-json\/wp\/v2\/comments?post=11496"}],"wp:featuredmedia":[{"embeddable":true,"href":"http:\/\/klubmamgdynia.pl\/index.php\/wp-json\/wp\/v2\/media\/11497"}],"wp:attachment":[{"href":"http:\/\/klubmamgdynia.pl\/index.php\/wp-json\/wp\/v2\/media?parent=11496"}],"wp:term":[{"taxonomy":"product_cat","embeddable":true,"href":"http:\/\/klubmamgdynia.pl\/index.php\/wp-json\/wp\/v2\/product_cat?post=11496"},{"taxonomy":"product_tag","embeddable":true,"href":"http:\/\/klubmamgdynia.pl\/index.php\/wp-json\/wp\/v2\/product_tag?post=11496"}],"curies":[{"name":"wp","href":"https:\/\/api.w.org\/{rel}","templated":true}]}}