{"id":11498,"date":"2013-03-31T12:31:46","date_gmt":"2013-03-31T10:31:46","guid":{"rendered":"http:\/\/klubmamgdynia.pl\/index.php\/produkt\/clementoni-marvel-avengers-2060100180el-linia-specjalna\/"},"modified":"2026-04-30T19:30:54","modified_gmt":"2026-04-30T17:30:54","slug":"clementoni-marvel-avengers-2060100180el-linia-specjalna","status":"publish","type":"product","link":"http:\/\/klubmamgdynia.pl\/index.php\/produkt\/clementoni-marvel-avengers-2060100180el-linia-specjalna\/","title":{"rendered":"Clementoni Marvel Avengers 20+60+100+180El. Linia Specjalna"},"content":{"rendered":"<p>Poczw\u00f3rna rado\u015b\u0107 uk\u0142adania z zestawem puzzli CLEMENTONI. Tam gdzie jeden superbohater to za ma\u0142o pojawiaj\u0105 si\u0119 oni! Dzielni cz\u0142onkowie dru\u017cyny Avengers w mgnieniu oka rozprawi\u0105 si\u0119 ze z\u0142em. Nieustraszeni, niezwyci\u0119\u017ceni superbohaterowie zapraszaj\u0105 do wspania\u0142ej przygody z puzzlami CLEMENTONI. U\u0142\u00f3\u017c wszystkie cztery obrazki i ciesz si\u0119 ilustracjami z podobiznami swoich ulubie\u0144c\u00f3w. Opraw puzzle w ramk\u0119, a stan\u0105 si\u0119 wyj\u0105tkow\u0105 ozdob\u0105 Twojego pokoju.Pi\u0119kne, b\u0142yszcz\u0105ce, nasycone barwami elementy uk\u0142adanki urzekn\u0105 najbardziej wymagaj\u0105cego u\u017cytkownika. Za wspania\u0142e, \u017cywe kolory odpowiada specjalna technologia druku gwarantuj\u0105ca niezmienna, najwy\u017csz\u0105 jako\u015b\u0107 obrazk\u00f3w. Uk\u0142adanie puzzli to znakomity trening poprawiaj\u0105cy pami\u0119\u0107, kt\u00f3ry rozwija wyobra\u017ani\u0119, uczy cierpliwo\u015bci, logicznego my\u015blenia. Podczas zabawy dziecko \u0107wiczy zr\u0119czno\u015b\u0107 manualna i spostrzegawczo\u015b\u0107. Ca\u0142o\u015b\u0107 wykonana jest z materia\u0142\u00f3w najwy\u017cszej jako\u015bci, by zapewni\u0107 d\u0142ugie i bezpieczne u\u017cytkowanie.Zestaw zawiera:uk\u0142adanka 20 element\u00f3wuk\u0142adanka 60 element\u00f3wuk\u0142adanka 100 element\u00f3wuk\u0142adanka 180 element\u00f3wprodukt nowy, oryginalnie zapakowanyprzeznaczony dla dzieci od 3 roku \u017cycia<\/p>\n<h2>Clementoni Marvel Avengers 20+60+100+180El. Linia Specjalna Clementoni<\/h2>\n<p>pomys\u0142 na prezent na roczek, znaki drogowe quiz, matylda imi\u0119, wroclaw atrakcje dla dzieci, najtrudniejsze zagadki, zagadki \u015bmieszne dla dzieci, co kupic na roczek, prezent dla pi\u0119tnastolatka, test z lektury opowie\u015bci z narnii lew czarownica i stara szafa z odpowiedziami, jakie prezenty na roczek, kartki na dobranoc dla przyjaci\u00f3\u0142, rozalia imie, ciekawostki o je\u017cach, gloria imie, bajka do czytania na dobranoc, quiz bajki, podchwytliwe zagadki dla doros\u0142ych, lol surprise kolorowanka, ka\u0142u\u017cy\u015bci, zagadki logiczne na inteligencj\u0119 dla doros\u0142ych<\/p>\n<p>yyyyy<\/p>\n<p>&nbsp;<\/p>\n","protected":false},"excerpt":{"rendered":"<p>Poczw\u00f3rna rado\u015b\u0107 uk\u0142adania z zestawem puzzli CLEMENTONI. Tam gdzie jeden superbohater to za ma\u0142o pojawiaj\u0105 si\u0119 oni! Dzielni cz\u0142onkowie dru\u017cyny Avengers w mgnieniu oka rozprawi\u0105 si\u0119 ze z\u0142em. Nieustraszeni, niezwyci\u0119\u017ceni superbohaterowie zapraszaj\u0105 do wspania\u0142ej przygody z puzzlami CLEMENTONI. U\u0142\u00f3\u017c wszystkie cztery obrazki i ciesz si\u0119 ilustracjami z podobiznami swoich ulubie\u0144c\u00f3w. Opraw puzzle w ramk\u0119, a [&hellip;]<\/p>\n","protected":false},"featured_media":11499,"comment_status":"closed","ping_status":"open","template":"","meta":[],"product_cat":[163,90],"product_tag":[676,705,850,724],"class_list":["post-11498","product","type-product","status-publish","has-post-thumbnail","hentry","product_cat-clementoni","product_cat-puzzle","product_tag-bursztynek","product_tag-prezent-na-roczek-dla-chlopca","product_tag-wroclaw-atrakcje-dla-dzieci","product_tag-zagadki-podchwytliwe"],"_links":{"self":[{"href":"http:\/\/klubmamgdynia.pl\/index.php\/wp-json\/wp\/v2\/product\/11498","targetHints":{"allow":["GET"]}}],"collection":[{"href":"http:\/\/klubmamgdynia.pl\/index.php\/wp-json\/wp\/v2\/product"}],"about":[{"href":"http:\/\/klubmamgdynia.pl\/index.php\/wp-json\/wp\/v2\/types\/product"}],"replies":[{"embeddable":true,"href":"http:\/\/klubmamgdynia.pl\/index.php\/wp-json\/wp\/v2\/comments?post=11498"}],"wp:featuredmedia":[{"embeddable":true,"href":"http:\/\/klubmamgdynia.pl\/index.php\/wp-json\/wp\/v2\/media\/11499"}],"wp:attachment":[{"href":"http:\/\/klubmamgdynia.pl\/index.php\/wp-json\/wp\/v2\/media?parent=11498"}],"wp:term":[{"taxonomy":"product_cat","embeddable":true,"href":"http:\/\/klubmamgdynia.pl\/index.php\/wp-json\/wp\/v2\/product_cat?post=11498"},{"taxonomy":"product_tag","embeddable":true,"href":"http:\/\/klubmamgdynia.pl\/index.php\/wp-json\/wp\/v2\/product_tag?post=11498"}],"curies":[{"name":"wp","href":"https:\/\/api.w.org\/{rel}","templated":true}]}}