{"id":1150,"date":"2021-02-11T16:37:51","date_gmt":"2021-02-11T15:37:51","guid":{"rendered":"http:\/\/klubmamgdynia.pl\/index.php\/produkt\/tactic-lumo-stars-niedzwiadek-honey-classic\/"},"modified":"2026-04-28T22:54:11","modified_gmt":"2026-04-28T20:54:11","slug":"tactic-lumo-stars-niedzwiadek-honey-classic","status":"publish","type":"product","link":"http:\/\/klubmamgdynia.pl\/index.php\/produkt\/tactic-lumo-stars-niedzwiadek-honey-classic\/","title":{"rendered":"Tactic Lumo Stars Nied\u017awiadek Honey classic"},"content":{"rendered":"<p>Maskotka pluszowa 15 cm marki Lumo Stars. Posiada kod do aplikacji, pozwalaj\u0105cej m. in. wysy\u0142a\u0107 zdj\u0119cia do spo\u0142eczno\u015bci, opiekowa\u0107 si\u0119 zwierz\u0105tkiem, gra\u0107 w mini gry. Wielko\u015b\u0107 15\/8,5\/12 cm. Wiek 3+. NAZWA LUMO STARS NIED\u0179WIADEK HONEY CLASSIC PRODUCENT TACTIC WIEK 3+ EAN 6416739583662 Znajd\u017a podobne wed\u0142ug klucza: TACTIC (434991)<\/p>\n<h2>Tactic Lumo Stars Nied\u017awiadek Honey classic Tactic<\/h2>\n<p>pytania wielkanocne, papierowe ozdoby \u015bwi\u0105teczne, zagadki logiczne trudne, kolorowanka dla dziewczynki, filmy wigilijne dla dzieci, karaluchy pod poduchy a szczypawki, roczek prezent, drzewo genealogiczne do druku, gwiazdka do druku, kolorowanka kotek, znajd\u017a r\u00f3\u017cnice, zak\u0142adka do ksi\u0105\u017cki szablon, prosta zagadka, quizy dla dzieci 10 lat, zagadki matematyczne dla dzieci 7 lat, przechowywanie zabawek, prezenty na roczek dla ch\u0142opca, zagadki logiczne \u015bmieszne, quizy dla dzieci 10 lat<\/p>\n<p>yyyyy<\/p>\n<p>&nbsp;<\/p>\n","protected":false},"excerpt":{"rendered":"<p>Maskotka pluszowa 15 cm marki Lumo Stars. Posiada kod do aplikacji, pozwalaj\u0105cej m. in. wysy\u0142a\u0107 zdj\u0119cia do spo\u0142eczno\u015bci, opiekowa\u0107 si\u0119 zwierz\u0105tkiem, gra\u0107 w mini gry. Wielko\u015b\u0107 15\/8,5\/12 cm. Wiek 3+. NAZWA LUMO STARS NIED\u0179WIADEK HONEY CLASSIC PRODUCENT TACTIC WIEK 3+ EAN 6416739583662 Znajd\u017a podobne wed\u0142ug klucza: TACTIC (434991) Tactic Lumo Stars Nied\u017awiadek Honey classic Tactic [&hellip;]<\/p>\n","protected":false},"featured_media":1151,"comment_status":"closed","ping_status":"open","template":"","meta":[],"product_cat":[42,243],"product_tag":[752,623,791],"class_list":["post-1150","product","type-product","status-publish","has-post-thumbnail","hentry","product_cat-maskotki","product_cat-tactic","product_tag-kuba-imie","product_tag-zagadki-logiczne-smieszne","product_tag-zagadki-na-myslenie"],"_links":{"self":[{"href":"http:\/\/klubmamgdynia.pl\/index.php\/wp-json\/wp\/v2\/product\/1150","targetHints":{"allow":["GET"]}}],"collection":[{"href":"http:\/\/klubmamgdynia.pl\/index.php\/wp-json\/wp\/v2\/product"}],"about":[{"href":"http:\/\/klubmamgdynia.pl\/index.php\/wp-json\/wp\/v2\/types\/product"}],"replies":[{"embeddable":true,"href":"http:\/\/klubmamgdynia.pl\/index.php\/wp-json\/wp\/v2\/comments?post=1150"}],"wp:featuredmedia":[{"embeddable":true,"href":"http:\/\/klubmamgdynia.pl\/index.php\/wp-json\/wp\/v2\/media\/1151"}],"wp:attachment":[{"href":"http:\/\/klubmamgdynia.pl\/index.php\/wp-json\/wp\/v2\/media?parent=1150"}],"wp:term":[{"taxonomy":"product_cat","embeddable":true,"href":"http:\/\/klubmamgdynia.pl\/index.php\/wp-json\/wp\/v2\/product_cat?post=1150"},{"taxonomy":"product_tag","embeddable":true,"href":"http:\/\/klubmamgdynia.pl\/index.php\/wp-json\/wp\/v2\/product_tag?post=1150"}],"curies":[{"name":"wp","href":"https:\/\/api.w.org\/{rel}","templated":true}]}}