{"id":11500,"date":"2024-08-03T04:01:18","date_gmt":"2024-08-03T02:01:18","guid":{"rendered":"http:\/\/klubmamgdynia.pl\/?post_type=product&#038;p=11500"},"modified":"2026-05-17T22:32:30","modified_gmt":"2026-05-17T20:32:30","slug":"the-legend-of-heroes-trails-of-cold-steel-iv-frontline-edition-gra-ns","status":"publish","type":"product","link":"http:\/\/klubmamgdynia.pl\/index.php\/produkt\/the-legend-of-heroes-trails-of-cold-steel-iv-frontline-edition-gra-ns\/","title":{"rendered":"The Legend of Heroes Trails of Cold Steel IV Frontline Edition (gra NS)"},"content":{"rendered":"<p>Gra jRPG w klimacie fantasy, stanowi\u0105ca czwart\u0105 ods\u0142on\u0119 popularnego cyklu Trails of Cold Steel.<\/p>\n<h2>The Legend of Heroes Trails of Cold Steel IV Frontline Edition (gra NS) NIS America<\/h2>\n<p>cytaty na dzie\u0144 nauczyciela, krok jak narysowa\u0107 konia, kaczuszka, god\u0142o polski do druku, uk\u0142ad s\u0142oneczny dla dzieci do druku, imiona dla ch\u0142opc\u00f3w, zagadki z odpowiedziami, kolorowanki dla dzieci do druku, korczak cytaty, czapka g\u00f3rnika kolorowanka, iwo imie, karty pracy dla dzieci z ukrainy do druku, prezent dla nastolatk\u00f3w na \u015bwi\u0119ta<\/p>\n<p>yyyyy<\/p>\n<p>&nbsp;<\/p>\n","protected":false},"excerpt":{"rendered":"<p>Gra jRPG w klimacie fantasy, stanowi\u0105ca czwart\u0105 ods\u0142on\u0119 popularnego cyklu Trails of Cold Steel. The Legend of Heroes Trails of Cold Steel IV Frontline Edition (gra NS) NIS America cytaty na dzie\u0144 nauczyciela, krok jak narysowa\u0107 konia, kaczuszka, god\u0142o polski do druku, uk\u0142ad s\u0142oneczny dla dzieci do druku, imiona dla ch\u0142opc\u00f3w, zagadki z odpowiedziami, kolorowanki [&hellip;]<\/p>\n","protected":false},"featured_media":11501,"comment_status":"closed","ping_status":"open","template":"","meta":[],"product_cat":[348,458],"product_tag":[700,662,612,705],"class_list":["post-11500","product","type-product","status-publish","has-post-thumbnail","hentry","product_cat-gry-nintendo-switch","product_cat-nis-america","product_tag-bajki-do-czytania-dla-dzieci","product_tag-bajki-na-dobranoc","product_tag-kolorowanki-do-druku","product_tag-prezent-na-roczek-dla-chlopca"],"_links":{"self":[{"href":"http:\/\/klubmamgdynia.pl\/index.php\/wp-json\/wp\/v2\/product\/11500","targetHints":{"allow":["GET"]}}],"collection":[{"href":"http:\/\/klubmamgdynia.pl\/index.php\/wp-json\/wp\/v2\/product"}],"about":[{"href":"http:\/\/klubmamgdynia.pl\/index.php\/wp-json\/wp\/v2\/types\/product"}],"replies":[{"embeddable":true,"href":"http:\/\/klubmamgdynia.pl\/index.php\/wp-json\/wp\/v2\/comments?post=11500"}],"wp:featuredmedia":[{"embeddable":true,"href":"http:\/\/klubmamgdynia.pl\/index.php\/wp-json\/wp\/v2\/media\/11501"}],"wp:attachment":[{"href":"http:\/\/klubmamgdynia.pl\/index.php\/wp-json\/wp\/v2\/media?parent=11500"}],"wp:term":[{"taxonomy":"product_cat","embeddable":true,"href":"http:\/\/klubmamgdynia.pl\/index.php\/wp-json\/wp\/v2\/product_cat?post=11500"},{"taxonomy":"product_tag","embeddable":true,"href":"http:\/\/klubmamgdynia.pl\/index.php\/wp-json\/wp\/v2\/product_tag?post=11500"}],"curies":[{"name":"wp","href":"https:\/\/api.w.org\/{rel}","templated":true}]}}