{"id":11504,"date":"2023-02-15T13:42:28","date_gmt":"2023-02-15T12:42:28","guid":{"rendered":"http:\/\/klubmamgdynia.pl\/?post_type=product&#038;p=11504"},"modified":"2026-05-02T12:48:52","modified_gmt":"2026-05-02T10:48:52","slug":"asus-tuf-gaming-h3-czerwony-90yh02ar-b1ua00","status":"publish","type":"product","link":"http:\/\/klubmamgdynia.pl\/index.php\/produkt\/asus-tuf-gaming-h3-czerwony-90yh02ar-b1ua00\/","title":{"rendered":"Asus Tuf Gaming H3 czerwony (90YH02AR-B1UA00)"},"content":{"rendered":"<p>Lekka i wytrzyma\u0142a konstrukcja Nowy zestaw s\u0142uchawkowy TUF Gaming H3 zosta\u0142 zaprojektowany dla zapewnienia niewiarygodnego komfortu i wytrzyma\u0142o\u015bci wszystkim tym graczom, kt\u00f3rzy graj\u0105 lub strumieniuj\u0105 tre\u015bci przez d\u0142u\u017cszy czas. TUF Gaming charakteryzuje si\u0119 lekk\u0105 konstrukcj\u0105, a ponadto oferuje szybko och\u0142adzaj\u0105ce si\u0119 poduszki nauszne ASUS, pa\u0142\u0105k ze stali nierdzewnej, 50-milimetrowe przetworniki ASUS Essence oraz hermetyczne komory d\u017awi\u0119kowe. Ten zestaw s\u0142uchawkowy udoskonali Twoje wra\u017cenia d\u017awi\u0119kowe podczas rozgrywki, zapewniaj\u0105c bogate w detale i wyj\u0105tkowo immersyjne efekty audio. Niewiarygodnie g\u0142\u0119bokie basy i kryszta\u0142owo czyste detale Ekskluzywne, hermetyczne komory d\u017awi\u0119kowe i przetworniki ASUS Essence TUF Gaming H3 odziedziczy\u0142 najbardziej ikoniczne rozwi\u0105zania gamingowych zestaw\u00f3w s\u0142uchawkowych ASUS, w tym ekskluzywne, hermetyczne komory oraz przetworniki ASUS Essence, co gwarantuje bogatszy w detale i bardziej czysty d\u017awi\u0119k z mocnymi basami. Dzi\u0119ki takim rozwi\u0105zaniom podczas rozgrywki otacza Ci\u0119 bardzo immersyjny i naturalnie brzmi\u0105cy d\u017awi\u0119k. 7.1-kana\u0142owy wirtualny d\u017awi\u0119k przestrzenny Technologia 7.1-kana\u0142owego wirtualnego d\u017awi\u0119ku przestrzennego oferuje wy\u017cszy poziom precyzji d\u017awi\u0119kowej, dzi\u0119ki czemu uzyskasz przewag\u0119 nad konkurentami. Lekka i wygodna konstrukcja Przy wadze zaledwie 294 gram\u00f3w lekka konstrukcja headsetu TUF Gaming H3 zosta\u0142a zaprojektowana pod k\u0105tem zagwarantowania wysokiego komfortu u\u017cytkowania podczas przed\u0142u\u017conych sesji rozgrywki. Szybko och\u0142adzaj\u0105ce si\u0119 poduszki nauszne ASUS Zestaw s\u0142uchawkowy TUF Gaming H3 wykorzystuje szybko och\u0142adzaj\u0105ce si\u0119 poduszki nauszne ASUS, kt\u00f3re s\u0105 wykonane w 100% ze sk\u00f3ry proteinowej, a tak\u017ce szybko och\u0142adzaj\u0105cej si\u0119 pianki z efektem pami\u0119ci \u2013 dla zapewnienia najwy\u017cszego mo\u017cliwego komfortu. 1 w 100% ze sk\u00f3ry proteinowej 2. Szybko och\u0142adzaj\u0105ca si\u0119 pianka z efektem pami\u0119ci Wytrzyma\u0142a konstrukcja o d\u0142ugiej \u017cywotno\u015bci Pa\u0142\u0105k ze stali nierdzewnej Aby zestaw s\u0142uchawkowy TUF Gaming H3 Wireless wytrzyma\u0142 trudy intensywnej rozgrywki, jego pa\u0142\u0105k zosta\u0142 wykonany z wytrzyma\u0142ej stali nierdzewnej. Dla wy\u017cszego komfortu pa\u0142\u0105k zosta\u0142 zaprojektowany w taki spos\u00f3b, aby osi\u0105gn\u0105\u0107 o 20% mniejszy nacisk na uszy w por\u00f3wnaniu do innych zestaw\u00f3w s\u0142uchawkowych. Czysta komunikacja na poziomie certyfikowanym Zestaw s\u0142uchawkowy TUF Gaming H3 jest dostarczany z jednokierunkowym mikrofonem typu boom, kt\u00f3ry zosta\u0142 specjalnie dostrojony do zapewnienia wyj\u0105tkowo czystego d\u017awi\u0119ku podczas komunikacji g\u0142osowej i jest certyfikowany do u\u017cytku z wiod\u0105cymi aplikacjami do komunikacji. Intuicyjne przyciski sterowania na muszli s\u0142uchawek pozwalaj\u0105 Ci natychmiastowo regulowa\u0107 g\u0142o\u015bno\u015b\u0107 lub wyciszy\u0107 mikrofon.<\/p>\n<h2>Asus Tuf Gaming H3 czerwony (90YH02AR-B1UA00) ASUS<\/h2>\n<p>nauka zegara do druku, zagadki dla sze\u015bciolatk\u00f3w, kolorowanki my little pony, miasto dzieci krak\u00f3w, prezent dla 13 latki na \u015bwi\u0119ta, test miko\u0142ajek, dyplomy szablony pdf, kolorowanki lego friends, roczek prezent, imie kuba, malowane kamienie, w zieleni \u0142\u0105ka majowa tekst, origami dla dzieci, nela w krainie wombat\u00f3w<\/p>\n<p>yyyyy<\/p>\n<p>&nbsp;<\/p>\n","protected":false},"excerpt":{"rendered":"<p>Lekka i wytrzyma\u0142a konstrukcja Nowy zestaw s\u0142uchawkowy TUF Gaming H3 zosta\u0142 zaprojektowany dla zapewnienia niewiarygodnego komfortu i wytrzyma\u0142o\u015bci wszystkim tym graczom, kt\u00f3rzy graj\u0105 lub strumieniuj\u0105 tre\u015bci przez d\u0142u\u017cszy czas. TUF Gaming charakteryzuje si\u0119 lekk\u0105 konstrukcj\u0105, a ponadto oferuje szybko och\u0142adzaj\u0105ce si\u0119 poduszki nauszne ASUS, pa\u0142\u0105k ze stali nierdzewnej, 50-milimetrowe przetworniki ASUS Essence oraz hermetyczne komory [&hellip;]<\/p>\n","protected":false},"featured_media":11505,"comment_status":"closed","ping_status":"open","template":"","meta":[],"product_cat":[2000,1951],"product_tag":[664,784,812,607],"class_list":["post-11504","product","type-product","status-publish","has-post-thumbnail","hentry","product_cat-asus","product_cat-sluchawki-komputerowe","product_tag-atrakcje-dla-dzieci-trojmiasto","product_tag-hymn-gorniczy","product_tag-zagadki-logiczne-na-inteligencje","product_tag-zarty-na-prima-aprilis-dla-rodzicow"],"_links":{"self":[{"href":"http:\/\/klubmamgdynia.pl\/index.php\/wp-json\/wp\/v2\/product\/11504","targetHints":{"allow":["GET"]}}],"collection":[{"href":"http:\/\/klubmamgdynia.pl\/index.php\/wp-json\/wp\/v2\/product"}],"about":[{"href":"http:\/\/klubmamgdynia.pl\/index.php\/wp-json\/wp\/v2\/types\/product"}],"replies":[{"embeddable":true,"href":"http:\/\/klubmamgdynia.pl\/index.php\/wp-json\/wp\/v2\/comments?post=11504"}],"wp:featuredmedia":[{"embeddable":true,"href":"http:\/\/klubmamgdynia.pl\/index.php\/wp-json\/wp\/v2\/media\/11505"}],"wp:attachment":[{"href":"http:\/\/klubmamgdynia.pl\/index.php\/wp-json\/wp\/v2\/media?parent=11504"}],"wp:term":[{"taxonomy":"product_cat","embeddable":true,"href":"http:\/\/klubmamgdynia.pl\/index.php\/wp-json\/wp\/v2\/product_cat?post=11504"},{"taxonomy":"product_tag","embeddable":true,"href":"http:\/\/klubmamgdynia.pl\/index.php\/wp-json\/wp\/v2\/product_tag?post=11504"}],"curies":[{"name":"wp","href":"https:\/\/api.w.org\/{rel}","templated":true}]}}