{"id":11506,"date":"2016-08-31T16:39:05","date_gmt":"2016-08-31T14:39:05","guid":{"rendered":"http:\/\/klubmamgdynia.pl\/index.php\/produkt\/esperanza-avanger-egh450\/"},"modified":"2026-05-17T23:36:02","modified_gmt":"2026-05-17T21:36:02","slug":"esperanza-avanger-egh450","status":"publish","type":"product","link":"http:\/\/klubmamgdynia.pl\/index.php\/produkt\/esperanza-avanger-egh450\/","title":{"rendered":"Esperanza Avanger (Egh450)"},"content":{"rendered":"<p>SpecyfikacjaKolor pod\u015bwietlenia NiebieskiStyl noszenia Opaska na g\u0142ow\u0119Typ zestawu s\u0142uchawkowego StereofonicznyPod\u015bwietlenie TakKolor produktu CzarnyKolor produktu NiebieskiTyp produktu s\u0142uchawki z mikrofonemWaga produktu 285 gRekomendowane u\u017cycie GamingIlo\u015b\u0107 1D\u0142ugo\u015b\u0107 kabla 2 mPo\u0142\u0105czenie USB NieBluetooth NieTechnologia \u0142\u0105czno\u015bci PrzewodowaZ\u0142\u0105cze 3,5 mm TakKolor kabla CzarnyPasmo przenoszenia 30 &#8211; 16000 HzCzu\u0142o\u015b\u0107 mikrofonu -58 dBPasmo przenoszenia 20 &#8211; 20000 HzImpedancja 32 \u03a9Maksymalna moc wej\u015bcia 150 mWRegulacja g\u0142o\u015bno\u015bci TakCzu\u0142o\u015b\u0107 s\u0142uchawek 105 dB\u015arednica g\u0142o\u015bnika 3 cmSzeroko\u015b\u0107 200mmD\u0142ugo\u015b\u0107 350mmWysoko\u015b\u0107 90mm<\/p>\n<h2>Esperanza Avanger (Egh450) Esperanza<\/h2>\n<p>dzieci.pl, adrian imie, \u015bwinka peppa bajki do czytania, wr\u00f3\u017cby andrzejkowe dla dzieci online<\/p>\n<p>yyyyy<\/p>\n<p>&nbsp;<\/p>\n","protected":false},"excerpt":{"rendered":"<p>SpecyfikacjaKolor pod\u015bwietlenia NiebieskiStyl noszenia Opaska na g\u0142ow\u0119Typ zestawu s\u0142uchawkowego StereofonicznyPod\u015bwietlenie TakKolor produktu CzarnyKolor produktu NiebieskiTyp produktu s\u0142uchawki z mikrofonemWaga produktu 285 gRekomendowane u\u017cycie GamingIlo\u015b\u0107 1D\u0142ugo\u015b\u0107 kabla 2 mPo\u0142\u0105czenie USB NieBluetooth NieTechnologia \u0142\u0105czno\u015bci PrzewodowaZ\u0142\u0105cze 3,5 mm TakKolor kabla CzarnyPasmo przenoszenia 30 &#8211; 16000 HzCzu\u0142o\u015b\u0107 mikrofonu -58 dBPasmo przenoszenia 20 &#8211; 20000 HzImpedancja 32 \u03a9Maksymalna moc wej\u015bcia [&hellip;]<\/p>\n","protected":false},"featured_media":11507,"comment_status":"closed","ping_status":"open","template":"","meta":[],"product_cat":[1258,1951],"product_tag":[845,781,689,862,876],"class_list":["post-11506","product","type-product","status-publish","has-post-thumbnail","hentry","product_cat-esperanza","product_cat-sluchawki-komputerowe","product_tag-ach-spij-kochanie-tekst","product_tag-cytaty-o-wychowaniu-dzieci","product_tag-linda","product_tag-nasza-zima-zla-tekst","product_tag-przyjazn"],"_links":{"self":[{"href":"http:\/\/klubmamgdynia.pl\/index.php\/wp-json\/wp\/v2\/product\/11506","targetHints":{"allow":["GET"]}}],"collection":[{"href":"http:\/\/klubmamgdynia.pl\/index.php\/wp-json\/wp\/v2\/product"}],"about":[{"href":"http:\/\/klubmamgdynia.pl\/index.php\/wp-json\/wp\/v2\/types\/product"}],"replies":[{"embeddable":true,"href":"http:\/\/klubmamgdynia.pl\/index.php\/wp-json\/wp\/v2\/comments?post=11506"}],"wp:featuredmedia":[{"embeddable":true,"href":"http:\/\/klubmamgdynia.pl\/index.php\/wp-json\/wp\/v2\/media\/11507"}],"wp:attachment":[{"href":"http:\/\/klubmamgdynia.pl\/index.php\/wp-json\/wp\/v2\/media?parent=11506"}],"wp:term":[{"taxonomy":"product_cat","embeddable":true,"href":"http:\/\/klubmamgdynia.pl\/index.php\/wp-json\/wp\/v2\/product_cat?post=11506"},{"taxonomy":"product_tag","embeddable":true,"href":"http:\/\/klubmamgdynia.pl\/index.php\/wp-json\/wp\/v2\/product_tag?post=11506"}],"curies":[{"name":"wp","href":"https:\/\/api.w.org\/{rel}","templated":true}]}}