{"id":11508,"date":"2012-02-28T19:41:48","date_gmt":"2012-02-28T18:41:48","guid":{"rendered":"http:\/\/klubmamgdynia.pl\/index.php\/produkt\/tm-toys-fortnite-cuddle-team-leader-loot-plush\/"},"modified":"2026-05-17T22:39:20","modified_gmt":"2026-05-17T20:39:20","slug":"tm-toys-fortnite-cuddle-team-leader-loot-plush","status":"publish","type":"product","link":"http:\/\/klubmamgdynia.pl\/index.php\/produkt\/tm-toys-fortnite-cuddle-team-leader-loot-plush\/","title":{"rendered":"Tm Toys Fortnite Cuddle Team Leader Loot Plush"},"content":{"rendered":"<p>Autor:ISBN: 8+EAN: 0191726006442Wydawnictwo: TM ToysWydanie:Strony:Funkcje:- Super mi\u0119kka i przytulna mi\u0119kka zabawka.- Materia\u0142y wysokiej jako\u015bci.- Pluszowa kolekcja Cuddle Team Leader 12,7 cm.- Produkt obj\u0119ty oficjaln\u0105 licencj\u0105.<\/p>\n<h2>Tm Toys Fortnite Cuddle Team Leader Loot Plush TM Toys<\/h2>\n<p>testy z zemsty, kr\u00f3tkie bajki dla dzieci do czytania, kolorowanki do druku super zings, kartka walentynkowa zrobiona przez dzieci, wroc\u0142aw atrakcje dla dzieci, jasmin imie, ozdoby wielkanocne kt\u00f3re mog\u0105 zrobi\u0107 dzieci, quiz o flagach europy, prezent dla 7 latka, proste dekoracje bo\u017conarodzeniowe dla dzieci, halloween 2021 dla dzieci<\/p>\n<p>yyyyy<\/p>\n<p>&nbsp;<\/p>\n","protected":false},"excerpt":{"rendered":"<p>Autor:ISBN: 8+EAN: 0191726006442Wydawnictwo: TM ToysWydanie:Strony:Funkcje:- Super mi\u0119kka i przytulna mi\u0119kka zabawka.- Materia\u0142y wysokiej jako\u015bci.- Pluszowa kolekcja Cuddle Team Leader 12,7 cm.- Produkt obj\u0119ty oficjaln\u0105 licencj\u0105. Tm Toys Fortnite Cuddle Team Leader Loot Plush TM Toys testy z zemsty, kr\u00f3tkie bajki dla dzieci do czytania, kolorowanki do druku super zings, kartka walentynkowa zrobiona przez dzieci, wroc\u0142aw [&hellip;]<\/p>\n","protected":false},"featured_media":11509,"comment_status":"closed","ping_status":"open","template":"","meta":[],"product_cat":[42,145],"product_tag":[580,853,614,634],"class_list":["post-11508","product","type-product","status-publish","has-post-thumbnail","hentry","product_cat-maskotki","product_cat-tm-toys","product_tag-janusz","product_tag-kolorowanki-do-druku-dla-doroslych","product_tag-pia","product_tag-zagadki-wielkanocne-dla-dzieci"],"_links":{"self":[{"href":"http:\/\/klubmamgdynia.pl\/index.php\/wp-json\/wp\/v2\/product\/11508","targetHints":{"allow":["GET"]}}],"collection":[{"href":"http:\/\/klubmamgdynia.pl\/index.php\/wp-json\/wp\/v2\/product"}],"about":[{"href":"http:\/\/klubmamgdynia.pl\/index.php\/wp-json\/wp\/v2\/types\/product"}],"replies":[{"embeddable":true,"href":"http:\/\/klubmamgdynia.pl\/index.php\/wp-json\/wp\/v2\/comments?post=11508"}],"wp:featuredmedia":[{"embeddable":true,"href":"http:\/\/klubmamgdynia.pl\/index.php\/wp-json\/wp\/v2\/media\/11509"}],"wp:attachment":[{"href":"http:\/\/klubmamgdynia.pl\/index.php\/wp-json\/wp\/v2\/media?parent=11508"}],"wp:term":[{"taxonomy":"product_cat","embeddable":true,"href":"http:\/\/klubmamgdynia.pl\/index.php\/wp-json\/wp\/v2\/product_cat?post=11508"},{"taxonomy":"product_tag","embeddable":true,"href":"http:\/\/klubmamgdynia.pl\/index.php\/wp-json\/wp\/v2\/product_tag?post=11508"}],"curies":[{"name":"wp","href":"https:\/\/api.w.org\/{rel}","templated":true}]}}