{"id":11510,"date":"2023-12-26T01:44:49","date_gmt":"2023-12-26T00:44:49","guid":{"rendered":"http:\/\/klubmamgdynia.pl\/?post_type=product&#038;p=11510"},"modified":"2026-04-29T03:25:53","modified_gmt":"2026-04-29T01:25:53","slug":"alexander-cyferki-magnetyczne-z-tablica","status":"publish","type":"product","link":"http:\/\/klubmamgdynia.pl\/index.php\/produkt\/alexander-cyferki-magnetyczne-z-tablica\/","title":{"rendered":"Alexander Cyferki Magnetyczne Z Tablic\u0105"},"content":{"rendered":"<p>Alexander jest polsk\u0105 rodzinn\u0105 firm\u0105 obecn\u0105 na rynku od wielu lat. Firma niemal wszystkie komponenty do swoich gier produkuje sama w krajowym zak\u0142adzie. Do produkcji u\u017cywane s\u0105 tylko materia\u0142y najwy\u017cszej jako\u015bci, kt\u00f3re s\u0105 jednocze\u015bnie bezpieczne nawet dla najm\u0142odszych u\u017cytkownik\u00f3w. Alexander posiada w swojej bogatej ofercie zabawki, gry edukacyjne, umys\u0142owe, losowe i sprawno\u015bciowe, a tak\u017ce puzzle, wiatraki i karty. W \u015bwiecie, w kt\u00f3rym wirtualne technologie coraz mocniej wkraczaj\u0105 w \u017cycie codzienne, produkty firmy Alexander oferuj\u0105 tradycyjn\u0105 rozrywk\u0119, nastawion\u0105 na bezpo\u015bredni kontakt z drugim cz\u0142owiekiem.&#8221;Cyferki magnetyczne&#8221; z metalow\u0105 tablic\u0105, mazakiem i g\u0105bk\u0105 to zabawka dla przedszkolak\u00f3w zaczynaj\u0105cych nauk\u0119 liczenia. Kolorowe, przestrzenne cyferki to dla dziecka atrakcyjne rekwizyty zabawy, dzi\u0119ki kt\u00f3rym poznawanie cyfr i zrozumienie zasad podstawowych dzia\u0142a\u0144 matematycznych nie jest nudnym obowi\u0105zkiem. Znajduj\u0105cy si\u0119 w pude\u0142ku mazak i g\u0105bka urozmaicaj\u0105 jeszcze zabaw\u0119. Umo\u017cliwiaj\u0105 dziecku rysowanie i pisanie na tablicy, a ka\u017cdy rysunek daj\u0119 si\u0119 \u0142atwo i szybko zetrze\u0107 g\u0105bka, co pozwala na rysowanie nast\u0119pnych. Wymiar tablicy: 22,5\/15 cm.Zawarto\u015b\u0107 pude\u0142ka:60 cyferek z magnesem,tablica,mazak,g\u0105bka,ksi\u0105\u017ceczka wzor\u00f3w.<\/p>\n<h2>Alexander Cyferki Magnetyczne Z Tablic\u0105 Alexander<\/h2>\n<p>narysowa\u0107 rysunki \u0142atwe, prezent na roczek dla dziewczynki, wiosenne zagadki, co kupi\u0107 dziecku na roczek, kolorowanki wakacje, jak zapakowa\u0107 prezent dla dziecka, zagadki, nauka zegara do druku pdf, pomys\u0142 na prezent na roczek, krok jak narysowa\u0107 konia, zagadki matematyczne logiczne, sky kolorowanka, ale kino program, oryginalny prezent na roczek dla ch\u0142opca<\/p>\n<p>yyyyy<\/p>\n<p>&nbsp;<\/p>\n","protected":false},"excerpt":{"rendered":"<p>Alexander jest polsk\u0105 rodzinn\u0105 firm\u0105 obecn\u0105 na rynku od wielu lat. Firma niemal wszystkie komponenty do swoich gier produkuje sama w krajowym zak\u0142adzie. Do produkcji u\u017cywane s\u0105 tylko materia\u0142y najwy\u017cszej jako\u015bci, kt\u00f3re s\u0105 jednocze\u015bnie bezpieczne nawet dla najm\u0142odszych u\u017cytkownik\u00f3w. Alexander posiada w swojej bogatej ofercie zabawki, gry edukacyjne, umys\u0142owe, losowe i sprawno\u015bciowe, a tak\u017ce puzzle, [&hellip;]<\/p>\n","protected":false},"featured_media":11511,"comment_status":"closed","ping_status":"open","template":"","meta":[],"product_cat":[246,1445],"product_tag":[703,814,841],"class_list":["post-11510","product","type-product","status-publish","has-post-thumbnail","hentry","product_cat-alexander","product_cat-pomoce-naukowe","product_tag-prezent-dla-nastolatki","product_tag-prezenty-dla-nastolatek","product_tag-quiz-o-flagach"],"_links":{"self":[{"href":"http:\/\/klubmamgdynia.pl\/index.php\/wp-json\/wp\/v2\/product\/11510","targetHints":{"allow":["GET"]}}],"collection":[{"href":"http:\/\/klubmamgdynia.pl\/index.php\/wp-json\/wp\/v2\/product"}],"about":[{"href":"http:\/\/klubmamgdynia.pl\/index.php\/wp-json\/wp\/v2\/types\/product"}],"replies":[{"embeddable":true,"href":"http:\/\/klubmamgdynia.pl\/index.php\/wp-json\/wp\/v2\/comments?post=11510"}],"wp:featuredmedia":[{"embeddable":true,"href":"http:\/\/klubmamgdynia.pl\/index.php\/wp-json\/wp\/v2\/media\/11511"}],"wp:attachment":[{"href":"http:\/\/klubmamgdynia.pl\/index.php\/wp-json\/wp\/v2\/media?parent=11510"}],"wp:term":[{"taxonomy":"product_cat","embeddable":true,"href":"http:\/\/klubmamgdynia.pl\/index.php\/wp-json\/wp\/v2\/product_cat?post=11510"},{"taxonomy":"product_tag","embeddable":true,"href":"http:\/\/klubmamgdynia.pl\/index.php\/wp-json\/wp\/v2\/product_tag?post=11510"}],"curies":[{"name":"wp","href":"https:\/\/api.w.org\/{rel}","templated":true}]}}