{"id":11512,"date":"2017-08-12T00:54:07","date_gmt":"2017-08-11T22:54:07","guid":{"rendered":"http:\/\/klubmamgdynia.pl\/index.php\/produkt\/carrera-rc-passion-impact-2-4-ghz-yellow\/"},"modified":"2026-05-17T22:32:33","modified_gmt":"2026-05-17T20:32:33","slug":"carrera-rc-passion-impact-2-4-ghz-yellow","status":"publish","type":"product","link":"http:\/\/klubmamgdynia.pl\/index.php\/produkt\/carrera-rc-passion-impact-2-4-ghz-yellow\/","title":{"rendered":"Carrera Rc Passion Impact 2.4 Ghz Yellow"},"content":{"rendered":"<p>Je\u017celi stawiasz na wydajny nap\u0119d 4&#215;4 to CARRERA Passion Impact b\u0119dzie doskona\u0142ym wyborem dla Ciebie. Ale czym by\u0142by nap\u0119d bez wydajnego \u017ar\u00f3d\u0142a zasilania? Carrera Passion Impact wyposa\u017cona zosta\u0142a w najnowsz\u0105 generacj\u0119 akumulator\u00f3w LiFePo4, kt\u00f3re gwarantuj\u0105 optymalne osi\u0105gi, szybki czas \u0142adowania i d\u0142ug\u0105 \u017cywotno\u015b\u0107. Najwa\u017cniejsze cechy CARRERA Passion Impact to: Ergonomiczny kontroler w technologii 2,4 GHz Pojazd sterowalny naprz\u00f3d\/stop\/wstecz jak r\u00f3wnie\u017c w lewo\/prosto\/w prawo Opona pneumatyczna Optymalna przyczepno\u015b\u0107 na ka\u017cdym terenie Podwozie wyposa\u017cone w resory Karoseria z elastycznego tworzywa sztucznego Nap\u0119d na wszystkie ko\u0142a Do zabawy wewn\u0105trz i na zewn\u0105trz Akumulator 6.4V 900 mAh \u0141adowanie USB Skala 1:16 Czas \u0142adowania: 80 min D\u0142ugi czas zabawy: 20 min Pr\u0119dko\u015b\u0107: max. 20 km\/h D\u0142ugo\u015b\u0107 samochodu: ok. 29 cm Baterie: 2 x AAA (w zestawie) Wiek: +6 lat Informacje o zasilaniu: akumulator seryjny: LiFePo4; 6,4V; 700mAh; art. 600053 \u0142adowarka seryjna: USB 1A; 6,4V; art. 600054 akumulator tuningowy: LiFePo4; 6,4V; 900mAh; art. 600051 Carrera RC to znacznie wi\u0119cej ni\u017c zwyk\u0142e auta sterowane radiem. Carrera RC to najwy\u017cszy poziom techniki opakowany w nowoczesne nadwozia. Carrera znana jest z innowacyjnego podej\u015bcia do pojazd\u00f3w sterowanych i wprowadzenie na ten rynek wielu rozwi\u0105za\u0144 znanych z prawdziwych pojazd\u00f3w lub zaawansowanych modeli sterowanych. Koncepcja RTR (Ready to Run) umo\u017cliwia rozpocz\u0119cie zabawy natychmiast po zakupieniu pojazd\u00f3w a szeroki wyb\u00f3r pojazd\u00f3w o r\u00f3\u017cnym poziomie zaawansowania pozawala na optymalny dob\u00f3r pojazdu do swoich wymaga\u0144. Wszystkie pojazdy Carrera RC wyposa\u017cono w wysokiej jako\u015bci \u0142adowarki i baterie co gwarantuje d\u0142ugi czas zabawy przy stosunkowo kr\u00f3tkim \u0142adowaniu &#8211; z Carrer\u0105 RC nie tracisz czasu oczekuj\u0105c na \u0142adowanie baterii &#8211; czas po\u015bwi\u0119casz po prostu na zabaw\u0119 na najwy\u017cszych obrotach!<\/p>\n<h2>Carrera Rc Passion Impact 2.4 Ghz Yellow Carrera<\/h2>\n<p>ch\u0142opcy z placu broni &#8211; test z odpowiedziami, wycinanki puzzle do druku, kolorowanki, zabawki na roczek, kalendarz adwentowy diy z rolek, kuba imie, na wyspach bergamutach tekst, atrakcje dla dzieci wroc\u0142aw 2021, co kupi\u0107 nastolatce na urodziny, nauka zegara do druku, wielkanocne zagadki dla dzieci<\/p>\n<p>yyyyy<\/p>\n<p>&nbsp;<\/p>\n","protected":false},"excerpt":{"rendered":"<p>Je\u017celi stawiasz na wydajny nap\u0119d 4&#215;4 to CARRERA Passion Impact b\u0119dzie doskona\u0142ym wyborem dla Ciebie. Ale czym by\u0142by nap\u0119d bez wydajnego \u017ar\u00f3d\u0142a zasilania? Carrera Passion Impact wyposa\u017cona zosta\u0142a w najnowsz\u0105 generacj\u0119 akumulator\u00f3w LiFePo4, kt\u00f3re gwarantuj\u0105 optymalne osi\u0105gi, szybki czas \u0142adowania i d\u0142ug\u0105 \u017cywotno\u015b\u0107. Najwa\u017cniejsze cechy CARRERA Passion Impact to: Ergonomiczny kontroler w technologii 2,4 GHz [&hellip;]<\/p>\n","protected":false},"featured_media":11513,"comment_status":"closed","ping_status":"open","template":"","meta":[],"product_cat":[140,337],"product_tag":[829,728,683,850,601],"class_list":["post-11512","product","type-product","status-publish","has-post-thumbnail","hentry","product_cat-carrera","product_cat-zabawki-zdalnie-sterowane","product_tag-bajki-do-czytania-na-dobranoc","product_tag-bezwarunkowa-milosc-do-dziecka-cytaty","product_tag-karaluchy-pod-poduchy","product_tag-wroclaw-atrakcje-dla-dzieci","product_tag-zagadki-co-to-jest"],"_links":{"self":[{"href":"http:\/\/klubmamgdynia.pl\/index.php\/wp-json\/wp\/v2\/product\/11512","targetHints":{"allow":["GET"]}}],"collection":[{"href":"http:\/\/klubmamgdynia.pl\/index.php\/wp-json\/wp\/v2\/product"}],"about":[{"href":"http:\/\/klubmamgdynia.pl\/index.php\/wp-json\/wp\/v2\/types\/product"}],"replies":[{"embeddable":true,"href":"http:\/\/klubmamgdynia.pl\/index.php\/wp-json\/wp\/v2\/comments?post=11512"}],"wp:featuredmedia":[{"embeddable":true,"href":"http:\/\/klubmamgdynia.pl\/index.php\/wp-json\/wp\/v2\/media\/11513"}],"wp:attachment":[{"href":"http:\/\/klubmamgdynia.pl\/index.php\/wp-json\/wp\/v2\/media?parent=11512"}],"wp:term":[{"taxonomy":"product_cat","embeddable":true,"href":"http:\/\/klubmamgdynia.pl\/index.php\/wp-json\/wp\/v2\/product_cat?post=11512"},{"taxonomy":"product_tag","embeddable":true,"href":"http:\/\/klubmamgdynia.pl\/index.php\/wp-json\/wp\/v2\/product_tag?post=11512"}],"curies":[{"name":"wp","href":"https:\/\/api.w.org\/{rel}","templated":true}]}}