{"id":11514,"date":"2017-05-27T01:55:14","date_gmt":"2017-05-26T23:55:14","guid":{"rendered":"http:\/\/klubmamgdynia.pl\/index.php\/produkt\/torba-termiczna-izolacyjna-sniadanie-lunch-jednorozec\/"},"modified":"2026-05-17T23:39:20","modified_gmt":"2026-05-17T21:39:20","slug":"torba-termiczna-izolacyjna-sniadanie-lunch-jednorozec","status":"publish","type":"product","link":"http:\/\/klubmamgdynia.pl\/index.php\/produkt\/torba-termiczna-izolacyjna-sniadanie-lunch-jednorozec\/","title":{"rendered":"Torba Termiczna Izolacyjna \u015aniadanie Lunch Jednoro\u017cec"},"content":{"rendered":"<p>TORBA TERMICZNA IZOLACYJNA \u015aNIADANIE LUNCH JEDNORO\u017bECPraktyczna torba izolacyjna w nowoczesnym stylu. Idealnie sprawdzi si\u0119 w:szkolepracyw domuna piknikuna pla\u017cypodczas podr\u00f3\u017cyZniweluje codzienny problem w co spakowa\u0107 drugie \u015bniadaniedo szko\u0142y lub pracy. Dzi\u0119ki niej b\u0119dziesz m\u00f3g\u0142 mie\u0107 ma\u0142e co nieco zawsze pod r\u0119k\u0105.Z pewno\u015bci\u0105 ka\u017cdy pokocha ten wyj\u0105tkowy gad\u017cet.Wykonana z dba\u0142o\u015bci\u0105 o ka\u017cdy szczeg\u00f3\u0142 z wytrzyma\u0142ego materia\u0142u.Posiada jedn\u0105 komor\u0119 zapinan\u0105 na zamek b\u0142yskawiczny. Bez trudu zmie\u015bcisz w niej kanapk\u0119 czy pude\u0142ko z ciep\u0142ym posi\u0142kiem oraz ma\u0142y termos.Jest bardzo lekka i por\u0119czna. Wyposa\u017cona w wygodne uchwyty, umo\u017cliwiaj\u0105ce noszenie jej w d\u0142oni lub powieszenie na wieszaku.A gdy ju\u017c nie b\u0119dzie Tobie potrzebna mo\u017cesz j\u0105 z\u0142o\u017cy\u0107 i schowa\u0107 do plecaka lub torebki.Wewn\u0105trz posiada warstw\u0119 folii termoizolacyjnej, kt\u00f3ra sprawi, \u017ce jedzenie utrzyma odpowiedni\u0105 temperatur\u0119 i \u015bwie\u017co\u015b\u0107 przez d\u0142u\u017cszy czas.Sprawdzi si\u0119 nie tylko dla dzieci, ale r\u00f3wnie\u017c dla doros\u0142ych.Dodatkowo posiada specjalny uchwyt, kt\u00f3ry u\u0142atwi powieszenie go na wieszaczku.Nowoczesny styl i niebanalna kolorystyka przyci\u0105gn\u0105 uwag\u0119 dziecka i doros\u0142ych.Torba uleg\u0142a zabrudzeniu? Bez obaw! Jest \u0142atwa w czyszczeniu. Mo\u017cesz przetrze\u0107 j\u0105 wilgotn\u0105 \u015bciereczk\u0105 lub upra\u0107 w letniej wodzie przy u\u017cyciu delikatnego p\u0142ynu do prania.Cechy produktu:Posiada warstw\u0119 folii termoizolacyjnejLekka i por\u0119cznaWyposa\u017cona w wygodne uchwyty umo\u017cliwiaj\u0105ce noszenie jej w d\u0142oni lub powieszenie na wieszaku.Nowoczesny designZapinana na zamek b\u0142yskawiczny.\u0141atwa w czyszczeniuDoskonale nadaje si\u0119 dla dzieci i doros\u0142ychMateria\u0142: PoliesterWymiary torby: 21,5cm x 14,5cm x 15,5cmd\u0142ugo\u015b\u0107 r\u0105czek: ok. 8cmWymiary opakowania: 25cm x 19cm x 2cmZapakowany w foliowe opakowanie.<\/p>\n<h2>Torba Termiczna Izolacyjna \u015aniadanie Lunch Jednoro\u017cec Kontext<\/h2>\n<p>gad\u017cety dla m\u0142odzie\u017cy 2020, auto kolorowanka, lew czarownica i stara szafa test, z\u0142ote my\u015bli o przyja\u017ani, prezenty dla nastolatka, lol do druku, bursztynek bursztynek, zagadki na logik\u0119, stare wierszyki dla dzieci, zabawy ruchowe dla dzieci, kolorowanki do druku dla ch\u0142opc\u00f3w<\/p>\n<p>yyyyy<\/p>\n<p>&nbsp;<\/p>\n","protected":false},"excerpt":{"rendered":"<p>TORBA TERMICZNA IZOLACYJNA \u015aNIADANIE LUNCH JEDNORO\u017bECPraktyczna torba izolacyjna w nowoczesnym stylu. Idealnie sprawdzi si\u0119 w:szkolepracyw domuna piknikuna pla\u017cypodczas podr\u00f3\u017cyZniweluje codzienny problem w co spakowa\u0107 drugie \u015bniadaniedo szko\u0142y lub pracy. Dzi\u0119ki niej b\u0119dziesz m\u00f3g\u0142 mie\u0107 ma\u0142e co nieco zawsze pod r\u0119k\u0105.Z pewno\u015bci\u0105 ka\u017cdy pokocha ten wyj\u0105tkowy gad\u017cet.Wykonana z dba\u0142o\u015bci\u0105 o ka\u017cdy szczeg\u00f3\u0142 z wytrzyma\u0142ego materia\u0142u.Posiada jedn\u0105 [&hellip;]<\/p>\n","protected":false},"featured_media":11515,"comment_status":"closed","ping_status":"open","template":"","meta":[],"product_cat":[2010,20],"product_tag":[765,761,684],"class_list":["post-11514","product","type-product","status-publish","has-post-thumbnail","hentry","product_cat-akcesoria-turystyczne","product_cat-kontext","product_tag-atrakcje-dla-dzieci-warszawa","product_tag-choinko-piekna-jak-las-tekst","product_tag-prezent-dla-dziewczynki-na-roczek"],"_links":{"self":[{"href":"http:\/\/klubmamgdynia.pl\/index.php\/wp-json\/wp\/v2\/product\/11514","targetHints":{"allow":["GET"]}}],"collection":[{"href":"http:\/\/klubmamgdynia.pl\/index.php\/wp-json\/wp\/v2\/product"}],"about":[{"href":"http:\/\/klubmamgdynia.pl\/index.php\/wp-json\/wp\/v2\/types\/product"}],"replies":[{"embeddable":true,"href":"http:\/\/klubmamgdynia.pl\/index.php\/wp-json\/wp\/v2\/comments?post=11514"}],"wp:featuredmedia":[{"embeddable":true,"href":"http:\/\/klubmamgdynia.pl\/index.php\/wp-json\/wp\/v2\/media\/11515"}],"wp:attachment":[{"href":"http:\/\/klubmamgdynia.pl\/index.php\/wp-json\/wp\/v2\/media?parent=11514"}],"wp:term":[{"taxonomy":"product_cat","embeddable":true,"href":"http:\/\/klubmamgdynia.pl\/index.php\/wp-json\/wp\/v2\/product_cat?post=11514"},{"taxonomy":"product_tag","embeddable":true,"href":"http:\/\/klubmamgdynia.pl\/index.php\/wp-json\/wp\/v2\/product_tag?post=11514"}],"curies":[{"name":"wp","href":"https:\/\/api.w.org\/{rel}","templated":true}]}}