{"id":11516,"date":"2016-09-11T13:39:43","date_gmt":"2016-09-11T11:39:43","guid":{"rendered":"http:\/\/klubmamgdynia.pl\/index.php\/produkt\/alexander-mozg-elektronowy-travel-znaki-drogowe-0515\/"},"modified":"2026-05-17T22:38:48","modified_gmt":"2026-05-17T20:38:48","slug":"alexander-mozg-elektronowy-travel-znaki-drogowe-0515","status":"publish","type":"product","link":"http:\/\/klubmamgdynia.pl\/index.php\/produkt\/alexander-mozg-elektronowy-travel-znaki-drogowe-0515\/","title":{"rendered":"Alexander M\u00f3zg Elektronowy Travel \u2013 Znaki Drogowe 0515"},"content":{"rendered":"<p>Gra edukacyjna Znaki drogowe M\u00f3zg elektronowy Alexander wersja podr\u00f3\u017cna Zabawka edukacyjna &#8211; m\u00f3zg elektronowy, mo\u017ce pom\u00f3c dziecku nauczy\u0107 si\u0119 znak\u00f3w drogowych. Gra Znaki drogowe to spos\u00f3b na dobr\u0105 zabaw\u0119, ale te\u017c spos\u00f3b na nauk\u0119 znaczenia znak\u00f3w drogowych. Gracz musi wcisn\u0105\u0107 odpowiednie punkty &#8211; jednej przy ilustracji, drugi przy ha\u015ble. Je\u015bli dobrze skojarzy te dwa elementy, zapali si\u0119 dioda, je\u015bli po\u0142\u0105czy niew\u0142a\u015bciwe punkty, dioda pozostanie wy\u0142\u0105czona. Podstawowe informacje o produkcie:Gra edukacyjna Znaki drogowe M\u00f3zg elektronowy Alexander wersja podr\u00f3\u017cna Zawarto\u015b\u0107 pude\u0142ka: pude\u0142ko z diod\u0105 i brz\u0119czkiem, 24 dwustronne tablice (48 plansz) i instrukcja Wiek: 6+ Wymiary pude\u0142ka: 30,5&#215;24,5&#215;5 cm Opinie Klient\u00f3w sklepu Polska Rzecz o produkcie:Gra edukacyjna Znaki drogowe M\u00f3zg elektronowy Alexander wersja podr\u00f3\u017cna Je\u017celi w naszym sklepie zosta\u0142a opublikowana opinia o produkcie, kt\u00f3ry teraz ogl\u0105dasz, znajdziesz j\u0105 poni\u017cej. R\u00f3wnie\u017c Ciebie zapraszamy do publikowania opinii o prezentowanych tu produktach. Opisz swoje wra\u017cenia z u\u017cytkowania ocenianej rzeczy lub uzupe\u0142nij prezentowany w sklepie opis. Mo\u017cesz w ten spos\u00f3b pom\u00f3c innym Klientom wybra\u0107 odpowiednie dla nich towary. Pami\u0119taj o tym, \u017ce opinie o produktach mog\u0105 publikowa\u0107 tylko osoby, kt\u00f3re za\u0142o\u017cy\u0142y w naszym sklepie swoje konto.<\/p>\n<h2>Alexander M\u00f3zg Elektronowy Travel \u2013 Znaki Drogowe 0515 Alexander<\/h2>\n<p>kundel bury tekst, wakacyjne kolorowanki, prezent roczek, pomys\u0142 na prezent dla nastolatki, cytaty ma\u0142y ksi\u0105\u017ce, w uk\u0142adzie s\u0142onecznym, na roczek dla dziewczynki, traktor do druku, asiunia test z lektury, jak narysowa\u0107, znane misie z film\u00f3w animowanych, znaki drogowe quiz<\/p>\n<p>yyyyy<\/p>\n<p>&nbsp;<\/p>\n","protected":false},"excerpt":{"rendered":"<p>Gra edukacyjna Znaki drogowe M\u00f3zg elektronowy Alexander wersja podr\u00f3\u017cna Zabawka edukacyjna &#8211; m\u00f3zg elektronowy, mo\u017ce pom\u00f3c dziecku nauczy\u0107 si\u0119 znak\u00f3w drogowych. Gra Znaki drogowe to spos\u00f3b na dobr\u0105 zabaw\u0119, ale te\u017c spos\u00f3b na nauk\u0119 znaczenia znak\u00f3w drogowych. Gracz musi wcisn\u0105\u0107 odpowiednie punkty &#8211; jednej przy ilustracji, drugi przy ha\u015ble. Je\u015bli dobrze skojarzy te dwa elementy, [&hellip;]<\/p>\n","protected":false},"featured_media":11517,"comment_status":"closed","ping_status":"open","template":"","meta":[],"product_cat":[246,130],"product_tag":[707,645,799],"class_list":["post-11516","product","type-product","status-publish","has-post-thumbnail","hentry","product_cat-alexander","product_cat-gry-dzieciece","product_tag-karty-pracy-dla-dzieci-z-ukrainy","product_tag-latwe-zagadki","product_tag-zagadka-logiczna"],"_links":{"self":[{"href":"http:\/\/klubmamgdynia.pl\/index.php\/wp-json\/wp\/v2\/product\/11516","targetHints":{"allow":["GET"]}}],"collection":[{"href":"http:\/\/klubmamgdynia.pl\/index.php\/wp-json\/wp\/v2\/product"}],"about":[{"href":"http:\/\/klubmamgdynia.pl\/index.php\/wp-json\/wp\/v2\/types\/product"}],"replies":[{"embeddable":true,"href":"http:\/\/klubmamgdynia.pl\/index.php\/wp-json\/wp\/v2\/comments?post=11516"}],"wp:featuredmedia":[{"embeddable":true,"href":"http:\/\/klubmamgdynia.pl\/index.php\/wp-json\/wp\/v2\/media\/11517"}],"wp:attachment":[{"href":"http:\/\/klubmamgdynia.pl\/index.php\/wp-json\/wp\/v2\/media?parent=11516"}],"wp:term":[{"taxonomy":"product_cat","embeddable":true,"href":"http:\/\/klubmamgdynia.pl\/index.php\/wp-json\/wp\/v2\/product_cat?post=11516"},{"taxonomy":"product_tag","embeddable":true,"href":"http:\/\/klubmamgdynia.pl\/index.php\/wp-json\/wp\/v2\/product_tag?post=11516"}],"curies":[{"name":"wp","href":"https:\/\/api.w.org\/{rel}","templated":true}]}}