{"id":11518,"date":"2025-08-19T02:29:21","date_gmt":"2025-08-19T00:29:21","guid":{"rendered":"http:\/\/klubmamgdynia.pl\/?post_type=product&#038;p=11518"},"modified":"2026-05-17T22:43:34","modified_gmt":"2026-05-17T20:43:34","slug":"krux-space-max-krx0021","status":"publish","type":"product","link":"http:\/\/klubmamgdynia.pl\/index.php\/produkt\/krux-space-max-krx0021\/","title":{"rendered":"Krux Space Max (KRX0021)"},"content":{"rendered":"<p>KRUX Space, to podk\u0142adka dla graczy kt\u00f3rzy celuj\u0105 w bycie najja\u015bniejsz\u0105 gwiazd\u0105 na niebie! Przygotowana tak, aby sprosta\u0107 najtrudniejszym zadaniom kt\u00f3re mo\u017cna zrzuci\u0107 na jej barki. Odporna na zalania i rozleg\u0142a niczym pustka kosmiczna powierzchnia. Nasza podk\u0142adka KRUX Space zosta\u0142a stworzona tak aby by\u0107 idealnym uzupe\u0142nieniem, b\u0105d\u017a podstaw\u0105 do wype\u0142nienia jej myszkami, klawiaturami oraz przyk\u0142adowo kubeczkiem z napojem (nie)wyskokowym. Na jej powierzchni\u0119 idealnie wejdzie ca\u0142y zestaw od KRUX-a oraz inne szparga\u0142y. Kosmos w najwi\u0119kszej wersji ma a\u017c 120 centymetr\u00f3w szeroko\u015bci!<\/p>\n<h2>Krux Space Max (KRX0021) KRUX<\/h2>\n<p>prezent dla 13 latki na \u015bwi\u0119ta, tabliczka mno\u017cenia do druku, dobranoc zimowe, imi\u0119 r\u00f3\u017ca, zagadki dla dzieci 10 lat, kolorowanki pi\u0142karskie, quiz o bo\u017cym narodzeniu, Keyword, darmowe kolorowanki do druku, eneduerabe, prezenty dla nastolatk\u00f3w, jak narysowa\u0107 anio\u0142ka, kolorowanka peppa do druku, stare wierszyki dla dzieci, znaczenie imiona dawid, ko\u0142ysanki dla dzieci tekst, kolorowanki pokemon do druku, urodziny dziecka pomys\u0142y, prezent dla ch\u0142opca 7 lat<\/p>\n<p>yyyyy<\/p>\n<p>&nbsp;<\/p>\n","protected":false},"excerpt":{"rendered":"<p>KRUX Space, to podk\u0142adka dla graczy kt\u00f3rzy celuj\u0105 w bycie najja\u015bniejsz\u0105 gwiazd\u0105 na niebie! Przygotowana tak, aby sprosta\u0107 najtrudniejszym zadaniom kt\u00f3re mo\u017cna zrzuci\u0107 na jej barki. Odporna na zalania i rozleg\u0142a niczym pustka kosmiczna powierzchnia. Nasza podk\u0142adka KRUX Space zosta\u0142a stworzona tak aby by\u0107 idealnym uzupe\u0142nieniem, b\u0105d\u017a podstaw\u0105 do wype\u0142nienia jej myszkami, klawiaturami oraz przyk\u0142adowo [&hellip;]<\/p>\n","protected":false},"featured_media":11519,"comment_status":"closed","ping_status":"open","template":"","meta":[],"product_cat":[2027,1265],"product_tag":[834,585,723,826,632],"class_list":["post-11518","product","type-product","status-publish","has-post-thumbnail","hentry","product_cat-krux","product_cat-podkladki-pod-myszki-i-klawiatury","product_tag-bajka-do-czytania-na-dobranoc","product_tag-kolorowanki-dla-chlopcow","product_tag-krotkie-bajki-do-czytania-na-dobranoc","product_tag-prezent-dla-15-latka","product_tag-warszawa-atrakcje-dla-mlodziezy"],"_links":{"self":[{"href":"http:\/\/klubmamgdynia.pl\/index.php\/wp-json\/wp\/v2\/product\/11518","targetHints":{"allow":["GET"]}}],"collection":[{"href":"http:\/\/klubmamgdynia.pl\/index.php\/wp-json\/wp\/v2\/product"}],"about":[{"href":"http:\/\/klubmamgdynia.pl\/index.php\/wp-json\/wp\/v2\/types\/product"}],"replies":[{"embeddable":true,"href":"http:\/\/klubmamgdynia.pl\/index.php\/wp-json\/wp\/v2\/comments?post=11518"}],"wp:featuredmedia":[{"embeddable":true,"href":"http:\/\/klubmamgdynia.pl\/index.php\/wp-json\/wp\/v2\/media\/11519"}],"wp:attachment":[{"href":"http:\/\/klubmamgdynia.pl\/index.php\/wp-json\/wp\/v2\/media?parent=11518"}],"wp:term":[{"taxonomy":"product_cat","embeddable":true,"href":"http:\/\/klubmamgdynia.pl\/index.php\/wp-json\/wp\/v2\/product_cat?post=11518"},{"taxonomy":"product_tag","embeddable":true,"href":"http:\/\/klubmamgdynia.pl\/index.php\/wp-json\/wp\/v2\/product_tag?post=11518"}],"curies":[{"name":"wp","href":"https:\/\/api.w.org\/{rel}","templated":true}]}}