{"id":11522,"date":"2022-08-10T13:40:40","date_gmt":"2022-08-10T11:40:40","guid":{"rendered":"http:\/\/klubmamgdynia.pl\/index.php\/produkt\/dickie-autobus-turystyczny-30-cm-3745005\/"},"modified":"2026-04-06T09:47:39","modified_gmt":"2026-04-06T07:47:39","slug":"dickie-autobus-turystyczny-30-cm-3745005","status":"publish","type":"product","link":"http:\/\/klubmamgdynia.pl\/index.php\/produkt\/dickie-autobus-turystyczny-30-cm-3745005\/","title":{"rendered":"Dickie Autobus Turystyczny 30 Cm 3745005"},"content":{"rendered":"<p>Czas na wakacyjn\u0105 przygod\u0119!Ten czerwony b\u0105d\u017a niebieski autobus z pi\u0119knymi wakacyjnymi motywami na bokach pojazdu zawiezie pasa\u017cer\u00f3w do pi\u0119knych miejsc.Pojazd w skali 1:43 posiada otwierane drzwi dla pasa\u017cer\u00f3w i boczny luk baga\u017cowy.Za otwartymi drzwiami znajduj\u0105 si\u0119 schodki i 48 miejsc. Z przodu mamy miejsce dla kierowcy i pilota.Istnieje tak\u017ce mo\u017cliwo\u015b\u0107 otworzenia tylnej klapy, ukazuj\u0105cej imitacj\u0119 silnika.Autobus zosta\u0142 wiernie odwzorowany na realistycznych pojazdach, co sprawia, \u017ce zabawa nim jest prawdziwa frajd\u0105.Poruszanie si\u0119 u\u0142atwia funkcja tarcia w tylnych ko\u0142ach.Zabawka wyst\u0119puje w kilku wersjach\/wzorach kolorystycznych -autobus jest w kolorze niebieskim lub czerwonym &#8211;<\/p>\n<h2>Dickie Autobus Turystyczny 30 Cm 3745005 Dickie<\/h2>\n<p>ma\u0142y ksi\u0105\u017c\u0119 cytaty o przyja\u017ani, kolorowanki pi\u0142karskie, izabela imie, dzie\u0144 pluszowego misia, my jeste\u015bmy krasnoludki tekst, cytaty dzie\u0144 nauczyciela, skalne miasto, test z lektury asiunia joanna papuzi\u0144ska, pokemon kolorowanki, jeremi, film rodzinny o \u015bwi\u0119tach, loga samochod\u00f3w, pomys\u0142 na prezent dla 15 latki, quiz o stolicach europy, zagadki dla dzieci do druku<\/p>\n<p><a href=\"https:\/\/www.hiperpharm.pl\/wspomaganie-plodnosci.html\">leki wspomagaj\u0105ce zaj\u015bcie w ci\u0105\u017c\u0119<\/a><\/p>\n<p>&nbsp;<\/p>\n","protected":false},"excerpt":{"rendered":"<p>Czas na wakacyjn\u0105 przygod\u0119!Ten czerwony b\u0105d\u017a niebieski autobus z pi\u0119knymi wakacyjnymi motywami na bokach pojazdu zawiezie pasa\u017cer\u00f3w do pi\u0119knych miejsc.Pojazd w skali 1:43 posiada otwierane drzwi dla pasa\u017cer\u00f3w i boczny luk baga\u017cowy.Za otwartymi drzwiami znajduj\u0105 si\u0119 schodki i 48 miejsc. Z przodu mamy miejsce dla kierowcy i pilota.Istnieje tak\u017ce mo\u017cliwo\u015b\u0107 otworzenia tylnej klapy, ukazuj\u0105cej imitacj\u0119 [&hellip;]<\/p>\n","protected":false},"featured_media":11523,"comment_status":"closed","ping_status":"open","template":"","meta":[],"product_cat":[83,1637],"product_tag":[583,815,769],"class_list":["post-11522","product","type-product","status-publish","has-post-thumbnail","hentry","product_cat-auta-i-inne-pojazdy-do-zabawy","product_cat-dickie","product_tag-kolysanki-dla-dzieci-tekst","product_tag-ozdoby-choinkowe-dla-dzieci","product_tag-psi-patrol-do-czytania"],"_links":{"self":[{"href":"http:\/\/klubmamgdynia.pl\/index.php\/wp-json\/wp\/v2\/product\/11522","targetHints":{"allow":["GET"]}}],"collection":[{"href":"http:\/\/klubmamgdynia.pl\/index.php\/wp-json\/wp\/v2\/product"}],"about":[{"href":"http:\/\/klubmamgdynia.pl\/index.php\/wp-json\/wp\/v2\/types\/product"}],"replies":[{"embeddable":true,"href":"http:\/\/klubmamgdynia.pl\/index.php\/wp-json\/wp\/v2\/comments?post=11522"}],"wp:featuredmedia":[{"embeddable":true,"href":"http:\/\/klubmamgdynia.pl\/index.php\/wp-json\/wp\/v2\/media\/11523"}],"wp:attachment":[{"href":"http:\/\/klubmamgdynia.pl\/index.php\/wp-json\/wp\/v2\/media?parent=11522"}],"wp:term":[{"taxonomy":"product_cat","embeddable":true,"href":"http:\/\/klubmamgdynia.pl\/index.php\/wp-json\/wp\/v2\/product_cat?post=11522"},{"taxonomy":"product_tag","embeddable":true,"href":"http:\/\/klubmamgdynia.pl\/index.php\/wp-json\/wp\/v2\/product_tag?post=11522"}],"curies":[{"name":"wp","href":"https:\/\/api.w.org\/{rel}","templated":true}]}}