{"id":11524,"date":"2013-05-25T09:52:43","date_gmt":"2013-05-25T07:52:43","guid":{"rendered":"http:\/\/klubmamgdynia.pl\/index.php\/produkt\/mga-zabawa-w-chowanego-z-foczka-zestaw-639593\/"},"modified":"2026-04-05T19:41:13","modified_gmt":"2026-04-05T17:41:13","slug":"mga-zabawa-w-chowanego-z-foczka-zestaw-639593","status":"publish","type":"product","link":"http:\/\/klubmamgdynia.pl\/index.php\/produkt\/mga-zabawa-w-chowanego-z-foczka-zestaw-639593\/","title":{"rendered":"Mga Zabawa W Chowanego Z Foczk\u0105 Zestaw (639593)"},"content":{"rendered":"<p>Baby Grzechotka Zabawa w chowanego z foczk\u0105                            <\/p>\n<p>Poci\u0105gni\u0119cie za ogon sprawi \u017ce foczka zakryje oczka swoimi p\u0142etwami. Kolory zabawek stymuluj\u0105 wzrok dziecka. Dodatkowo w brzuszku foczki znajduje si\u0119 obracaj\u0105cy si\u0119 p\u0142atek, a na jej g\u0142owie, pi\u0142eczka z koralikami.<\/p>\n<p>Zabawki posiadaj\u0105 wygodne p\u0119tle do mocowania w samochodzie, przy w\u00f3zku czy te\u017c nad \u0142\u00f3\u017ceczkiem.<\/p>\n<h2>Mga Zabawa W Chowanego Z Foczk\u0105 Zestaw (639593) MGA<\/h2>\n<p>kubu\u015b puchatek cytaty, atrakcje do 30 km od wroc\u0142awia, rysunki dla pocz\u0105tkuj\u0105cych, prezent dla nastoletniego ch\u0142opca, aurelia imi\u0119, koty kolorowanki do druku, jak narysowa\u0107 konia, paloma, ahmed, psi patrol kolorowanki, paloma, kamila, proste origami dla dzieci<\/p>\n<p>yyyyy<\/p>\n<p>&nbsp;<\/p>\n","protected":false},"excerpt":{"rendered":"<p>Baby Grzechotka Zabawa w chowanego z foczk\u0105 Poci\u0105gni\u0119cie za ogon sprawi \u017ce foczka zakryje oczka swoimi p\u0142etwami. Kolory zabawek stymuluj\u0105 wzrok dziecka. Dodatkowo w brzuszku foczki znajduje si\u0119 obracaj\u0105cy si\u0119 p\u0142atek, a na jej g\u0142owie, pi\u0142eczka z koralikami. Zabawki posiadaj\u0105 wygodne p\u0119tle do mocowania w samochodzie, przy w\u00f3zku czy te\u017c nad \u0142\u00f3\u017ceczkiem. Mga Zabawa W [&hellip;]<\/p>\n","protected":false},"featured_media":11525,"comment_status":"closed","ping_status":"open","template":"","meta":[],"product_cat":[301,26],"product_tag":[845,668,626,816,715],"class_list":["post-11524","product","type-product","status-publish","has-post-thumbnail","hentry","product_cat-mga","product_cat-zabawki-do-wozka-lozeczka-i-fotelika","product_tag-ach-spij-kochanie-tekst","product_tag-atrakcje-dla-dzieci-wroclaw","product_tag-jacek","product_tag-place-zabaw-warszawa","product_tag-zosia-samosia"],"_links":{"self":[{"href":"http:\/\/klubmamgdynia.pl\/index.php\/wp-json\/wp\/v2\/product\/11524","targetHints":{"allow":["GET"]}}],"collection":[{"href":"http:\/\/klubmamgdynia.pl\/index.php\/wp-json\/wp\/v2\/product"}],"about":[{"href":"http:\/\/klubmamgdynia.pl\/index.php\/wp-json\/wp\/v2\/types\/product"}],"replies":[{"embeddable":true,"href":"http:\/\/klubmamgdynia.pl\/index.php\/wp-json\/wp\/v2\/comments?post=11524"}],"wp:featuredmedia":[{"embeddable":true,"href":"http:\/\/klubmamgdynia.pl\/index.php\/wp-json\/wp\/v2\/media\/11525"}],"wp:attachment":[{"href":"http:\/\/klubmamgdynia.pl\/index.php\/wp-json\/wp\/v2\/media?parent=11524"}],"wp:term":[{"taxonomy":"product_cat","embeddable":true,"href":"http:\/\/klubmamgdynia.pl\/index.php\/wp-json\/wp\/v2\/product_cat?post=11524"},{"taxonomy":"product_tag","embeddable":true,"href":"http:\/\/klubmamgdynia.pl\/index.php\/wp-json\/wp\/v2\/product_tag?post=11524"}],"curies":[{"name":"wp","href":"https:\/\/api.w.org\/{rel}","templated":true}]}}