{"id":11530,"date":"2012-08-01T13:06:18","date_gmt":"2012-08-01T11:06:18","guid":{"rendered":"http:\/\/klubmamgdynia.pl\/index.php\/produkt\/iso-trade-domek-drewniany-dla-lalek-d6522\/"},"modified":"2026-04-07T12:39:26","modified_gmt":"2026-04-07T10:39:26","slug":"iso-trade-domek-drewniany-dla-lalek-d6522","status":"publish","type":"product","link":"http:\/\/klubmamgdynia.pl\/index.php\/produkt\/iso-trade-domek-drewniany-dla-lalek-d6522\/","title":{"rendered":"Iso Trade Domek Drewniany Dla Lalek D6522"},"content":{"rendered":"<p>DREWNIANY DOMEK DLA LALEKZESTAW \u2013 komplet zawiera rozk\u0142adany domek-kawiarenk\u0119 oraz dodatkowe elementy w postaci figurek, stolika, krzese\u0142, czajniczka i fili\u017canek; zestaw umo\u017cliwia kreatywne wykorzystanie i interesuj\u0105c\u0105 zabaw\u0119.ATRAKCYJNY WYGL\u0104D \u2013 produkt jest ciekawy wizualnie; zosta\u0142 estetycznie wykonany, jasne, pastelowe i dziewcz\u0119ce barwy przyci\u0105gaj\u0105 uwag\u0119 i zach\u0119caj\u0105 do zabawy; domek, stoj\u0105c na p\u00f3\u0142ce lub komodzie, mo\u017ce pe\u0142ni\u0107 funkcj\u0119 dekoracyjn\u0105 i stanowi\u0107 ozdob\u0119 pokoju dzieci\u0119cego; drewno zapewnia trwa\u0142o\u015b\u0107 i bezpiecze\u0144stwo u\u017cytkowania.PRZENO\u015aNY \u2013 domek jest lekki i posiada optymalne rozmiary, a specjalny, wygodny uchwyt pozwala na \u0142atwe i wygodne transportowanie; domek jest sk\u0142adany, dzi\u0119ki czemu mo\u017cna bez problemu zabra\u0107, a tak\u017ce do przedszkola, do ogrodu lub w plener.WP\u0141YWA NA ROZW\u00d3J \u2013 zabawka pomaga wciela\u0107 si\u0119 w r\u00f3\u017cne role ju\u017c od najm\u0142odszych lat; rozwija kreatywno\u015b\u0107, a tak\u017ce wp\u0142ywa na rozw\u00f3j zachowa\u0144 spo\u0142ecznych i wspomaga procesy integracyjne.SPECYFIKACJA \u2013 wymiary (d\u0142\/szer\/wys) 19\/16\/25,5cm; materia\u0142 drewno; wiek 3+; certyfikaty CE, EN 71; waga zestawu 850g.SPECYFIKACJAkolor: wielokolorowymateria\u0142: drewnowiek: + 3 latacertyfikaty: CE, EN71wymiary (d\u0142\/szer\/wys): 19\/16\/25,5cmwaga zestawu: 850gwaga z opakowaniem: 1kgW ZESTAWIEsk\u0142adany domekstolik2 figurki2 krzes\u0142a2 fili\u017cankiczajniczekUroczy domek dla lalek to marzenie ka\u017cdej dziewczynki. Zapewnia znakomit\u0105 zabaw\u0119 samemu b\u0105d\u017c w wi\u0119kszym gronie. Za jego pomoc\u0105 dziecko z \u0142atwo\u015bci\u0105 przeniesie si\u0119 w krain\u0119 wyobra\u017ani. Zabawka pozwoli przyjemnie sp\u0119dzi\u0107 czas wolny oraz dostarczy mn\u00f3stwo rado\u015bci zw\u0142aszcza w ch\u0142odne lub deszczowe dni.Zestaw zawiera rozk\u0142adany domek-kawiarenk\u0119 ze spadzistym dachem oraz dodatkowe elementy w postaci figurek-kobiet, stolika, krzese\u0142, czajniczka i fili\u017canek. Komplet umo\u017cliwia kreatywne wykorzystanie i interesuj\u0105c\u0105 zabaw\u0119. Po roz\u0142o\u017ceniu domku mamy do dyspozycji jego lew\u0105 i praw\u0105 stron\u0119 z nadrukami imituj\u0105cymi wystr\u00f3j prawdziwej kawiarenki.Produkt charakteryzuje si\u0119 atrakcyjnym wygl\u0105dem i solidnym wykonaniem. Zosta\u0142 precyzyjnie wykonany w pastelowych, cukierkowych kolorach z dba\u0142o\u015bci\u0105 o szczeg\u00f3\u0142y, co niew\u0105tpliwie dodaje mu walor\u00f3w wizualnych i estetycznych. Ma g\u0142adkie kraw\u0119dzie i jest bezpieczny dla dziecka. U\u017cyty materia\u0142 to wytrzyma\u0142e drewno, kt\u00f3re wp\u0142ywa znacz\u0105co na trwa\u0142o\u015b\u0107 i d\u0142ugo\u015b\u0107 u\u017cytkowania oraz jest nieszkodliwe dla zdrowia najm\u0142odszych w por\u00f3wnaniu do odpowiednik\u00f3w wykonanych z tworzywa sztucznego. Domek, stoj\u0105c na p\u00f3\u0142ce lub komodzie, mo\u017ce pe\u0142ni\u0107 funkcj\u0119 dekoracyjn\u0105 i stanowi\u0107 ciekaw\u0105 ozdob\u0119 pokoju dzieci\u0119cego.Domek dla lalek jest lekki i posiada optymalne wymiary, a specjalny uchwyt pozwala na jego \u0142atwe i wygodne przenoszenie. Zabawka jest sk\u0142adana, dzi\u0119ki czemu mo\u017cna bez problemu zabra\u0107 j\u0105 ze sob\u0105 na wyjazd, jak r\u00f3wnie\u017c do ogrodu, parku, kole\u017canki czy te\u017c do przedszkola.Produkt nadaje si\u0119 doskonale do zabawy indywidualnej oraz w grupie. Pomaga wciela\u0107 si\u0119 w r\u00f3\u017cne role ju\u017c od najm\u0142odszych lat. Pobudza wyobra\u017ani\u0119 i rozwija kreatywno\u015b\u0107, a tak\u017ce wp\u0142ywa na rozw\u00f3j zachowa\u0144 spo\u0142ecznych i wspomaga procesy integracyjne.Wspania\u0142y, kolorowy domek-kawiarenka polecany jest do u\u017cytku prywatnego w domu, a tak\u017ce jako wyposa\u017cenie przedszkoli, dzieci\u0119cych oddzia\u0142\u00f3w szpitalnych i r\u00f3\u017cnego rodzaju plac\u00f3wek opieku\u0144czo-wychowawczych.Idealnie sprawdzi si\u0119 jako fantastyczny prezent z wielu okazji!<\/p>\n<h2>Iso Trade Domek Drewniany Dla Lalek D6522 Iso Trade<\/h2>\n<p>prezenty dla nastolatka, roza imie, zagadki \u015bmieszne, ada imie, wiersze o wakacjach, znaki drogowe quizy, dinozaur bajka<\/p>\n<p>yyyyy<\/p>\n<p>&nbsp;<\/p>\n","protected":false},"excerpt":{"rendered":"<p>DREWNIANY DOMEK DLA LALEKZESTAW \u2013 komplet zawiera rozk\u0142adany domek-kawiarenk\u0119 oraz dodatkowe elementy w postaci figurek, stolika, krzese\u0142, czajniczka i fili\u017canek; zestaw umo\u017cliwia kreatywne wykorzystanie i interesuj\u0105c\u0105 zabaw\u0119.ATRAKCYJNY WYGL\u0104D \u2013 produkt jest ciekawy wizualnie; zosta\u0142 estetycznie wykonany, jasne, pastelowe i dziewcz\u0119ce barwy przyci\u0105gaj\u0105 uwag\u0119 i zach\u0119caj\u0105 do zabawy; domek, stoj\u0105c na p\u00f3\u0142ce lub komodzie, mo\u017ce pe\u0142ni\u0107 [&hellip;]<\/p>\n","protected":false},"featured_media":11531,"comment_status":"closed","ping_status":"open","template":"","meta":[],"product_cat":[1635,296],"product_tag":[763,828,646,711,857],"class_list":["post-11530","product","type-product","status-publish","has-post-thumbnail","hentry","product_cat-domki-dla-lalek","product_cat-iso-trade","product_tag-fabian","product_tag-filmy-wigilijne-dla-dzieci","product_tag-prezent-na-pierwsze-urodziny","product_tag-prezenty-dla-nastolatkow","product_tag-zagadki-dla-dzieci-7-8-lat"],"_links":{"self":[{"href":"http:\/\/klubmamgdynia.pl\/index.php\/wp-json\/wp\/v2\/product\/11530","targetHints":{"allow":["GET"]}}],"collection":[{"href":"http:\/\/klubmamgdynia.pl\/index.php\/wp-json\/wp\/v2\/product"}],"about":[{"href":"http:\/\/klubmamgdynia.pl\/index.php\/wp-json\/wp\/v2\/types\/product"}],"replies":[{"embeddable":true,"href":"http:\/\/klubmamgdynia.pl\/index.php\/wp-json\/wp\/v2\/comments?post=11530"}],"wp:featuredmedia":[{"embeddable":true,"href":"http:\/\/klubmamgdynia.pl\/index.php\/wp-json\/wp\/v2\/media\/11531"}],"wp:attachment":[{"href":"http:\/\/klubmamgdynia.pl\/index.php\/wp-json\/wp\/v2\/media?parent=11530"}],"wp:term":[{"taxonomy":"product_cat","embeddable":true,"href":"http:\/\/klubmamgdynia.pl\/index.php\/wp-json\/wp\/v2\/product_cat?post=11530"},{"taxonomy":"product_tag","embeddable":true,"href":"http:\/\/klubmamgdynia.pl\/index.php\/wp-json\/wp\/v2\/product_tag?post=11530"}],"curies":[{"name":"wp","href":"https:\/\/api.w.org\/{rel}","templated":true}]}}