{"id":11532,"date":"2013-05-30T12:04:01","date_gmt":"2013-05-30T10:04:01","guid":{"rendered":"http:\/\/klubmamgdynia.pl\/index.php\/produkt\/logitech-m330-silent-plus-czarna-910004909\/"},"modified":"2026-04-28T14:42:18","modified_gmt":"2026-04-28T12:42:18","slug":"logitech-m330-silent-plus-czarna-910004909","status":"publish","type":"product","link":"http:\/\/klubmamgdynia.pl\/index.php\/produkt\/logitech-m330-silent-plus-czarna-910004909\/","title":{"rendered":"Logitech M330 Silent Plus Czarna (910004909)"},"content":{"rendered":"<p>Mysz Logitech M330 Silent PlusZr\u00f3b wszystko, co masz do zrobienia, nie dra\u017cni\u0105c okolicy. Mysz Silent Mice zapewnia takie samo odczucie klikni\u0119cia z ha\u0142asem wyciszonym o ponad 90%.* Trwa\u0142e, wygodne stopki sprawnie poruszaj\u0105 si\u0119 po biurku. P\u0142ynne k\u00f3\u0142ko przewijania dope\u0142nia mo\u017cliwo\u015b\u0107 cichej pracy. Mysz Silent Mice eliminuje zb\u0119dny ha\u0142as, dbaj\u0105c o zdrowie i produktywno\u015b\u0107 wszystkich wok\u00f3\u0142. Kliknij g\u0142o\u015bno po raz ostatni. Rodzina i przyjaciele b\u0119d\u0105 Ci wdzi\u0119czni.* W por\u00f3wnaniu z myszk\u0105 Logitech M170                            <\/p>\n<p>Stworzona dla prawej d\u0142oniMysz ma wyprofilowane uchwyty z mi\u0119kkiej gumy, aby zapewni\u0107 pe\u0142ny komfort.                            <\/p>\n<p>24-miesi\u0119czna \u017cywotno\u015b\u0107 bateriiWyd\u0142u\u017c okres mi\u0119dzy wymian\u0105 baterii dzi\u0119ki energooszcz\u0119dnej konstrukcji. Nieu\u017cywana mysz M330 SILENT PLUS przechodzi automatycznie w tryb u\u015bpienia.** \u017bywotno\u015b\u0107 baterii zale\u017cy od intensywno\u015bci u\u017cytkowania i warunk\u00f3w pracy na komputerze.                            <\/p>\n<p>Prostota. Niezawodno\u015b\u0107. Si\u0142a.Bezproblemowy nanoodbiornik pozwala na bezprzewodow\u0105 prac\u0119 na odleg\u0142o\u015b\u0107 do 10 m*. Mysz M330 SILENT PLUS wykorzystuje tak\u017ce zaawansowane optyczne \u015bledzenie ruchu firmy Logitech\u00ae w celu precyzyjnego poruszania si\u0119 na praktycznie dowolnej powierzchni. Nie jest potrzebne \u017cadne oprogramowanie. Mysz wsp\u00f3\u0142pracuje z komputerami z systemem Windows\u00ae, Mac, Chrome OS\u2122 lub Linux\u00ae.* Rzeczywisty zasi\u0119g po\u0142\u0105czenia bezprzewodowego zale\u017cy od sposobu u\u017cywania, ustawie\u0144 i warunk\u00f3w otoczenia.<\/p>\n<h2>Logitech M330 Silent Plus Czarna (910004909) Logitech<\/h2>\n<p>gabriela, kolorowanki dla dzieci do druku, tabliczka mno\u017cenia do druku, prank na prima aprilis, koty do druku, quiz o \u015bwi\u0119tach bo\u017cego narodzenia, nowe quizy do rozwi\u0105zania, minionki do druku, znaczenie imiona marcel, gry i zabawy ruchowe, plac zabaw pozna\u0144, prezent dla 7 latka, kotki do druku, kolorowanka smok wawelski, kolorowanki samochody, bajka o kreciku, liwia, plac zabaw pozna\u0144, kr\u00f3tkie zagadki<\/p>\n<p>yyyyy<\/p>\n<p>&nbsp;<\/p>\n","protected":false},"excerpt":{"rendered":"<p>Mysz Logitech M330 Silent PlusZr\u00f3b wszystko, co masz do zrobienia, nie dra\u017cni\u0105c okolicy. Mysz Silent Mice zapewnia takie samo odczucie klikni\u0119cia z ha\u0142asem wyciszonym o ponad 90%.* Trwa\u0142e, wygodne stopki sprawnie poruszaj\u0105 si\u0119 po biurku. P\u0142ynne k\u00f3\u0142ko przewijania dope\u0142nia mo\u017cliwo\u015b\u0107 cichej pracy. Mysz Silent Mice eliminuje zb\u0119dny ha\u0142as, dbaj\u0105c o zdrowie i produktywno\u015b\u0107 wszystkich wok\u00f3\u0142. [&hellip;]<\/p>\n","protected":false},"featured_media":11533,"comment_status":"closed","ping_status":"open","template":"","meta":[],"product_cat":[2011,1943],"product_tag":[865,622,818,616,850],"class_list":["post-11532","product","type-product","status-publish","has-post-thumbnail","hentry","product_cat-logitech","product_cat-myszy-i-trackballe","product_tag-cytaty-o-dzieciach","product_tag-fajne-zagadki","product_tag-oliwier","product_tag-test-mikolajek-25-pytan","product_tag-wroclaw-atrakcje-dla-dzieci"],"_links":{"self":[{"href":"http:\/\/klubmamgdynia.pl\/index.php\/wp-json\/wp\/v2\/product\/11532","targetHints":{"allow":["GET"]}}],"collection":[{"href":"http:\/\/klubmamgdynia.pl\/index.php\/wp-json\/wp\/v2\/product"}],"about":[{"href":"http:\/\/klubmamgdynia.pl\/index.php\/wp-json\/wp\/v2\/types\/product"}],"replies":[{"embeddable":true,"href":"http:\/\/klubmamgdynia.pl\/index.php\/wp-json\/wp\/v2\/comments?post=11532"}],"wp:featuredmedia":[{"embeddable":true,"href":"http:\/\/klubmamgdynia.pl\/index.php\/wp-json\/wp\/v2\/media\/11533"}],"wp:attachment":[{"href":"http:\/\/klubmamgdynia.pl\/index.php\/wp-json\/wp\/v2\/media?parent=11532"}],"wp:term":[{"taxonomy":"product_cat","embeddable":true,"href":"http:\/\/klubmamgdynia.pl\/index.php\/wp-json\/wp\/v2\/product_cat?post=11532"},{"taxonomy":"product_tag","embeddable":true,"href":"http:\/\/klubmamgdynia.pl\/index.php\/wp-json\/wp\/v2\/product_tag?post=11532"}],"curies":[{"name":"wp","href":"https:\/\/api.w.org\/{rel}","templated":true}]}}