{"id":11534,"date":"2010-11-13T06:48:09","date_gmt":"2010-11-13T05:48:09","guid":{"rendered":"http:\/\/klubmamgdynia.pl\/index.php\/produkt\/berjuan-ubrania-dla-lalek-sanibaby-kolor-zielony-antybakteryjny-40-cm\/"},"modified":"2026-04-22T21:59:39","modified_gmt":"2026-04-22T19:59:39","slug":"berjuan-ubrania-dla-lalek-sanibaby-kolor-zielony-antybakteryjny-40-cm","status":"publish","type":"product","link":"http:\/\/klubmamgdynia.pl\/index.php\/produkt\/berjuan-ubrania-dla-lalek-sanibaby-kolor-zielony-antybakteryjny-40-cm\/","title":{"rendered":"Berjuan Ubrania Dla Lalek Sanibaby Kolor Zielony Antybakteryjny 40 Cm"},"content":{"rendered":"<p>Dzieci zas\u0142uguj\u0105 na to co najlepsze, dlatego przedstawiamy Ci Ubrania dla lalek Berjuan Sanibaby Kolor Zielony Antybakteryjny (40 cm), idealny dla tych, kt\u00f3rzy szukaj\u0105 produkt\u00f3w wysokiej jako\u015bci dla dzieci! Zdob\u0105d\u017a Berjuan w najlepszych cenach!Zalecany Wiek: + 3 latZasilana bateriami: NieWymagany monta\u017c: NieW\u0142a\u015bciwo\u015bci: AntybakteryjnyKolor: Kolor ZielonyWymiary ok.: 40 cm<\/p>\n<h2>Berjuan Ubrania Dla Lalek Sanibaby Kolor Zielony Antybakteryjny 40 Cm Berjuan<\/h2>\n<p>zagadki \u015bmieszne, zagadki logiczne trudne, cytat dla mamy, jaki prezent na roczek, wyci\u0119cia szablon korony do druku, co kupi\u0107 na roczek dla dziewczynki, co\u015b dla nastolatk\u00f3w, dyplom za udzia\u0142 w konkursie do druku, zak\u0142adka do ksi\u0105\u017cki szablon do druku, gry i zabawy ruchowe, adriana imi\u0119, kartka walentynkowa r\u0119cznie robiona \u0142atwa<\/p>\n<p>yyyyy<\/p>\n<p>&nbsp;<\/p>\n","protected":false},"excerpt":{"rendered":"<p>Dzieci zas\u0142uguj\u0105 na to co najlepsze, dlatego przedstawiamy Ci Ubrania dla lalek Berjuan Sanibaby Kolor Zielony Antybakteryjny (40 cm), idealny dla tych, kt\u00f3rzy szukaj\u0105 produkt\u00f3w wysokiej jako\u015bci dla dzieci! Zdob\u0105d\u017a Berjuan w najlepszych cenach!Zalecany Wiek: + 3 latZasilana bateriami: NieWymagany monta\u017c: NieW\u0142a\u015bciwo\u015bci: AntybakteryjnyKolor: Kolor ZielonyWymiary ok.: 40 cm Berjuan Ubrania Dla Lalek Sanibaby Kolor Zielony [&hellip;]<\/p>\n","protected":false},"featured_media":11535,"comment_status":"closed","ping_status":"open","template":"","meta":[],"product_cat":[943,50],"product_tag":[813,807,614,678,822],"class_list":["post-11534","product","type-product","status-publish","has-post-thumbnail","hentry","product_cat-berjuan","product_cat-ubranka-i-buty-dla-lalek","product_tag-krotkie-zagadki-matematyczne-z-odpowiedziami","product_tag-logiczne-zagadki","product_tag-pia","product_tag-prezent-na-roczek-dla-dziewczynki","product_tag-wierszyki-o-wakacjach-krotkie"],"_links":{"self":[{"href":"http:\/\/klubmamgdynia.pl\/index.php\/wp-json\/wp\/v2\/product\/11534","targetHints":{"allow":["GET"]}}],"collection":[{"href":"http:\/\/klubmamgdynia.pl\/index.php\/wp-json\/wp\/v2\/product"}],"about":[{"href":"http:\/\/klubmamgdynia.pl\/index.php\/wp-json\/wp\/v2\/types\/product"}],"replies":[{"embeddable":true,"href":"http:\/\/klubmamgdynia.pl\/index.php\/wp-json\/wp\/v2\/comments?post=11534"}],"wp:featuredmedia":[{"embeddable":true,"href":"http:\/\/klubmamgdynia.pl\/index.php\/wp-json\/wp\/v2\/media\/11535"}],"wp:attachment":[{"href":"http:\/\/klubmamgdynia.pl\/index.php\/wp-json\/wp\/v2\/media?parent=11534"}],"wp:term":[{"taxonomy":"product_cat","embeddable":true,"href":"http:\/\/klubmamgdynia.pl\/index.php\/wp-json\/wp\/v2\/product_cat?post=11534"},{"taxonomy":"product_tag","embeddable":true,"href":"http:\/\/klubmamgdynia.pl\/index.php\/wp-json\/wp\/v2\/product_tag?post=11534"}],"curies":[{"name":"wp","href":"https:\/\/api.w.org\/{rel}","templated":true}]}}