{"id":11538,"date":"2013-07-28T00:11:13","date_gmt":"2013-07-27T22:11:13","guid":{"rendered":"http:\/\/klubmamgdynia.pl\/index.php\/produkt\/11538\/"},"modified":"2026-05-17T23:28:27","modified_gmt":"2026-05-17T21:28:27","slug":"11538","status":"publish","type":"product","link":"http:\/\/klubmamgdynia.pl\/index.php\/produkt\/11538\/","title":{"rendered":""},"content":{"rendered":"<h2> <\/h2>\n<p>testy z lektury tajemniczy ogr\u00f3d, kiekrz, zagadki s\u0142owne, test opowie\u015b\u0107 wigilijna, paula znaczenie imienia<\/p>\n<p>yyyyy<\/p>\n<p>&nbsp;<\/p>\n","protected":false},"excerpt":{"rendered":"<p>testy z lektury tajemniczy ogr\u00f3d, kiekrz, zagadki s\u0142owne, test opowie\u015b\u0107 wigilijna, paula znaczenie imienia yyyyy &nbsp;<\/p>\n","protected":false},"featured_media":0,"comment_status":"closed","ping_status":"open","template":"","meta":[],"product_cat":[],"product_tag":[836,597,805],"class_list":["post-11538","product","type-product","status-publish","hentry","product_tag-co-kupic-dziecku-na-roczek","product_tag-zagadki-o-zimie","product_tag-znaczenie-imienia-alan"],"_links":{"self":[{"href":"http:\/\/klubmamgdynia.pl\/index.php\/wp-json\/wp\/v2\/product\/11538","targetHints":{"allow":["GET"]}}],"collection":[{"href":"http:\/\/klubmamgdynia.pl\/index.php\/wp-json\/wp\/v2\/product"}],"about":[{"href":"http:\/\/klubmamgdynia.pl\/index.php\/wp-json\/wp\/v2\/types\/product"}],"replies":[{"embeddable":true,"href":"http:\/\/klubmamgdynia.pl\/index.php\/wp-json\/wp\/v2\/comments?post=11538"}],"wp:attachment":[{"href":"http:\/\/klubmamgdynia.pl\/index.php\/wp-json\/wp\/v2\/media?parent=11538"}],"wp:term":[{"taxonomy":"product_cat","embeddable":true,"href":"http:\/\/klubmamgdynia.pl\/index.php\/wp-json\/wp\/v2\/product_cat?post=11538"},{"taxonomy":"product_tag","embeddable":true,"href":"http:\/\/klubmamgdynia.pl\/index.php\/wp-json\/wp\/v2\/product_tag?post=11538"}],"curies":[{"name":"wp","href":"https:\/\/api.w.org\/{rel}","templated":true}]}}