{"id":11539,"date":"2020-01-28T10:04:46","date_gmt":"2020-01-28T09:04:46","guid":{"rendered":"http:\/\/klubmamgdynia.pl\/index.php\/produkt\/w-ktorych-dowiecie-sie\/"},"modified":"2026-04-24T03:18:28","modified_gmt":"2026-04-24T01:18:28","slug":"w-ktorych-dowiecie-sie","status":"publish","type":"product","link":"http:\/\/klubmamgdynia.pl\/index.php\/produkt\/w-ktorych-dowiecie-sie\/","title":{"rendered":"w kt\u00f3rych dowiecie si\u0119"},"content":{"rendered":"<p>5 x 24<\/p>\n<h2>w kt\u00f3rych dowiecie si\u0119 5 x 6 cm.<\/h2>\n<p>bajki dla dzieci na dobranoc, test lew czarownica i stara szafa, trudne zagadki, quiz bo\u017ce narodzenie, trudne zagadki na inteligencj\u0119, dobrej nocy i sza, estera, pola imi\u0119, zagadki o zwierz\u0119tach, znaczenie imienia paula, kolorowanka lol surprise, quizy o minecraft, atrakcje dla dzieci warszawa, bajka dla dzieci do czytania, rysunki \u0142atwe, ziemia wyspa zielona tekst, marcel imie<\/p>\n<p>yyyyy<\/p>\n<p>&nbsp;<\/p>\n","protected":false},"excerpt":{"rendered":"<p>5 x 24 w kt\u00f3rych dowiecie si\u0119 5 x 6 cm. bajki dla dzieci na dobranoc, test lew czarownica i stara szafa, trudne zagadki, quiz bo\u017ce narodzenie, trudne zagadki na inteligencj\u0119, dobrej nocy i sza, estera, pola imi\u0119, zagadki o zwierz\u0119tach, znaczenie imienia paula, kolorowanka lol surprise, quizy o minecraft, atrakcje dla dzieci warszawa, bajka [&hellip;]<\/p>\n","protected":false},"featured_media":0,"comment_status":"closed","ping_status":"open","template":"","meta":[],"product_cat":[2032],"product_tag":[686,865,853],"class_list":["post-11539","product","type-product","status-publish","hentry","product_cat-5-x-6-cm","product_tag-co-na-roczek-dla-chlopca","product_tag-cytaty-o-dzieciach","product_tag-kolorowanki-do-druku-dla-doroslych"],"_links":{"self":[{"href":"http:\/\/klubmamgdynia.pl\/index.php\/wp-json\/wp\/v2\/product\/11539","targetHints":{"allow":["GET"]}}],"collection":[{"href":"http:\/\/klubmamgdynia.pl\/index.php\/wp-json\/wp\/v2\/product"}],"about":[{"href":"http:\/\/klubmamgdynia.pl\/index.php\/wp-json\/wp\/v2\/types\/product"}],"replies":[{"embeddable":true,"href":"http:\/\/klubmamgdynia.pl\/index.php\/wp-json\/wp\/v2\/comments?post=11539"}],"wp:attachment":[{"href":"http:\/\/klubmamgdynia.pl\/index.php\/wp-json\/wp\/v2\/media?parent=11539"}],"wp:term":[{"taxonomy":"product_cat","embeddable":true,"href":"http:\/\/klubmamgdynia.pl\/index.php\/wp-json\/wp\/v2\/product_cat?post=11539"},{"taxonomy":"product_tag","embeddable":true,"href":"http:\/\/klubmamgdynia.pl\/index.php\/wp-json\/wp\/v2\/product_tag?post=11539"}],"curies":[{"name":"wp","href":"https:\/\/api.w.org\/{rel}","templated":true}]}}