{"id":1154,"date":"2016-02-10T09:43:57","date_gmt":"2016-02-10T08:43:57","guid":{"rendered":"http:\/\/klubmamgdynia.pl\/index.php\/produkt\/tactic-lumo-stars-veggies-and-berries-groszek-palko\/"},"modified":"2026-05-17T22:56:32","modified_gmt":"2026-05-17T20:56:32","slug":"tactic-lumo-stars-veggies-and-berries-groszek-palko","status":"publish","type":"product","link":"http:\/\/klubmamgdynia.pl\/index.php\/produkt\/tactic-lumo-stars-veggies-and-berries-groszek-palko\/","title":{"rendered":"Tactic Lumo Stars Veggies and Berries Groszek Palko"},"content":{"rendered":"<p>Owoce i Warzywa to jedna z linii rodzimych maskotek Lumo Stars zaprojektowanych w Finlandii. Kolekcja w rozmiarze Classic zawiera wzory pluszak\u00f3w o rozmiarze 15 cm: Marchewka, Kalafior, Kapusta, Broku\u0142, Malina Moroszka, Truskawka, Groszek oraz Muchomor Czerwony. NAZWA LUMO STARS VEGGIES AND BERRIES GROSZEK PALKO PRODUCENT TACTIC WIEK 3+ EAN 6416739584034 Znajd\u017a podobne wed\u0142ug klucza: TACTIC (434466)<\/p>\n<h2>Tactic Lumo Stars Veggies and Berries Groszek Palko Tactic<\/h2>\n<p>zagadki o zwierzetach, zagadki wielkanocne do druku, oryginalny prezent dla nastolatk\u00f3w, cytaty o wychowaniu i nauczaniu, dla nastolatk\u00f3w prezenty, fajne \u017carty na prima aprilis<\/p>\n<p>yyyyy<\/p>\n<p>&nbsp;<\/p>\n","protected":false},"excerpt":{"rendered":"<p>Owoce i Warzywa to jedna z linii rodzimych maskotek Lumo Stars zaprojektowanych w Finlandii. Kolekcja w rozmiarze Classic zawiera wzory pluszak\u00f3w o rozmiarze 15 cm: Marchewka, Kalafior, Kapusta, Broku\u0142, Malina Moroszka, Truskawka, Groszek oraz Muchomor Czerwony. NAZWA LUMO STARS VEGGIES AND BERRIES GROSZEK PALKO PRODUCENT TACTIC WIEK 3+ EAN 6416739584034 Znajd\u017a podobne wed\u0142ug klucza: TACTIC [&hellip;]<\/p>\n","protected":false},"featured_media":1155,"comment_status":"closed","ping_status":"open","template":"","meta":[],"product_cat":[42,243],"product_tag":[789,627,591,576,577],"class_list":["post-1154","product","type-product","status-publish","has-post-thumbnail","hentry","product_cat-maskotki","product_cat-tactic","product_tag-kaczuszka","product_tag-quiz-dzieci-z-bullerbyn","product_tag-quiz-o-minecraft","product_tag-trudne-zagadki","product_tag-znaki-drogowe-test"],"_links":{"self":[{"href":"http:\/\/klubmamgdynia.pl\/index.php\/wp-json\/wp\/v2\/product\/1154","targetHints":{"allow":["GET"]}}],"collection":[{"href":"http:\/\/klubmamgdynia.pl\/index.php\/wp-json\/wp\/v2\/product"}],"about":[{"href":"http:\/\/klubmamgdynia.pl\/index.php\/wp-json\/wp\/v2\/types\/product"}],"replies":[{"embeddable":true,"href":"http:\/\/klubmamgdynia.pl\/index.php\/wp-json\/wp\/v2\/comments?post=1154"}],"wp:featuredmedia":[{"embeddable":true,"href":"http:\/\/klubmamgdynia.pl\/index.php\/wp-json\/wp\/v2\/media\/1155"}],"wp:attachment":[{"href":"http:\/\/klubmamgdynia.pl\/index.php\/wp-json\/wp\/v2\/media?parent=1154"}],"wp:term":[{"taxonomy":"product_cat","embeddable":true,"href":"http:\/\/klubmamgdynia.pl\/index.php\/wp-json\/wp\/v2\/product_cat?post=1154"},{"taxonomy":"product_tag","embeddable":true,"href":"http:\/\/klubmamgdynia.pl\/index.php\/wp-json\/wp\/v2\/product_tag?post=1154"}],"curies":[{"name":"wp","href":"https:\/\/api.w.org\/{rel}","templated":true}]}}