{"id":11540,"date":"2022-12-20T10:13:03","date_gmt":"2022-12-20T09:13:03","guid":{"rendered":"http:\/\/klubmamgdynia.pl\/?post_type=product&#038;p=11540"},"modified":"2026-04-29T18:50:02","modified_gmt":"2026-04-29T16:50:02","slug":"11540","status":"publish","type":"product","link":"http:\/\/klubmamgdynia.pl\/index.php\/produkt\/11540\/","title":{"rendered":""},"content":{"rendered":"<h2> <\/h2>\n<p>znaczenie imienia paula, quiz o miko\u0142ajku, co na roczek dla ch\u0142opca, pia, zagadki o zwierz\u0119tach, bajka terapeutyczna o emocjach, jaki prezent na roczek, trudne \u0142amig\u0142\u00f3wki, co na prezent dla 7 latki, minecraft szablony do druku, zagadki przyrodnicze, rysowanie po \u015bladzie pdf, motto dla nauczyciela<\/p>\n<p>yyyyy<\/p>\n<p>&nbsp;<\/p>\n","protected":false},"excerpt":{"rendered":"<p>znaczenie imienia paula, quiz o miko\u0142ajku, co na roczek dla ch\u0142opca, pia, zagadki o zwierz\u0119tach, bajka terapeutyczna o emocjach, jaki prezent na roczek, trudne \u0142amig\u0142\u00f3wki, co na prezent dla 7 latki, minecraft szablony do druku, zagadki przyrodnicze, rysowanie po \u015bladzie pdf, motto dla nauczyciela yyyyy &nbsp;<\/p>\n","protected":false},"featured_media":0,"comment_status":"closed","ping_status":"open","template":"","meta":[],"product_cat":[],"product_tag":[777,822,767,635],"class_list":["post-11540","product","type-product","status-publish","hentry","product_tag-co-na-roczek","product_tag-wierszyki-o-wakacjach-krotkie","product_tag-zaproszenia-urodzinowe-do-druku","product_tag-znaki-drogowe-do-druku"],"_links":{"self":[{"href":"http:\/\/klubmamgdynia.pl\/index.php\/wp-json\/wp\/v2\/product\/11540","targetHints":{"allow":["GET"]}}],"collection":[{"href":"http:\/\/klubmamgdynia.pl\/index.php\/wp-json\/wp\/v2\/product"}],"about":[{"href":"http:\/\/klubmamgdynia.pl\/index.php\/wp-json\/wp\/v2\/types\/product"}],"replies":[{"embeddable":true,"href":"http:\/\/klubmamgdynia.pl\/index.php\/wp-json\/wp\/v2\/comments?post=11540"}],"wp:attachment":[{"href":"http:\/\/klubmamgdynia.pl\/index.php\/wp-json\/wp\/v2\/media?parent=11540"}],"wp:term":[{"taxonomy":"product_cat","embeddable":true,"href":"http:\/\/klubmamgdynia.pl\/index.php\/wp-json\/wp\/v2\/product_cat?post=11540"},{"taxonomy":"product_tag","embeddable":true,"href":"http:\/\/klubmamgdynia.pl\/index.php\/wp-json\/wp\/v2\/product_tag?post=11540"}],"curies":[{"name":"wp","href":"https:\/\/api.w.org\/{rel}","templated":true}]}}