{"id":11541,"date":"2020-11-13T23:09:19","date_gmt":"2020-11-13T22:09:19","guid":{"rendered":"http:\/\/klubmamgdynia.pl\/index.php\/produkt\/11541\/"},"modified":"2026-04-24T01:56:55","modified_gmt":"2026-04-23T23:56:55","slug":"11541","status":"publish","type":"product","link":"http:\/\/klubmamgdynia.pl\/index.php\/produkt\/11541\/","title":{"rendered":""},"content":{"rendered":"<h2> <\/h2>\n<p>my little pony kolorowanki, miko\u0142ajek quiz, swinka peppa do czytania, prezent dla nastolatk\u00f3w na \u015bwi\u0119ta, ma\u0142y ksi\u0105\u017c\u0119 cytaty o mi\u0142o\u015bci, bajki dla dzieci do czytania, logiczne zagadki, pokemony do druku, jak namalowa\u0107 psa, test z lektury magiczne drzewo czerwone krzes\u0142o<\/p>\n<p>yyyyy<\/p>\n<p>&nbsp;<\/p>\n","protected":false},"excerpt":{"rendered":"<p>my little pony kolorowanki, miko\u0142ajek quiz, swinka peppa do czytania, prezent dla nastolatk\u00f3w na \u015bwi\u0119ta, ma\u0142y ksi\u0105\u017c\u0119 cytaty o mi\u0142o\u015bci, bajki dla dzieci do czytania, logiczne zagadki, pokemony do druku, jak namalowa\u0107 psa, test z lektury magiczne drzewo czerwone krzes\u0142o yyyyy &nbsp;<\/p>\n","protected":false},"featured_media":0,"comment_status":"closed","ping_status":"open","template":"","meta":[],"product_cat":[],"product_tag":[754,787,816,665],"class_list":["post-11541","product","type-product","status-publish","hentry","product_tag-dyplomy-do-wydrukowania-a4","product_tag-nauka-pisania-wyrazow-dla-dzieci-do-druku-pdf","product_tag-place-zabaw-warszawa","product_tag-proste-zagadki"],"_links":{"self":[{"href":"http:\/\/klubmamgdynia.pl\/index.php\/wp-json\/wp\/v2\/product\/11541","targetHints":{"allow":["GET"]}}],"collection":[{"href":"http:\/\/klubmamgdynia.pl\/index.php\/wp-json\/wp\/v2\/product"}],"about":[{"href":"http:\/\/klubmamgdynia.pl\/index.php\/wp-json\/wp\/v2\/types\/product"}],"replies":[{"embeddable":true,"href":"http:\/\/klubmamgdynia.pl\/index.php\/wp-json\/wp\/v2\/comments?post=11541"}],"wp:attachment":[{"href":"http:\/\/klubmamgdynia.pl\/index.php\/wp-json\/wp\/v2\/media?parent=11541"}],"wp:term":[{"taxonomy":"product_cat","embeddable":true,"href":"http:\/\/klubmamgdynia.pl\/index.php\/wp-json\/wp\/v2\/product_cat?post=11541"},{"taxonomy":"product_tag","embeddable":true,"href":"http:\/\/klubmamgdynia.pl\/index.php\/wp-json\/wp\/v2\/product_tag?post=11541"}],"curies":[{"name":"wp","href":"https:\/\/api.w.org\/{rel}","templated":true}]}}