{"id":11542,"date":"2018-11-11T15:30:39","date_gmt":"2018-11-11T14:30:39","guid":{"rendered":"http:\/\/klubmamgdynia.pl\/index.php\/produkt\/11542\/"},"modified":"2026-04-06T18:47:44","modified_gmt":"2026-04-06T16:47:44","slug":"11542","status":"publish","type":"product","link":"http:\/\/klubmamgdynia.pl\/index.php\/produkt\/11542\/","title":{"rendered":""},"content":{"rendered":"<h2> <\/h2>\n<p>wz\u00f3r drzewo genealogiczne szablon do wydruku, gabriel, \u017carty na prima aprilis w domu, opowie\u015bci z narnii lew czarownica i stara szafa test do wydruku, wiersz o g\u00f3rniku, aron, opis do zdj\u0119cia z dzieckiem, \u015bmieszne kanapki kanapki dla dzieci, \u0142amig\u0142\u00f3wki dla 4 latka do druku, karty pracy dla dzieci z ukrainy pdf, policja kolorowanka, cytaty o mamie, zagadki logiczne, kolorowanka do malowania farbami, najtrudniejsze zagadki, fajne prezenty dla nastolatk\u00f3w, malowanki do druku<\/p>\n<p>yyyyy<\/p>\n<p>&nbsp;<\/p>\n","protected":false},"excerpt":{"rendered":"<p>wz\u00f3r drzewo genealogiczne szablon do wydruku, gabriel, \u017carty na prima aprilis w domu, opowie\u015bci z narnii lew czarownica i stara szafa test do wydruku, wiersz o g\u00f3rniku, aron, opis do zdj\u0119cia z dzieckiem, \u015bmieszne kanapki kanapki dla dzieci, \u0142amig\u0142\u00f3wki dla 4 latka do druku, karty pracy dla dzieci z ukrainy pdf, policja kolorowanka, cytaty o [&hellip;]<\/p>\n","protected":false},"featured_media":0,"comment_status":"closed","ping_status":"open","template":"","meta":[],"product_cat":[],"product_tag":[871,763,753,588,628,756],"class_list":["post-11542","product","type-product","status-publish","hentry","product_tag-bajka-o-smoku-wawelskim","product_tag-fabian","product_tag-kamila","product_tag-wzruszajace-slowa-dla-przyjaciela","product_tag-zagadka","product_tag-zaproszenie-na-urodziny-do-druku"],"_links":{"self":[{"href":"http:\/\/klubmamgdynia.pl\/index.php\/wp-json\/wp\/v2\/product\/11542","targetHints":{"allow":["GET"]}}],"collection":[{"href":"http:\/\/klubmamgdynia.pl\/index.php\/wp-json\/wp\/v2\/product"}],"about":[{"href":"http:\/\/klubmamgdynia.pl\/index.php\/wp-json\/wp\/v2\/types\/product"}],"replies":[{"embeddable":true,"href":"http:\/\/klubmamgdynia.pl\/index.php\/wp-json\/wp\/v2\/comments?post=11542"}],"wp:attachment":[{"href":"http:\/\/klubmamgdynia.pl\/index.php\/wp-json\/wp\/v2\/media?parent=11542"}],"wp:term":[{"taxonomy":"product_cat","embeddable":true,"href":"http:\/\/klubmamgdynia.pl\/index.php\/wp-json\/wp\/v2\/product_cat?post=11542"},{"taxonomy":"product_tag","embeddable":true,"href":"http:\/\/klubmamgdynia.pl\/index.php\/wp-json\/wp\/v2\/product_tag?post=11542"}],"curies":[{"name":"wp","href":"https:\/\/api.w.org\/{rel}","templated":true}]}}