{"id":11547,"date":"2019-06-11T23:09:31","date_gmt":"2019-06-11T21:09:31","guid":{"rendered":"http:\/\/klubmamgdynia.pl\/index.php\/produkt\/11547\/"},"modified":"2026-04-20T12:21:53","modified_gmt":"2026-04-20T10:21:53","slug":"11547","status":"publish","type":"product","link":"http:\/\/klubmamgdynia.pl\/index.php\/produkt\/11547\/","title":{"rendered":""},"content":{"rendered":"<h2> <\/h2>\n<p>wiosna kolorowanka do druku, jaki prezent na roczek dla ch\u0142opca, kolorowanka wakacje, ma\u0142y ksi\u0105\u017ce cytaty o przyja\u017ani, kolorowanki na dzie\u0144 mamy, kolorowanka lego ninjago, zaproszenia na urodziny dla dzieci do druku, straszne filmy dla dzieci, minecraft quiz, quiz znaki drogowe, zagadki dla 8 latk\u00f3w, platformy edukacyjne, quiz flagi, jak zrobi\u0107 samolot z papieru, zagadki dla 8 latka, karolcia test z lektury, proste dekoracje bo\u017conarodzeniowe dla dzieci, bajki na dobranoc, aaa kotki dwa tekst<\/p>\n<p>yyyyy<\/p>\n<p>&nbsp;<\/p>\n","protected":false},"excerpt":{"rendered":"<p>wiosna kolorowanka do druku, jaki prezent na roczek dla ch\u0142opca, kolorowanka wakacje, ma\u0142y ksi\u0105\u017ce cytaty o przyja\u017ani, kolorowanki na dzie\u0144 mamy, kolorowanka lego ninjago, zaproszenia na urodziny dla dzieci do druku, straszne filmy dla dzieci, minecraft quiz, quiz znaki drogowe, zagadki dla 8 latk\u00f3w, platformy edukacyjne, quiz flagi, jak zrobi\u0107 samolot z papieru, zagadki dla [&hellip;]<\/p>\n","protected":false},"featured_media":0,"comment_status":"closed","ping_status":"open","template":"","meta":[],"product_cat":[],"product_tag":[662,670,652,629,607,725],"class_list":["post-11547","product","type-product","status-publish","hentry","product_tag-bajki-na-dobranoc","product_tag-irma","product_tag-otto","product_tag-smieszne-zagadki-z-odpowiedziami","product_tag-zarty-na-prima-aprilis-dla-rodzicow","product_tag-zgadywanki"],"_links":{"self":[{"href":"http:\/\/klubmamgdynia.pl\/index.php\/wp-json\/wp\/v2\/product\/11547","targetHints":{"allow":["GET"]}}],"collection":[{"href":"http:\/\/klubmamgdynia.pl\/index.php\/wp-json\/wp\/v2\/product"}],"about":[{"href":"http:\/\/klubmamgdynia.pl\/index.php\/wp-json\/wp\/v2\/types\/product"}],"replies":[{"embeddable":true,"href":"http:\/\/klubmamgdynia.pl\/index.php\/wp-json\/wp\/v2\/comments?post=11547"}],"wp:attachment":[{"href":"http:\/\/klubmamgdynia.pl\/index.php\/wp-json\/wp\/v2\/media?parent=11547"}],"wp:term":[{"taxonomy":"product_cat","embeddable":true,"href":"http:\/\/klubmamgdynia.pl\/index.php\/wp-json\/wp\/v2\/product_cat?post=11547"},{"taxonomy":"product_tag","embeddable":true,"href":"http:\/\/klubmamgdynia.pl\/index.php\/wp-json\/wp\/v2\/product_tag?post=11547"}],"curies":[{"name":"wp","href":"https:\/\/api.w.org\/{rel}","templated":true}]}}