{"id":11548,"date":"2023-06-19T01:27:42","date_gmt":"2023-06-18T23:27:42","guid":{"rendered":"http:\/\/klubmamgdynia.pl\/?post_type=product&#038;p=11548"},"modified":"2026-04-29T12:47:51","modified_gmt":"2026-04-29T10:47:51","slug":"jedno-oko-tam-glownie-nie-odpuszczaj-i-wreszcie-bedziesz-miec-piekny-stroj-z-dzianiny-baby-born-wyglada-tak-slodko-dwa-male-ptaki-sa-nawet-wplecione-w-sweter-wyglada-na-to","status":"publish","type":"product","link":"http:\/\/klubmamgdynia.pl\/index.php\/produkt\/jedno-oko-tam-glownie-nie-odpuszczaj-i-wreszcie-bedziesz-miec-piekny-stroj-z-dzianiny-baby-born-wyglada-tak-slodko-dwa-male-ptaki-sa-nawet-wplecione-w-sweter-wyglada-na-to\/","title":{"rendered":"jedno oko tam \u2026 g\u0142\u00f3wnie nie odpuszczaj! I wreszcie b\u0119dziesz mie\u0107 pi\u0119kny str\u00f3j z dzianiny. BABY born wygl\u0105da tak s\u0142odko. Dwa ma\u0142e ptaki s\u0105 nawet wplecione w sweter. Wygl\u0105da na to"},"content":{"rendered":"<p>kt\u00f3re podkre\u015blaj\u0105 kolorowe paski na brzegu swetra.<\/p>\n<h2>jedno oko tam \u2026 g\u0142\u00f3wnie nie odpuszczaj! I wreszcie b\u0119dziesz mie\u0107 pi\u0119kny str\u00f3j z dzianiny. BABY born wygl\u0105da tak s\u0142odko. Dwa ma\u0142e ptaki s\u0105 nawet wplecione w sweter. Wygl\u0105da na to <\/h2>\n<p>\u015bmieszne zagadki z odpowiedziami, quiz online, gda\u0144sk atrakcje dla m\u0142odzie\u017cy, nauka zegara zegar do druku<\/p>\n<p>yyyyy<\/p>\n<p>&nbsp;<\/p>\n","protected":false},"excerpt":{"rendered":"<p>kt\u00f3re podkre\u015blaj\u0105 kolorowe paski na brzegu swetra. jedno oko tam \u2026 g\u0142\u00f3wnie nie odpuszczaj! I wreszcie b\u0119dziesz mie\u0107 pi\u0119kny str\u00f3j z dzianiny. BABY born wygl\u0105da tak s\u0142odko. Dwa ma\u0142e ptaki s\u0105 nawet wplecione w sweter. Wygl\u0105da na to \u015bmieszne zagadki z odpowiedziami, quiz online, gda\u0144sk atrakcje dla m\u0142odzie\u017cy, nauka zegara zegar do druku yyyyy &nbsp;<\/p>\n","protected":false},"featured_media":0,"comment_status":"closed","ping_status":"open","template":"","meta":[],"product_cat":[],"product_tag":[826,732,627,636],"class_list":["post-11548","product","type-product","status-publish","hentry","product_tag-prezent-dla-15-latka","product_tag-prezent-dla-rocznego-chlopca","product_tag-quiz-dzieci-z-bullerbyn","product_tag-teksty-kolysanek"],"_links":{"self":[{"href":"http:\/\/klubmamgdynia.pl\/index.php\/wp-json\/wp\/v2\/product\/11548","targetHints":{"allow":["GET"]}}],"collection":[{"href":"http:\/\/klubmamgdynia.pl\/index.php\/wp-json\/wp\/v2\/product"}],"about":[{"href":"http:\/\/klubmamgdynia.pl\/index.php\/wp-json\/wp\/v2\/types\/product"}],"replies":[{"embeddable":true,"href":"http:\/\/klubmamgdynia.pl\/index.php\/wp-json\/wp\/v2\/comments?post=11548"}],"wp:attachment":[{"href":"http:\/\/klubmamgdynia.pl\/index.php\/wp-json\/wp\/v2\/media?parent=11548"}],"wp:term":[{"taxonomy":"product_cat","embeddable":true,"href":"http:\/\/klubmamgdynia.pl\/index.php\/wp-json\/wp\/v2\/product_cat?post=11548"},{"taxonomy":"product_tag","embeddable":true,"href":"http:\/\/klubmamgdynia.pl\/index.php\/wp-json\/wp\/v2\/product_tag?post=11548"}],"curies":[{"name":"wp","href":"https:\/\/api.w.org\/{rel}","templated":true}]}}