{"id":11549,"date":"2016-12-12T03:44:08","date_gmt":"2016-12-12T02:44:08","guid":{"rendered":"http:\/\/klubmamgdynia.pl\/index.php\/produkt\/11549\/"},"modified":"2026-04-24T20:11:03","modified_gmt":"2026-04-24T18:11:03","slug":"11549","status":"publish","type":"product","link":"http:\/\/klubmamgdynia.pl\/index.php\/produkt\/11549\/","title":{"rendered":""},"content":{"rendered":"<h2> <\/h2>\n<p>wierszyki o wakacjach kr\u00f3tkie, psi patrol kolorowanka do druku, laurka dla babci, pomys\u0142 na prezent dla nastolatki, teksty ko\u0142ysanek, atrakcje dla dzieci krak\u00f3w, mia imie, koty rysunki, wiersze o wio\u015bnie jana brzechwy, ozdoby \u015bwi\u0105teczne do zrobienia z dzie\u0107mi, esmeralda, test z lektury dzieci z bullerbyn, kolorowanki my little pony, kolorowanki lego ninjago, malowanki do wydruku<\/p>\n<p>yyyyy<\/p>\n<p>&nbsp;<\/p>\n","protected":false},"excerpt":{"rendered":"<p>wierszyki o wakacjach kr\u00f3tkie, psi patrol kolorowanka do druku, laurka dla babci, pomys\u0142 na prezent dla nastolatki, teksty ko\u0142ysanek, atrakcje dla dzieci krak\u00f3w, mia imie, koty rysunki, wiersze o wio\u015bnie jana brzechwy, ozdoby \u015bwi\u0105teczne do zrobienia z dzie\u0107mi, esmeralda, test z lektury dzieci z bullerbyn, kolorowanki my little pony, kolorowanki lego ninjago, malowanki do wydruku [&hellip;]<\/p>\n","protected":false},"featured_media":0,"comment_status":"closed","ping_status":"open","template":"","meta":[],"product_cat":[],"product_tag":[637,826,856,634,873],"class_list":["post-11549","product","type-product","status-publish","hentry","product_tag-niech-zyja-wakacje-tekst","product_tag-prezent-dla-15-latka","product_tag-prezent-dla-16-latki","product_tag-zagadki-wielkanocne-dla-dzieci","product_tag-zagadki-z-odpowiedziami-dla-dzieci"],"_links":{"self":[{"href":"http:\/\/klubmamgdynia.pl\/index.php\/wp-json\/wp\/v2\/product\/11549","targetHints":{"allow":["GET"]}}],"collection":[{"href":"http:\/\/klubmamgdynia.pl\/index.php\/wp-json\/wp\/v2\/product"}],"about":[{"href":"http:\/\/klubmamgdynia.pl\/index.php\/wp-json\/wp\/v2\/types\/product"}],"replies":[{"embeddable":true,"href":"http:\/\/klubmamgdynia.pl\/index.php\/wp-json\/wp\/v2\/comments?post=11549"}],"wp:attachment":[{"href":"http:\/\/klubmamgdynia.pl\/index.php\/wp-json\/wp\/v2\/media?parent=11549"}],"wp:term":[{"taxonomy":"product_cat","embeddable":true,"href":"http:\/\/klubmamgdynia.pl\/index.php\/wp-json\/wp\/v2\/product_cat?post=11549"},{"taxonomy":"product_tag","embeddable":true,"href":"http:\/\/klubmamgdynia.pl\/index.php\/wp-json\/wp\/v2\/product_tag?post=11549"}],"curies":[{"name":"wp","href":"https:\/\/api.w.org\/{rel}","templated":true}]}}