{"id":11550,"date":"2015-11-04T02:35:42","date_gmt":"2015-11-04T01:35:42","guid":{"rendered":"http:\/\/klubmamgdynia.pl\/index.php\/produkt\/11550\/"},"modified":"2026-04-04T19:53:52","modified_gmt":"2026-04-04T17:53:52","slug":"11550","status":"publish","type":"product","link":"http:\/\/klubmamgdynia.pl\/index.php\/produkt\/11550\/","title":{"rendered":""},"content":{"rendered":"<h2> <\/h2>\n<p>pierwszy obudzi\u0142 si\u0119 pierwiosnek tekst, oryginalny prezent na roczek, kolorowanki pokemon, test magiczne drzewo czerwone krzes\u0142o, gad\u017cety dla nastolatka, origami dla dzieci, flagi pa\u0144stw quiz, bajka dla niemowlaka, jakie prezenty na roczek, hymn g\u00f3rniczy, zygzak mcqueen kolorowanka, ch\u0142opcy z placu broni &#8211; test z odpowiedziami, zaproszenie na urodziny do druku pdf, quiz o \u015bwi\u0119tach bo\u017cego narodzenia, karty matematyczne tabliczka mno\u017cenia do wydruku, kira imi\u0119<\/p>\n<p>yyyyy<\/p>\n<p>&nbsp;<\/p>\n","protected":false},"excerpt":{"rendered":"<p>pierwszy obudzi\u0142 si\u0119 pierwiosnek tekst, oryginalny prezent na roczek, kolorowanki pokemon, test magiczne drzewo czerwone krzes\u0142o, gad\u017cety dla nastolatka, origami dla dzieci, flagi pa\u0144stw quiz, bajka dla niemowlaka, jakie prezenty na roczek, hymn g\u00f3rniczy, zygzak mcqueen kolorowanka, ch\u0142opcy z placu broni &#8211; test z odpowiedziami, zaproszenie na urodziny do druku pdf, quiz o \u015bwi\u0119tach bo\u017cego [&hellip;]<\/p>\n","protected":false},"featured_media":0,"comment_status":"closed","ping_status":"open","template":"","meta":[],"product_cat":[],"product_tag":[828,593,862,678,721],"class_list":["post-11550","product","type-product","status-publish","hentry","product_tag-filmy-wigilijne-dla-dzieci","product_tag-jak-narysowac-konia","product_tag-nasza-zima-zla-tekst","product_tag-prezent-na-roczek-dla-dziewczynki","product_tag-zagadki-matematyczne"],"_links":{"self":[{"href":"http:\/\/klubmamgdynia.pl\/index.php\/wp-json\/wp\/v2\/product\/11550","targetHints":{"allow":["GET"]}}],"collection":[{"href":"http:\/\/klubmamgdynia.pl\/index.php\/wp-json\/wp\/v2\/product"}],"about":[{"href":"http:\/\/klubmamgdynia.pl\/index.php\/wp-json\/wp\/v2\/types\/product"}],"replies":[{"embeddable":true,"href":"http:\/\/klubmamgdynia.pl\/index.php\/wp-json\/wp\/v2\/comments?post=11550"}],"wp:attachment":[{"href":"http:\/\/klubmamgdynia.pl\/index.php\/wp-json\/wp\/v2\/media?parent=11550"}],"wp:term":[{"taxonomy":"product_cat","embeddable":true,"href":"http:\/\/klubmamgdynia.pl\/index.php\/wp-json\/wp\/v2\/product_cat?post=11550"},{"taxonomy":"product_tag","embeddable":true,"href":"http:\/\/klubmamgdynia.pl\/index.php\/wp-json\/wp\/v2\/product_tag?post=11550"}],"curies":[{"name":"wp","href":"https:\/\/api.w.org\/{rel}","templated":true}]}}