{"id":11552,"date":"2023-12-05T07:30:32","date_gmt":"2023-12-05T06:30:32","guid":{"rendered":"http:\/\/klubmamgdynia.pl\/?post_type=product&#038;p=11552"},"modified":"2026-04-06T02:50:52","modified_gmt":"2026-04-06T00:50:52","slug":"na-obrazku-widzimy-wiele-gatunkow-ptakow","status":"publish","type":"product","link":"http:\/\/klubmamgdynia.pl\/index.php\/produkt\/na-obrazku-widzimy-wiele-gatunkow-ptakow\/","title":{"rendered":"na obrazku widzimy wiele gatunk\u00f3w ptak\u00f3w"},"content":{"rendered":"<p>stosuje najbardziej wymagaj\u0105ce i innowacyjne techniki<\/p>\n<h2>na obrazku widzimy wiele gatunk\u00f3w ptak\u00f3w aby stworzy\u0107 puzzle najwy\u017cszej jako\u015bci. Dba\u0142o\u015b\u0107 o ka\u017cdy detal to znak rozpoznawczy holenderskiego producenta.Do produkcji wszystkich puzzli<\/h2>\n<p>prezenty dla nastolatk\u00f3w 2021, co kupi\u0107 nastolatce na urodziny, quizy dla przedszkolak\u00f3w, mira imi\u0119, cytat o przyja\u017ani, wr\u00f3zby andrzejkowe dla dzieci, kanapeczki na urodziny dziecka, miriam imi\u0119, starodawne \u017cyczenia bo\u017conarodzeniowe, maurycy, \u0142amig\u0142\u00f3wki dla dzieci do wydruku, imi\u0119 miriam, zagadki dla dzieci 5 lat, jaki prezent na roczek dla ch\u0142opca, nauka zegara do druku, maska kota, wystawy dla dzieci warszawa, malowanka do druku, dzie\u0144 misia 2021<\/p>\n<p>yyyyy<\/p>\n<p>&nbsp;<\/p>\n","protected":false},"excerpt":{"rendered":"<p>stosuje najbardziej wymagaj\u0105ce i innowacyjne techniki na obrazku widzimy wiele gatunk\u00f3w ptak\u00f3w aby stworzy\u0107 puzzle najwy\u017cszej jako\u015bci. Dba\u0142o\u015b\u0107 o ka\u017cdy detal to znak rozpoznawczy holenderskiego producenta.Do produkcji wszystkich puzzli prezenty dla nastolatk\u00f3w 2021, co kupi\u0107 nastolatce na urodziny, quizy dla przedszkolak\u00f3w, mira imi\u0119, cytat o przyja\u017ani, wr\u00f3zby andrzejkowe dla dzieci, kanapeczki na urodziny dziecka, miriam [&hellip;]<\/p>\n","protected":false},"featured_media":0,"comment_status":"closed","ping_status":"open","template":"","meta":[],"product_cat":[2033,2034],"product_tag":[612,689,597,604],"class_list":["post-11552","product","type-product","status-publish","hentry","product_cat-aby-stworzyc-puzzle-najwyzszej-jakosci-dbalosc-o-kazdy-detal-to-znak-rozpoznawczy-holenderskiego-producenta-do-produkcji-wszystkich-puzzli","product_cat-zarowno-dla-dzieci","product_tag-kolorowanki-do-druku","product_tag-linda","product_tag-zagadki-o-zimie","product_tag-zagadki-trudne"],"_links":{"self":[{"href":"http:\/\/klubmamgdynia.pl\/index.php\/wp-json\/wp\/v2\/product\/11552","targetHints":{"allow":["GET"]}}],"collection":[{"href":"http:\/\/klubmamgdynia.pl\/index.php\/wp-json\/wp\/v2\/product"}],"about":[{"href":"http:\/\/klubmamgdynia.pl\/index.php\/wp-json\/wp\/v2\/types\/product"}],"replies":[{"embeddable":true,"href":"http:\/\/klubmamgdynia.pl\/index.php\/wp-json\/wp\/v2\/comments?post=11552"}],"wp:attachment":[{"href":"http:\/\/klubmamgdynia.pl\/index.php\/wp-json\/wp\/v2\/media?parent=11552"}],"wp:term":[{"taxonomy":"product_cat","embeddable":true,"href":"http:\/\/klubmamgdynia.pl\/index.php\/wp-json\/wp\/v2\/product_cat?post=11552"},{"taxonomy":"product_tag","embeddable":true,"href":"http:\/\/klubmamgdynia.pl\/index.php\/wp-json\/wp\/v2\/product_tag?post=11552"}],"curies":[{"name":"wp","href":"https:\/\/api.w.org\/{rel}","templated":true}]}}