{"id":11553,"date":"2022-03-15T23:34:58","date_gmt":"2022-03-15T22:34:58","guid":{"rendered":"http:\/\/klubmamgdynia.pl\/index.php\/produkt\/11553\/"},"modified":"2026-04-03T19:39:31","modified_gmt":"2026-04-03T17:39:31","slug":"11553","status":"publish","type":"product","link":"http:\/\/klubmamgdynia.pl\/index.php\/produkt\/11553\/","title":{"rendered":""},"content":{"rendered":"<h2> <\/h2>\n<p>aurora imi\u0119, filmy wigilijne dla dzieci, filmy animowane \u015bwi\u0105teczne, pytania logiczne, test czerwone krzes\u0142o, na wyspach bergamutach tekst, cytaty o dziecku, \u017cyczenia na lany poniedzia\u0142ek wielkanocny, \u017carty na prima aprilis dla mamy, kolorowanki \u015bwi\u0105teczne do wydruku, jaki prezent na roczek, darmowe bajki dla dzieci, zagadki wiosenne dla dzieci<\/p>\n<p>yyyyy<\/p>\n<p>&nbsp;<\/p>\n","protected":false},"excerpt":{"rendered":"<p>aurora imi\u0119, filmy wigilijne dla dzieci, filmy animowane \u015bwi\u0105teczne, pytania logiczne, test czerwone krzes\u0142o, na wyspach bergamutach tekst, cytaty o dziecku, \u017cyczenia na lany poniedzia\u0142ek wielkanocny, \u017carty na prima aprilis dla mamy, kolorowanki \u015bwi\u0105teczne do wydruku, jaki prezent na roczek, darmowe bajki dla dzieci, zagadki wiosenne dla dzieci yyyyy &nbsp;<\/p>\n","protected":false},"featured_media":0,"comment_status":"closed","ping_status":"open","template":"","meta":[],"product_cat":[],"product_tag":[797,631,814,698],"class_list":["post-11553","product","type-product","status-publish","hentry","product_tag-kiekrz","product_tag-prezent-na-roczek","product_tag-prezenty-dla-nastolatek","product_tag-zagadki-dla-przedszkolakow"],"_links":{"self":[{"href":"http:\/\/klubmamgdynia.pl\/index.php\/wp-json\/wp\/v2\/product\/11553","targetHints":{"allow":["GET"]}}],"collection":[{"href":"http:\/\/klubmamgdynia.pl\/index.php\/wp-json\/wp\/v2\/product"}],"about":[{"href":"http:\/\/klubmamgdynia.pl\/index.php\/wp-json\/wp\/v2\/types\/product"}],"replies":[{"embeddable":true,"href":"http:\/\/klubmamgdynia.pl\/index.php\/wp-json\/wp\/v2\/comments?post=11553"}],"wp:attachment":[{"href":"http:\/\/klubmamgdynia.pl\/index.php\/wp-json\/wp\/v2\/media?parent=11553"}],"wp:term":[{"taxonomy":"product_cat","embeddable":true,"href":"http:\/\/klubmamgdynia.pl\/index.php\/wp-json\/wp\/v2\/product_cat?post=11553"},{"taxonomy":"product_tag","embeddable":true,"href":"http:\/\/klubmamgdynia.pl\/index.php\/wp-json\/wp\/v2\/product_tag?post=11553"}],"curies":[{"name":"wp","href":"https:\/\/api.w.org\/{rel}","templated":true}]}}