{"id":11554,"date":"2018-04-13T21:27:09","date_gmt":"2018-04-13T19:27:09","guid":{"rendered":"http:\/\/klubmamgdynia.pl\/index.php\/produkt\/letnia-zabawa-jest-gwarantowana-mali-i-duzi-je-pokochaja-kupuj-recznik-plazowy-peppa-pig-75502-mikrofibra-granatowy-i-ciesz-sie-wolnym-czasemmaterial-100-poliesterkolor-granatowywymiary-ok-70\/"},"modified":"2026-04-08T13:05:56","modified_gmt":"2026-04-08T11:05:56","slug":"letnia-zabawa-jest-gwarantowana-mali-i-duzi-je-pokochaja-kupuj-recznik-plazowy-peppa-pig-75502-mikrofibra-granatowy-i-ciesz-sie-wolnym-czasemmaterial-100-poliesterkolor-granatowywymiary-ok-70","status":"publish","type":"product","link":"http:\/\/klubmamgdynia.pl\/index.php\/produkt\/letnia-zabawa-jest-gwarantowana-mali-i-duzi-je-pokochaja-kupuj-recznik-plazowy-peppa-pig-75502-mikrofibra-granatowy-i-ciesz-sie-wolnym-czasemmaterial-100-poliesterkolor-granatowywymiary-ok-70\/","title":{"rendered":"letnia zabawa jest gwarantowana. Mali i duzi je pokochaj\u0105! Kupuj R\u0119cznik pla\u017cowy Peppa Pig 75502 Mikrofibra Granatowy i ciesz si\u0119 wolnym czasem!Materia\u0142: 100 % PoliesterKolor: GranatowyWymiary ok.: 70 x 140 cmZalecany Wiek: 2-10 lat&#8230;"},"content":{"rendered":"<h2>letnia zabawa jest gwarantowana. Mali i duzi je pokochaj\u0105! Kupuj R\u0119cznik pla\u017cowy Peppa Pig 75502 Mikrofibra Granatowy i ciesz si\u0119 wolnym czasem!Materia\u0142: 100 % PoliesterKolor: GranatowyWymiary ok.: 70 x 140 cmZalecany Wiek: 2-10 lat&#8230; <\/h2>\n<p>asiunia pytania do lektury, prezent dla roczniaka, gad\u017cety dla nastolatek, atrakcje dla nastolatk\u00f3w, zabawki dla dziewczynki na roczek, piesek kolorowanka, prima aprilis zarty<\/p>\n<p>yyyyy<\/p>\n<p>&nbsp;<\/p>\n","protected":false},"excerpt":{"rendered":"<p>letnia zabawa jest gwarantowana. Mali i duzi je pokochaj\u0105! Kupuj R\u0119cznik pla\u017cowy Peppa Pig 75502 Mikrofibra Granatowy i ciesz si\u0119 wolnym czasem!Materia\u0142: 100 % PoliesterKolor: GranatowyWymiary ok.: 70 x 140 cmZalecany Wiek: 2-10 lat&#8230; asiunia pytania do lektury, prezent dla roczniaka, gad\u017cety dla nastolatek, atrakcje dla nastolatk\u00f3w, zabawki dla dziewczynki na roczek, piesek kolorowanka, prima [&hellip;]<\/p>\n","protected":false},"featured_media":0,"comment_status":"closed","ping_status":"open","template":"","meta":[],"product_cat":[],"product_tag":[632,698,597,733],"class_list":["post-11554","product","type-product","status-publish","hentry","product_tag-warszawa-atrakcje-dla-mlodziezy","product_tag-zagadki-dla-przedszkolakow","product_tag-zagadki-o-zimie","product_tag-zarty-na-prima-aprilis"],"_links":{"self":[{"href":"http:\/\/klubmamgdynia.pl\/index.php\/wp-json\/wp\/v2\/product\/11554","targetHints":{"allow":["GET"]}}],"collection":[{"href":"http:\/\/klubmamgdynia.pl\/index.php\/wp-json\/wp\/v2\/product"}],"about":[{"href":"http:\/\/klubmamgdynia.pl\/index.php\/wp-json\/wp\/v2\/types\/product"}],"replies":[{"embeddable":true,"href":"http:\/\/klubmamgdynia.pl\/index.php\/wp-json\/wp\/v2\/comments?post=11554"}],"wp:attachment":[{"href":"http:\/\/klubmamgdynia.pl\/index.php\/wp-json\/wp\/v2\/media?parent=11554"}],"wp:term":[{"taxonomy":"product_cat","embeddable":true,"href":"http:\/\/klubmamgdynia.pl\/index.php\/wp-json\/wp\/v2\/product_cat?post=11554"},{"taxonomy":"product_tag","embeddable":true,"href":"http:\/\/klubmamgdynia.pl\/index.php\/wp-json\/wp\/v2\/product_tag?post=11554"}],"curies":[{"name":"wp","href":"https:\/\/api.w.org\/{rel}","templated":true}]}}