{"id":11555,"date":"2016-04-11T18:10:16","date_gmt":"2016-04-11T16:10:16","guid":{"rendered":"http:\/\/klubmamgdynia.pl\/index.php\/produkt\/11555\/"},"modified":"2026-05-17T22:32:15","modified_gmt":"2026-05-17T20:32:15","slug":"11555","status":"publish","type":"product","link":"http:\/\/klubmamgdynia.pl\/index.php\/produkt\/11555\/","title":{"rendered":""},"content":{"rendered":"<h2> <\/h2>\n<p>bajka krecik, proste dekoracje bo\u017conarodzeniowe dla dzieci, iwo imi\u0119, kolorowanka sky, zagadki dla dzieci 10-12 lat, prezent dla 14 latki, szlaczki literopodobne do wydruku, jak zrobi\u0107 wulkan, jasmin imie<\/p>\n<p>yyyyy<\/p>\n<p>&nbsp;<\/p>\n","protected":false},"excerpt":{"rendered":"<p>bajka krecik, proste dekoracje bo\u017conarodzeniowe dla dzieci, iwo imi\u0119, kolorowanka sky, zagadki dla dzieci 10-12 lat, prezent dla 14 latki, szlaczki literopodobne do wydruku, jak zrobi\u0107 wulkan, jasmin imie yyyyy &nbsp;<\/p>\n","protected":false},"featured_media":0,"comment_status":"closed","ping_status":"open","template":"","meta":[],"product_cat":[],"product_tag":[838,806,770,577],"class_list":["post-11555","product","type-product","status-publish","hentry","product_tag-bajki-dla-dzieci-na-dobranoc","product_tag-prezent-dla-dziecka-na-roczek","product_tag-samolot-z-papieru","product_tag-znaki-drogowe-test"],"_links":{"self":[{"href":"http:\/\/klubmamgdynia.pl\/index.php\/wp-json\/wp\/v2\/product\/11555","targetHints":{"allow":["GET"]}}],"collection":[{"href":"http:\/\/klubmamgdynia.pl\/index.php\/wp-json\/wp\/v2\/product"}],"about":[{"href":"http:\/\/klubmamgdynia.pl\/index.php\/wp-json\/wp\/v2\/types\/product"}],"replies":[{"embeddable":true,"href":"http:\/\/klubmamgdynia.pl\/index.php\/wp-json\/wp\/v2\/comments?post=11555"}],"wp:attachment":[{"href":"http:\/\/klubmamgdynia.pl\/index.php\/wp-json\/wp\/v2\/media?parent=11555"}],"wp:term":[{"taxonomy":"product_cat","embeddable":true,"href":"http:\/\/klubmamgdynia.pl\/index.php\/wp-json\/wp\/v2\/product_cat?post=11555"},{"taxonomy":"product_tag","embeddable":true,"href":"http:\/\/klubmamgdynia.pl\/index.php\/wp-json\/wp\/v2\/product_tag?post=11555"}],"curies":[{"name":"wp","href":"https:\/\/api.w.org\/{rel}","templated":true}]}}