{"id":11556,"date":"2018-04-16T14:10:38","date_gmt":"2018-04-16T12:10:38","guid":{"rendered":"http:\/\/klubmamgdynia.pl\/index.php\/produkt\/dzieki-czemu-jest-niezwykle-mocny-i-wytrzymaly-przeznaczony-jest-dla-dzieci-o-maksymalnym-obciazenie-wynosi-40-kg-najwazniejsze-cechy-i-zaletymocny-silnik-45wwytrzymaly-akumulator-6vstabilna-i-wytr\/"},"modified":"2026-04-30T18:36:10","modified_gmt":"2026-04-30T16:36:10","slug":"dzieki-czemu-jest-niezwykle-mocny-i-wytrzymaly-przeznaczony-jest-dla-dzieci-o-maksymalnym-obciazenie-wynosi-40-kg-najwazniejsze-cechy-i-zaletymocny-silnik-45wwytrzymaly-akumulator-6vstabilna-i-wytr","status":"publish","type":"product","link":"http:\/\/klubmamgdynia.pl\/index.php\/produkt\/dzieki-czemu-jest-niezwykle-mocny-i-wytrzymaly-przeznaczony-jest-dla-dzieci-o-maksymalnym-obciazenie-wynosi-40-kg-najwazniejsze-cechy-i-zaletymocny-silnik-45wwytrzymaly-akumulator-6vstabilna-i-wytr\/","title":{"rendered":"dzi\u0119ki czemu jest niezwykle mocny i wytrzyma\u0142y. Przeznaczony jest dla dzieci o maksymalnym obci\u0105\u017cenie wynosi 40 kg. Najwa\u017cniejsze cechy i zalety:Mocny silnik 45WWytrzyma\u0142y akumulator 6VStabilna i wytrzyma\u0142a konstrukcjaPeda\u0142 gazuAutomatyczne hamowanie (po zwolnieniu peda\u0142u gazu)1 biego do przodu i 1 do ty\u0142uKo\u0142a otoczone zosta\u0142y opask\u0105 gumow\u0105"},"content":{"rendered":"<h2>dzi\u0119ki czemu jest niezwykle mocny i wytrzyma\u0142y. Przeznaczony jest dla dzieci o maksymalnym obci\u0105\u017cenie wynosi 40 kg. Najwa\u017cniejsze cechy i zalety:Mocny silnik 45WWytrzyma\u0142y akumulator 6VStabilna i wytrzyma\u0142a konstrukcjaPeda\u0142 gazuAutomatyczne hamowanie (po zwolnieniu peda\u0142u gazu)1 biego do przodu i 1 do ty\u0142uKo\u0142a otoczone zosta\u0142y opask\u0105 gumow\u0105 <\/h2>\n<p>adriana znaczenie imienia, znajd\u017a r\u00f3\u017cnice do druku, bajki dla niemowl\u0105t, zagadki walentynkowe, auto kolorowanka, test z tajemniczego ogrodu, kolorowanki do druku dla ch\u0142opc\u00f3w, prezenty na roczek dla ch\u0142opca, wzruszajace cytaty o rodzinie<\/p>\n<p>yyyyy<\/p>\n<p>&nbsp;<\/p>\n","protected":false},"excerpt":{"rendered":"<p>dzi\u0119ki czemu jest niezwykle mocny i wytrzyma\u0142y. Przeznaczony jest dla dzieci o maksymalnym obci\u0105\u017cenie wynosi 40 kg. Najwa\u017cniejsze cechy i zalety:Mocny silnik 45WWytrzyma\u0142y akumulator 6VStabilna i wytrzyma\u0142a konstrukcjaPeda\u0142 gazuAutomatyczne hamowanie (po zwolnieniu peda\u0142u gazu)1 biego do przodu i 1 do ty\u0142uKo\u0142a otoczone zosta\u0142y opask\u0105 gumow\u0105 adriana znaczenie imienia, znajd\u017a r\u00f3\u017cnice do druku, bajki dla niemowl\u0105t, [&hellip;]<\/p>\n","protected":false},"featured_media":0,"comment_status":"closed","ping_status":"open","template":"","meta":[],"product_cat":[],"product_tag":[622,593,797,806,746],"class_list":["post-11556","product","type-product","status-publish","hentry","product_tag-fajne-zagadki","product_tag-jak-narysowac-konia","product_tag-kiekrz","product_tag-prezent-dla-dziecka-na-roczek","product_tag-zagadki-typu-co-to-jest"],"_links":{"self":[{"href":"http:\/\/klubmamgdynia.pl\/index.php\/wp-json\/wp\/v2\/product\/11556","targetHints":{"allow":["GET"]}}],"collection":[{"href":"http:\/\/klubmamgdynia.pl\/index.php\/wp-json\/wp\/v2\/product"}],"about":[{"href":"http:\/\/klubmamgdynia.pl\/index.php\/wp-json\/wp\/v2\/types\/product"}],"replies":[{"embeddable":true,"href":"http:\/\/klubmamgdynia.pl\/index.php\/wp-json\/wp\/v2\/comments?post=11556"}],"wp:attachment":[{"href":"http:\/\/klubmamgdynia.pl\/index.php\/wp-json\/wp\/v2\/media?parent=11556"}],"wp:term":[{"taxonomy":"product_cat","embeddable":true,"href":"http:\/\/klubmamgdynia.pl\/index.php\/wp-json\/wp\/v2\/product_cat?post=11556"},{"taxonomy":"product_tag","embeddable":true,"href":"http:\/\/klubmamgdynia.pl\/index.php\/wp-json\/wp\/v2\/product_tag?post=11556"}],"curies":[{"name":"wp","href":"https:\/\/api.w.org\/{rel}","templated":true}]}}