{"id":11557,"date":"2021-01-28T00:08:11","date_gmt":"2021-01-27T23:08:11","guid":{"rendered":"http:\/\/klubmamgdynia.pl\/index.php\/produkt\/11557\/"},"modified":"2026-05-17T20:52:34","modified_gmt":"2026-05-17T18:52:34","slug":"11557","status":"publish","type":"product","link":"http:\/\/klubmamgdynia.pl\/index.php\/produkt\/11557\/","title":{"rendered":""},"content":{"rendered":"<h2> <\/h2>\n<p>w\u0119gierska g\u00f3rka, imi\u0119 adriana, quiz opowie\u015bci z narnii lew czarownica i stara szafa, izabela imie, mega trudne zagadki logiczne, co na roczek, test narnia lew czarownica i stara szafa, w uk\u0142adzie s\u0142onecznym tekst, zagadki dla 9 latk\u00f3w, audiobooki dla dzieci za darmo, dyplomy dla przedszkolak\u00f3w do wydrukowania, kolorowanki do druku dla doros\u0142ych, co kupi\u0107 dziewczynce na roczek, szablon zaproszenia na urodziny do wydruku czarno bia\u0142e<\/p>\n<p>yyyyy<\/p>\n<p>&nbsp;<\/p>\n","protected":false},"excerpt":{"rendered":"<p>w\u0119gierska g\u00f3rka, imi\u0119 adriana, quiz opowie\u015bci z narnii lew czarownica i stara szafa, izabela imie, mega trudne zagadki logiczne, co na roczek, test narnia lew czarownica i stara szafa, w uk\u0142adzie s\u0142onecznym tekst, zagadki dla 9 latk\u00f3w, audiobooki dla dzieci za darmo, dyplomy dla przedszkolak\u00f3w do wydrukowania, kolorowanki do druku dla doros\u0142ych, co kupi\u0107 dziewczynce [&hellip;]<\/p>\n","protected":false},"featured_media":0,"comment_status":"closed","ping_status":"open","template":"","meta":[],"product_cat":[],"product_tag":[662,637,594,586],"class_list":["post-11557","product","type-product","status-publish","hentry","product_tag-bajki-na-dobranoc","product_tag-niech-zyja-wakacje-tekst","product_tag-podchwytliwe-zagadki-dla-dzieci","product_tag-smieszne-zagadki"],"_links":{"self":[{"href":"http:\/\/klubmamgdynia.pl\/index.php\/wp-json\/wp\/v2\/product\/11557","targetHints":{"allow":["GET"]}}],"collection":[{"href":"http:\/\/klubmamgdynia.pl\/index.php\/wp-json\/wp\/v2\/product"}],"about":[{"href":"http:\/\/klubmamgdynia.pl\/index.php\/wp-json\/wp\/v2\/types\/product"}],"replies":[{"embeddable":true,"href":"http:\/\/klubmamgdynia.pl\/index.php\/wp-json\/wp\/v2\/comments?post=11557"}],"wp:attachment":[{"href":"http:\/\/klubmamgdynia.pl\/index.php\/wp-json\/wp\/v2\/media?parent=11557"}],"wp:term":[{"taxonomy":"product_cat","embeddable":true,"href":"http:\/\/klubmamgdynia.pl\/index.php\/wp-json\/wp\/v2\/product_cat?post=11557"},{"taxonomy":"product_tag","embeddable":true,"href":"http:\/\/klubmamgdynia.pl\/index.php\/wp-json\/wp\/v2\/product_tag?post=11557"}],"curies":[{"name":"wp","href":"https:\/\/api.w.org\/{rel}","templated":true}]}}